{"id":18986,"date":"2021-11-18T17:05:12","date_gmt":"2021-11-18T14:05:12","guid":{"rendered":"http:\/\/searchandrescuetr.com\/?page_id=18986"},"modified":"2021-11-19T11:17:01","modified_gmt":"2021-11-19T08:17:01","slug":"outdoor-ve-spor","status":"publish","type":"page","link":"https:\/\/searchandrescuetr.com\/?page_id=18986","title":{"rendered":"Outdoor ve Spor"},"content":{"rendered":"\t\t<div data-elementor-type=\"wp-page\" data-elementor-id=\"18986\" class=\"elementor elementor-18986\">\n\t\t\t\t\t\t<section class=\"elementor-section elementor-top-section elementor-element elementor-element-9f45480 elementor-section-boxed elementor-section-height-default elementor-section-height-default\" data-id=\"9f45480\" data-element_type=\"section\" data-e-type=\"section\">\r\n\t\t\r\n\t\t\t\t\t\t\t<div class=\"elementor-container elementor-column-gap-default\">\r\n\t\t\t\t\t\t\t\t\t\t\t<div class=\"elementor-column elementor-col-100 elementor-top-column elementor-element elementor-element-0f835f8\" data-id=\"0f835f8\" data-element_type=\"column\" data-e-type=\"column\">\r\n\t\t\t\t\t<div class=\"elementor-widget-wrap\">\r\n\t\t\t\t\t\t\t\t\t<\/div>\r\n\t\t\t\t<\/div>\r\n\t\t\t\t\t<\/div>\r\n\t\t\t\t<\/section>\r\n\t\t\t\t<\/div>\n\t\t","protected":false},"excerpt":{"rendered":"<p>Sepete EkleH\u0131zl\u0131 Bak\u0131\u015f Coghlans 11 Fonksiyonlu \u00c7ak\u0131 0 5 \u00fczerinden \u20ac&nbsp;10.593,00 +KDV Sepete EkleH\u0131zl\u0131 Bak\u0131\u015f Coghlans 12 Fonksiyonlu Makas 0 5 \u00fczerinden \u20ac&nbsp;6.694,00 +KDV Sepete EkleH\u0131zl\u0131 Bak\u0131\u015f Coghlans 12li Yumurta Ta\u015f\u0131ma Kab\u0131 0 5 \u00fczerinden \u20ac&nbsp;6.652,00 +KDV Sepete EkleH\u0131zl\u0131 Bak\u0131\u015f Coghlans 14 Fonksiyonlu \u00c7ak\u0131 0 5 \u00fczerinden \u20ac&nbsp;11.864,00 +KDV Sepete EkleH\u0131zl\u0131 Bak\u0131\u015f Coghlans 2li Karabina [&hellip;]<\/p>\n","protected":false},"author":1,"featured_media":0,"parent":0,"menu_order":0,"comment_status":"closed","ping_status":"closed","template":"elementor_theme","meta":{"footnotes":""},"class_list":["post-18986","page","type-page","status-publish","hentry"],"_links":{"self":[{"href":"https:\/\/searchandrescuetr.com\/index.php?rest_route=\/wp\/v2\/pages\/18986","targetHints":{"allow":["GET"]}}],"collection":[{"href":"https:\/\/searchandrescuetr.com\/index.php?rest_route=\/wp\/v2\/pages"}],"about":[{"href":"https:\/\/searchandrescuetr.com\/index.php?rest_route=\/wp\/v2\/types\/page"}],"author":[{"embeddable":true,"href":"https:\/\/searchandrescuetr.com\/index.php?rest_route=\/wp\/v2\/users\/1"}],"replies":[{"embeddable":true,"href":"https:\/\/searchandrescuetr.com\/index.php?rest_route=%2Fwp%2Fv2%2Fcomments&post=18986"}],"version-history":[{"count":19,"href":"https:\/\/searchandrescuetr.com\/index.php?rest_route=\/wp\/v2\/pages\/18986\/revisions"}],"predecessor-version":[{"id":19067,"href":"https:\/\/searchandrescuetr.com\/index.php?rest_route=\/wp\/v2\/pages\/18986\/revisions\/19067"}],"wp:attachment":[{"href":"https:\/\/searchandrescuetr.com\/index.php?rest_route=%2Fwp%2Fv2%2Fmedia&parent=18986"}],"curies":[{"name":"wp","href":"https:\/\/api.w.org\/{rel}","templated":true}]}}