{"id":44470,"date":"2023-01-07T11:17:54","date_gmt":"2023-01-07T08:17:54","guid":{"rendered":"http:\/\/searchandrescuetr.com\/?page_id=44470"},"modified":"2023-01-07T11:17:54","modified_gmt":"2023-01-07T08:17:54","slug":"yapim-asamasinda","status":"publish","type":"page","link":"https:\/\/searchandrescuetr.com\/?page_id=44470","title":{"rendered":"Yap\u0131m a\u015famas\u0131nda&#8230;"},"content":{"rendered":"<p>Bu kategori alt\u0131nda ilgilendi\u011finiz \u00fcr\u00fcnler l\u00fctfen m\u00fc\u015fteri temsilcimiz ile g\u00f6r\u00fc\u015f\u00fcn: <a href=\"tel:02244415770\"><strong>0224 441 57 70<\/strong><\/a><\/p>\n<p>\u00dcr\u00fcnler k\u0131sa s\u00fcre i\u00e7erisinde y\u00fcklenecektir.<\/p>\n","protected":false},"excerpt":{"rendered":"<p>Bu kategori alt\u0131nda ilgilendi\u011finiz \u00fcr\u00fcnler l\u00fctfen m\u00fc\u015fteri temsilcimiz ile g\u00f6r\u00fc\u015f\u00fcn: 0224 441 57 70 \u00dcr\u00fcnler k\u0131sa s\u00fcre i\u00e7erisinde y\u00fcklenecektir.<\/p>\n","protected":false},"author":1,"featured_media":0,"parent":0,"menu_order":0,"comment_status":"closed","ping_status":"closed","template":"","meta":{"footnotes":""},"class_list":["post-44470","page","type-page","status-publish","hentry"],"_links":{"self":[{"href":"https:\/\/searchandrescuetr.com\/index.php?rest_route=\/wp\/v2\/pages\/44470","targetHints":{"allow":["GET"]}}],"collection":[{"href":"https:\/\/searchandrescuetr.com\/index.php?rest_route=\/wp\/v2\/pages"}],"about":[{"href":"https:\/\/searchandrescuetr.com\/index.php?rest_route=\/wp\/v2\/types\/page"}],"author":[{"embeddable":true,"href":"https:\/\/searchandrescuetr.com\/index.php?rest_route=\/wp\/v2\/users\/1"}],"replies":[{"embeddable":true,"href":"https:\/\/searchandrescuetr.com\/index.php?rest_route=%2Fwp%2Fv2%2Fcomments&post=44470"}],"version-history":[{"count":1,"href":"https:\/\/searchandrescuetr.com\/index.php?rest_route=\/wp\/v2\/pages\/44470\/revisions"}],"predecessor-version":[{"id":44472,"href":"https:\/\/searchandrescuetr.com\/index.php?rest_route=\/wp\/v2\/pages\/44470\/revisions\/44472"}],"wp:attachment":[{"href":"https:\/\/searchandrescuetr.com\/index.php?rest_route=%2Fwp%2Fv2%2Fmedia&parent=44470"}],"curies":[{"name":"wp","href":"https:\/\/api.w.org\/{rel}","templated":true}]}}