{"id":18098,"date":"2022-09-05T11:25:54","date_gmt":"2022-09-05T08:25:54","guid":{"rendered":"http:\/\/searchandrescuetr.com\/urun\/ferrino-3-kapli-yemek-termosu\/"},"modified":"2022-09-05T11:25:54","modified_gmt":"2022-09-05T08:25:54","slug":"ferrino-3-kapli-yemek-termosu","status":"publish","type":"product","link":"https:\/\/searchandrescuetr.com\/?product=ferrino-3-kapli-yemek-termosu","title":{"rendered":"Ferrino 3 Kapl\u0131 Yemek Termosu"},"content":{"rendered":"<p><span style=\"vertical-align: inherit;\"><span style=\"vertical-align: inherit;\"><\/span><\/span><\/p>\n","protected":false},"excerpt":{"rendered":"<p><span style=\"font-family: arial, helvetica, sans-serif; font-size: 10pt;\">3 B\u00f6lmeli D\u0131\u015f K\u0131sm\u0131 \u00c7elik Yemek Termosu<\/span><\/p>\n<p><span style=\"font-family: arial, helvetica, sans-serif; font-size: 10pt;\">Termosun i\u00e7ine 1000C s\u0131cakl\u0131kta yemek konuldu\u011fu d\u00fc\u015f\u00fcn\u00fcl\u00fcrse \u0131s\u0131 kayb\u0131 7 saat sonra 500C\u2019ye 20 saat sonra ise 300C\u2019ye d\u00fc\u015fmektedir.<\/span><\/p>\n<p>Termos i\u00e7indeki kaplar micro dalga f\u0131r\u0131nda kullan\u0131labilinir.<\/p>\n<ul>\n<li><span style=\"font-family: arial, helvetica, sans-serif; font-size: 10pt;\"><strong>A\u011f\u0131rl\u0131k:<\/strong> 1120 gr.<\/span><\/li>\n<li><span style=\"font-family: arial, helvetica, sans-serif; font-size: 10pt;\"><strong>Kapasite:<\/strong> 1,50 lt<\/span><\/li>\n<li><span style=\"font-family: arial, helvetica, sans-serif; font-size: 10pt;\"><strong>\u00d6l\u00e7\u00fcleri:&nbsp;<\/strong>22,5 x 13 cm<\/span><\/li>\n<li><span style=\"font-family: arial, helvetica, sans-serif; font-size: 10pt;\">Ask\u0131l\u0131 ta\u015f\u0131ma k\u0131l\u0131f\u0131 ile birlikte<\/span><\/li>\n<\/ul>\n","protected":false},"featured_media":31016,"template":"","meta":[],"product_brand":[],"product_cat":[720,1062,721,1063,723],"product_tag":[725],"class_list":{"0":"post-18098","1":"product","2":"type-product","3":"status-publish","4":"has-post-thumbnail","6":"product_cat-kamp-ve-seyahat","7":"product_cat-sise-ve-su-torbalari","8":"product_cat-termos","9":"product_cat-yemek-termoslari-sise-ve-su-torbalari-kamp-ve-seyahat","10":"product_cat-yemek-termoslari","11":"product_tag-ferrino","13":"first","14":"instock","15":"taxable","16":"shipping-taxable","17":"product-type-simple"},"_links":{"self":[{"href":"https:\/\/searchandrescuetr.com\/index.php?rest_route=\/wp\/v2\/product\/18098","targetHints":{"allow":["GET"]}}],"collection":[{"href":"https:\/\/searchandrescuetr.com\/index.php?rest_route=\/wp\/v2\/product"}],"about":[{"href":"https:\/\/searchandrescuetr.com\/index.php?rest_route=\/wp\/v2\/types\/product"}],"wp:featuredmedia":[{"embeddable":true,"href":"https:\/\/searchandrescuetr.com\/index.php?rest_route=\/wp\/v2\/media\/31016"}],"wp:attachment":[{"href":"https:\/\/searchandrescuetr.com\/index.php?rest_route=%2Fwp%2Fv2%2Fmedia&parent=18098"}],"wp:term":[{"taxonomy":"product_brand","embeddable":true,"href":"https:\/\/searchandrescuetr.com\/index.php?rest_route=%2Fwp%2Fv2%2Fproduct_brand&post=18098"},{"taxonomy":"product_cat","embeddable":true,"href":"https:\/\/searchandrescuetr.com\/index.php?rest_route=%2Fwp%2Fv2%2Fproduct_cat&post=18098"},{"taxonomy":"product_tag","embeddable":true,"href":"https:\/\/searchandrescuetr.com\/index.php?rest_route=%2Fwp%2Fv2%2Fproduct_tag&post=18098"}],"curies":[{"name":"wp","href":"https:\/\/api.w.org\/{rel}","templated":true}]}}