{"id":18099,"date":"2022-09-05T13:00:03","date_gmt":"2022-09-05T10:00:03","guid":{"rendered":"http:\/\/searchandrescuetr.com\/urun\/bestard-spiderweb-lady\/"},"modified":"2022-09-05T13:06:22","modified_gmt":"2022-09-05T10:06:22","slug":"patagonia-cap-3-bottoms","status":"publish","type":"product","link":"https:\/\/searchandrescuetr.com\/?product=patagonia-cap-3-bottoms","title":{"rendered":"Patagonia Cap 3 Bottoms"},"content":{"rendered":"<p><span style=\"vertical-align: inherit;\"><span style=\"vertical-align: inherit;\"><\/span><\/span><\/p>\n","protected":false},"excerpt":{"rendered":"<p style=\"border: 0px; outline: 0px; font-size: 14px; margin: 0px; padding: 0px; color: rgb(95, 95, 95); font-family: \" open=\"\" sans\",=\"\" sans-serif;\"=\"\"><strong style=\"border: 0px; outline: 0px; margin: 0px; padding: 0px;\">Evolite Vista \u201312\u00b0C K\u0131\u015fl\u0131k Termal \u00c7orap<\/strong><\/p>\n<p style=\"border: 0px; outline: 0px; font-size: 14px; margin: 0px; padding: 0px; color: rgb(95, 95, 95); font-family: \" open=\"\" sans\",=\"\" sans-serif;\"=\"\">Thermolite teknoloji ile \u00fcretilen <span style=\"font-weight: bold;\">evolite<\/span> \u00e7oraplar hem hafif hemde \u015f\u0131k deseniyle aya\u011f\u0131n\u0131z\u0131 terletmez nefes al\u0131r s\u0131cak tutar ve g\u00fcn boyu rahat etmenizi sa\u011flar .<\/p>\n<p style=\"border: 0px; outline: 0px; font-size: 14px; margin: 0px; padding: 0px; color: rgb(95, 95, 95); font-family: \" open=\"\" sans\",=\"\" sans-serif;\"=\"\">Da\u011fc\u0131l\u0131k, Trekking, Kayak faaliyetlerinde oldu\u011fu gibi, her g\u00fcn \u015fehirde bile giyebilece\u011finiz konfora sahip m\u00fckemmel bir \u00e7orapt\u0131r.<\/p>\n<ul style=\"border: 0px; outline: 0px; font-size: 14px; margin: 0px 1.5em 1.5em 0px; padding: 0px 0px 0px 2em; list-style-position: initial; list-style-image: initial; color: rgb(95, 95, 95); font-family: \" open=\"\" sans\",=\"\" sans-serif;\"=\"\">\n<li style=\"border: 0px; outline: 0px; margin: 5px 0px 5px 10px; padding: 0px; list-style-type: disc;\">Gore-Tex&#8217;in \u00fcreticisi taraf\u0131ndan tavsiye edilen modeldir.<\/li>\n<li style=\"border: 0px; outline: 0px; margin: 5px 0px 5px 10px; padding: 0px; list-style-type: disc;\">Ayakkab\u0131n\u0131n aya\u011f\u0131n\u0131za bask\u0131 yapaca\u011f\u0131 yerleri destekli \u00fcretildi\u011finden ayakkab\u0131n\u0131z\u0131 daha konforlu kullanman\u0131z\u0131 sa\u011flar.<\/li>\n<li style=\"border: 0px; outline: 0px; margin: 5px 0px 5px 10px; padding: 0px; list-style-type: disc;\">Ayakkab\u0131n\u0131n bask\u0131s\u0131ndan ayaklar\u0131n\u0131z\u0131 korur, teri emip h\u0131zl\u0131 bir \u015fekilde d\u0131\u015f ortama at\u0131lmas\u0131na yard\u0131mc\u0131 olur, \u0131sland\u0131\u011f\u0131nda&nbsp;<strong style=\"border: 0px; outline: 0px; margin: 0px; padding: 0px;\">Thermolite<\/strong>&nbsp;\u00f6zelli\u011fi sayesinde \u00e7ok h\u0131zl\u0131 kuruyarak ayaklar\u0131n\u0131z\u0131n zarar g\u00f6rmesini engeller.<\/li>\n<li style=\"border: 0px; outline: 0px; margin: 5px 0px 5px 10px; padding: 0px; list-style-type: disc;\">%30 Merino Wool<\/li>\n<li style=\"border: 0px; outline: 0px; margin: 5px 0px 5px 10px; padding: 0px; list-style-type: disc;\">%50 Polyacrylic<\/li>\n<li style=\"border: 0px; outline: 0px; margin: 5px 0px 5px 10px; padding: 0px; list-style-type: disc;\">%17 Polyester<\/li>\n<li style=\"border: 0px; outline: 0px; margin: 5px 0px 5px 10px; padding: 0px; list-style-type: disc;\">%3 Elastane<\/li>\n<\/ul>\n","protected":false},"featured_media":36106,"template":"","meta":[],"product_brand":[],"product_cat":[887,871,837],"product_tag":[151],"class_list":{"0":"post-18099","1":"product","2":"type-product","3":"status-publish","4":"has-post-thumbnail","6":"product_cat-coraplar","7":"product_cat-diger-giysiler-aksesuarlar","8":"product_cat-giysiler","9":"product_tag-evolite","10":"pa_beden-10-yas","11":"pa_beden-100-110","12":"pa_beden-1206","13":"pa_beden-105-115","14":"pa_beden-1208","15":"pa_beden-110-120","16":"pa_beden-1210","17":"pa_beden-115-125","18":"pa_beden-12-yas","19":"pa_beden-1212","20":"pa_beden-1515","21":"pa_beden-1273","22":"pa_beden-1517","23":"pa_beden-35-38","24":"pa_beden-1254","25":"pa_beden-1256","26":"pa_beden-1258","27":"pa_beden-1260","28":"pa_beden-39-42","29":"pa_beden-1266","30":"pa_beden-1267","31":"pa_beden-1269","32":"pa_beden-1271","33":"pa_beden-43-46","34":"pa_beden-1265","35":"pa_beden-1262","36":"pa_beden-1264","37":"pa_beden-1383","38":"pa_beden-1385","39":"pa_beden-4xl","40":"pa_beden-6-yas","41":"pa_beden-8-yas","42":"pa_beden-a-yesil","43":"pa_beden-acik-gri","44":"pa_beden-acik-kahve","45":"pa_beden-acik-mavi","46":"pa_beden-antrasit","47":"pa_beden-bej","48":"pa_beden-beyaz","49":"pa_beden-bordo","50":"pa_beden-buz-mavi","51":"pa_beden-camel","52":"pa_beden-eur-28","53":"pa_beden-eur-29","54":"pa_beden-eur-30","55":"pa_beden-eur-31","56":"pa_beden-eur-32","57":"pa_beden-eur-33","58":"pa_beden-eur-34","59":"pa_beden-eur-35","60":"pa_beden-eur-36","61":"pa_beden-eur-37","62":"pa_beden-eur-38","63":"pa_beden-eur-39","64":"pa_beden-eur-40","65":"pa_beden-eur-41","66":"pa_beden-eur-42","67":"pa_beden-eur-43","68":"pa_beden-eur-44","69":"pa_beden-eur-45","70":"pa_beden-eur-46","71":"pa_beden-eur-47","72":"pa_beden-f-yesil","73":"pa_beden-fume","74":"pa_beden-fusya","75":"pa_beden-fusya-siyah","76":"pa_beden-fusya-turuncu","77":"pa_beden-fusya-turuncu-pembe","78":"pa_beden-gri","79":"pa_beden-gri-beyaz","80":"pa_beden-gri-lacivert","81":"pa_beden-gri-siyah","82":"pa_beden-gumus","83":"pa_beden-haki","84":"pa_beden-hardal","85":"pa_beden-hardal-pembe","86":"pa_beden-indigo","87":"pa_beden-junior","88":"pa_beden-kahve-gri","89":"pa_beden-kahve-siyah","90":"pa_beden-kahverengi","91":"pa_beden-kiremit","92":"pa_beden-kirmizi","93":"pa_beden-kirmizi-kareli","94":"pa_beden-kirmizi_siyah","95":"pa_beden-kirmizi-kahve","96":"pa_beden-kirmizi-siyah","97":"pa_beden-koyu-yesil","98":"pa_beden-krem","99":"pa_beden-kum-rengi","100":"pa_beden-l","101":"pa_beden-l-41-45","102":"pa_beden-l-xl","103":"pa_beden-l-sari-mavi","104":"pa_beden-l-sari-yesil","105":"pa_beden-lacivert","106":"pa_beden-lacivert-kareli","107":"pa_beden-lacivert-gri","108":"pa_beden-lacivert-krem","109":"pa_beden-lacivert-mavi","110":"pa_beden-lacivert-turkuaz","111":"pa_beden-lacivert-yesil","112":"pa_beden-large","113":"pa_beden-latte-krem","114":"pa_beden-m","115":"pa_beden-m-36-40","116":"pa_beden-m-l","117":"pa_beden-mavi","118":"pa_beden-mavi-kareli","119":"pa_beden-mavi_fusya","120":"pa_beden-mavi_siyah","121":"pa_beden-mavi-beyaz","122":"pa_beden-mavi-fusya","123":"pa_beden-mavi-gri","124":"pa_beden-mavi-gri-fusya-turuncu","125":"pa_beden-mavi-gri-pembe-hardal","126":"pa_beden-mavi-lacivert","127":"pa_beden-mavi-sari","128":"pa_beden-mavi-sari-yesil-fusya","129":"pa_beden-mavi-siyah","130":"pa_beden-medium","131":"pa_beden-metalik","132":"pa_beden-metalik-pembe","133":"pa_beden-mor","134":"pa_beden-mor-hardal","135":"pa_beden-mor-krem","136":"pa_beden-mor-sari","137":"pa_beden-nar-cicegi","138":"pa_beden-pembe","139":"pa_beden-pembe-beyaz","140":"pa_beden-petrol-mavi","141":"pa_beden-reef-mavi","142":"pa_beden-s","143":"pa_beden-s-31-35","144":"pa_beden-s-m","145":"pa_beden-s-fusya-fusya-s-turuncu-turuncu","146":"pa_beden-s-yesil-sari-s-mavi-mavi","147":"pa_beden-sag","148":"pa_beden-sari","149":"pa_beden-sari-mavi-fusya","150":"pa_beden-sari-siyah-yesil-turuncu","151":"pa_beden-siyah","152":"pa_beden-siyah-fume","153":"pa_beden-siyah-gri","154":"pa_beden-siyah-kareli","155":"pa_beden-siyah-kirmizi","156":"pa_beden-siyah-mavi","157":"pa_beden-siyah-mavi-hardal-fusya","158":"pa_beden-siyah-mor","159":"pa_beden-siyah-turuncu","160":"pa_beden-siyah-yesil","161":"pa_beden-sol","162":"pa_beden-su-yesili","163":"pa_beden-tas-rengi","164":"pa_beden-turkuaz","165":"pa_beden-turkuaz-fusya-sari","166":"pa_beden-turkuaz-mavi-sari","167":"pa_beden-turuncu","168":"pa_beden-turuncu_siyah","169":"pa_beden-turuncu-siyah","170":"pa_beden-uk-10-eur-44","171":"pa_beden-uk-10-eur-45","172":"pa_beden-uk-11-eur-46","174":"pa_beden-uk-12-eur-47","175":"pa_beden-uk-12eur-47-3-4","176":"pa_beden-uk-13eur-48","177":"pa_beden-uk-3eur-35","178":"pa_beden-uk-3eur-36-1-4","179":"pa_beden-uk-4-eur-37","181":"pa_beden-uk-5-eur-38","182":"pa_beden-uk-5eur-38-3-4","183":"pa_beden-uk-6-eur-39","184":"pa_beden-uk-6-eur-40","185":"pa_beden-uk-7-eur-40-3-4","186":"pa_beden-uk-7-eur-41","187":"pa_beden-uk-8-eur-42","189":"pa_beden-uk-9-eur-43-1-4","190":"pa_beden-uk-9-eur-44","191":"pa_beden-xl","192":"pa_beden-xl-46-48","193":"pa_beden-xl-2xl","194":"pa_beden-xs","195":"pa_beden-xxl","196":"pa_beden-xxs","197":"pa_beden-xxxl","198":"pa_beden-yesil","199":"pa_beden-yesil-fistik-yesili","200":"pa_beden-yesil-haki","201":"pa_beden-yesil-beyaz","202":"pa_beden-yesil-gri","203":"pa_beden-yesil-sari","204":"pa_beden-yesil-siyah","205":"pa_beden-yesil-siyah-truncu","206":"pa_beden-yesil-mavi","207":"pa_numara-10-yas","208":"pa_numara-100-110","209":"pa_numara-1204","210":"pa_numara-105-115","211":"pa_numara-1207","212":"pa_numara-110-120","213":"pa_numara-1209","214":"pa_numara-115-125","215":"pa_numara-12-yas","216":"pa_numara-1211","217":"pa_numara-1514","218":"pa_numara-1272","219":"pa_numara-1516","220":"pa_numara-35-38","221":"pa_numara-361","222":"pa_numara-1255","223":"pa_numara-1257","224":"pa_numara-1259","225":"pa_numara-39-42","226":"pa_numara-456","227":"pa_numara-447","228":"pa_numara-1268","229":"pa_numara-1270","230":"pa_numara-43-46","231":"pa_numara-719","232":"pa_numara-1261","233":"pa_numara-1263","234":"pa_numara-1382","235":"pa_numara-1384","236":"pa_numara-4xl","237":"pa_numara-6-yas","238":"pa_numara-8-yas","239":"pa_numara-a-yesil","240":"pa_numara-acik-gri","241":"pa_numara-acik-kahve","242":"pa_numara-acik-mavi","243":"pa_numara-antrasit","244":"pa_numara-bej","245":"pa_numara-beyaz","246":"pa_numara-bordo","247":"pa_numara-buz-mavi","248":"pa_numara-camel","249":"pa_numara-eur-28","250":"pa_numara-eur-29","251":"pa_numara-eur-30","252":"pa_numara-eur-31","253":"pa_numara-eur-32","254":"pa_numara-eur-33","255":"pa_numara-eur-34","256":"pa_numara-eur-35","257":"pa_numara-eur-36","258":"pa_numara-eur-37","259":"pa_numara-eur-38","260":"pa_numara-eur-39","261":"pa_numara-eur-40","262":"pa_numara-eur-41","263":"pa_numara-eur-42","264":"pa_numara-eur-43","265":"pa_numara-eur-44","266":"pa_numara-eur-45","267":"pa_numara-eur-46","268":"pa_numara-eur-47","269":"pa_numara-f-yesil","270":"pa_numara-fume","271":"pa_numara-fusya","272":"pa_numara-fusya-siyah","273":"pa_numara-fusya-turuncu","274":"pa_numara-fusya-turuncu-pembe","275":"pa_numara-gri","276":"pa_numara-gri-beyaz","277":"pa_numara-gri-lacivert","278":"pa_numara-gri-siyah","279":"pa_numara-gumus","280":"pa_numara-haki","281":"pa_numara-hardal","282":"pa_numara-hardal-pembe","283":"pa_numara-indigo","284":"pa_numara-junior","285":"pa_numara-kahve-gri","286":"pa_numara-kahve-siyah","287":"pa_numara-kahverengi","288":"pa_numara-kiremit","289":"pa_numara-kirmizi","290":"pa_numara-kirmizi-kareli","291":"pa_numara-kirmizi_siyah","292":"pa_numara-kirmizi-kahve","293":"pa_numara-kirmizi-siyah","294":"pa_numara-koyu-yesil","295":"pa_numara-krem","296":"pa_numara-kum-rengi","297":"pa_numara-l","298":"pa_numara-l-41-45","299":"pa_numara-l-xl","300":"pa_numara-l-sari-mavi","301":"pa_numara-l-sari-yesil","302":"pa_numara-lacivert","303":"pa_numara-lacivert-kareli","304":"pa_numara-lacivert-gri","305":"pa_numara-lacivert-krem","306":"pa_numara-lacivert-mavi","307":"pa_numara-lacivert-turkuaz","308":"pa_numara-lacivert-yesil","309":"pa_numara-large","310":"pa_numara-latte-krem","311":"pa_numara-m","312":"pa_numara-m-36-40","313":"pa_numara-m-l","314":"pa_numara-mavi","315":"pa_numara-mavi-kareli","316":"pa_numara-mavi_fusya","317":"pa_numara-mavi_siyah","318":"pa_numara-mavi-beyaz","319":"pa_numara-mavi-fusya","320":"pa_numara-mavi-gri","321":"pa_numara-mavi-gri-fusya-turuncu","322":"pa_numara-mavi-gri-pembe-hardal","323":"pa_numara-mavi-lacivert","324":"pa_numara-mavi-sari","325":"pa_numara-mavi-sari-yesil-fusya","326":"pa_numara-mavi-siyah","327":"pa_numara-medium","328":"pa_numara-metalik","329":"pa_numara-metalik-pembe","330":"pa_numara-mor","331":"pa_numara-mor-hardal","332":"pa_numara-mor-krem","333":"pa_numara-mor-sari","334":"pa_numara-nar-cicegi","335":"pa_numara-pembe","336":"pa_numara-pembe-beyaz","337":"pa_numara-petrol-mavi","338":"pa_numara-reef-mavi","339":"pa_numara-s","340":"pa_numara-s-31-35","341":"pa_numara-s-m","342":"pa_numara-s-fusya-fusya-s-turuncu-turuncu","343":"pa_numara-s-yesil-sari-s-mavi-mavi","344":"pa_numara-sag","345":"pa_numara-sari","346":"pa_numara-sari-mavi-fusya","347":"pa_numara-sari-siyah-yesil-turuncu","348":"pa_numara-siyah","349":"pa_numara-siyah-fume","350":"pa_numara-siyah-gri","351":"pa_numara-siyah-kareli","352":"pa_numara-siyah-kirmizi","353":"pa_numara-siyah-mavi","354":"pa_numara-siyah-mavi-hardal-fusya","355":"pa_numara-siyah-mor","356":"pa_numara-siyah-turuncu","357":"pa_numara-siyah-yesil","358":"pa_numara-sol","359":"pa_numara-su-yesili","360":"pa_numara-tas-rengi","361":"pa_numara-turkuaz","362":"pa_numara-turkuaz-fusya-sari","363":"pa_numara-turkuaz-mavi-sari","364":"pa_numara-turuncu","365":"pa_numara-turuncu_siyah","366":"pa_numara-turuncu-siyah","367":"pa_numara-uk-10-eur-44","368":"pa_numara-uk-10-eur-45","369":"pa_numara-uk-11-eur-46","371":"pa_numara-uk-12-eur-47","372":"pa_numara-uk-12eur-47-3-4","373":"pa_numara-uk-13eur-48","374":"pa_numara-uk-3eur-35","375":"pa_numara-uk-3eur-36-1-4","376":"pa_numara-uk-4-eur-37","378":"pa_numara-uk-5-eur-38","379":"pa_numara-uk-5eur-38-3-4","380":"pa_numara-uk-6-eur-39","381":"pa_numara-uk-6-eur-40","382":"pa_numara-uk-7-eur-40-3-4","383":"pa_numara-uk-7-eur-41","384":"pa_numara-uk-8-eur-42","386":"pa_numara-uk-9-eur-43-1-4","387":"pa_numara-uk-9-eur-44","388":"pa_numara-xl","389":"pa_numara-xl-46-48","390":"pa_numara-xl-2xl","391":"pa_numara-xs","392":"pa_numara-xxl","393":"pa_numara-xxs","394":"pa_numara-xxxl","395":"pa_numara-yesil","396":"pa_numara-yesil-fistik-yesili","397":"pa_numara-yesil-haki","398":"pa_numara-yesil-beyaz","399":"pa_numara-yesil-gri","400":"pa_numara-yesil-sari","401":"pa_numara-yesil-siyah","402":"pa_numara-yesil-siyah-truncu","403":"pa_numara-yesil-mavi","404":"pa_renk-beden","405":"pa_renk-cm","406":"pa_renk-fermuar-yonu","407":"pa_renk-numara","408":"pa_renk-renk","409":"pa_renk-secenekler","411":"first","412":"instock","413":"taxable","414":"shipping-taxable","415":"product-type-variable"},"_links":{"self":[{"href":"https:\/\/searchandrescuetr.com\/index.php?rest_route=\/wp\/v2\/product\/18099","targetHints":{"allow":["GET"]}}],"collection":[{"href":"https:\/\/searchandrescuetr.com\/index.php?rest_route=\/wp\/v2\/product"}],"about":[{"href":"https:\/\/searchandrescuetr.com\/index.php?rest_route=\/wp\/v2\/types\/product"}],"wp:featuredmedia":[{"embeddable":true,"href":"https:\/\/searchandrescuetr.com\/index.php?rest_route=\/wp\/v2\/media\/36106"}],"wp:attachment":[{"href":"https:\/\/searchandrescuetr.com\/index.php?rest_route=%2Fwp%2Fv2%2Fmedia&parent=18099"}],"wp:term":[{"taxonomy":"product_brand","embeddable":true,"href":"https:\/\/searchandrescuetr.com\/index.php?rest_route=%2Fwp%2Fv2%2Fproduct_brand&post=18099"},{"taxonomy":"product_cat","embeddable":true,"href":"https:\/\/searchandrescuetr.com\/index.php?rest_route=%2Fwp%2Fv2%2Fproduct_cat&post=18099"},{"taxonomy":"product_tag","embeddable":true,"href":"https:\/\/searchandrescuetr.com\/index.php?rest_route=%2Fwp%2Fv2%2Fproduct_tag&post=18099"}],"curies":[{"name":"wp","href":"https:\/\/api.w.org\/{rel}","templated":true}]}}