{"id":18100,"date":"2022-09-05T11:39:23","date_gmt":"2022-09-05T08:39:23","guid":{"rendered":"http:\/\/searchandrescuetr.com\/urun\/ferrino-yastikli-sisme-mat\/"},"modified":"2022-09-05T11:42:09","modified_gmt":"2022-09-05T08:42:09","slug":"ferrino-yastikli-sisme-mat","status":"publish","type":"product","link":"https:\/\/searchandrescuetr.com\/?product=ferrino-yastikli-sisme-mat","title":{"rendered":"Ferrino Yast\u0131kl\u0131 \u015ei\u015fme Mat"},"content":{"rendered":"<p><span style=\"vertical-align: inherit;\"><span style=\"vertical-align: inherit;\"><\/span><\/span><\/p>\n","protected":false},"excerpt":{"rendered":"<h4>\u00d6ZELL\u0130KLER<\/h4>\n<ul>\n<li><span style=\"font-size: 10pt;\">Kendi kendine \u015fi\u015febilmektedir<\/span><\/li>\n<li><span style=\"font-size: 10pt;\">Kendinden yast\u0131kl\u0131 tasar\u0131m\u0131yla konfor sunar<\/span><\/li>\n<li><span style=\"font-size: 10pt;\">Saklama \u00e7antas\u0131 ve tamir kiti mevcuttur<\/span><\/li>\n<li><span style=\"font-size: 10pt;\"><span style=\"font-weight: bold; font-size: 10pt;\">A\u011f\u0131rl\u0131k :<\/span> 1,09 kg<\/span><\/li>\n<li><span style=\"font-weight: bold; font-size: 10pt;\">Boyutlar :<\/span> <span style=\"font-size: 10pt;\">180 x 51 cm<\/span><\/li>\n<\/ul>\n","protected":false},"featured_media":31077,"template":"","meta":[],"product_brand":[],"product_cat":[720,738,740,741,739],"product_tag":[725],"class_list":{"0":"post-18100","1":"product","2":"type-product","3":"status-publish","4":"has-post-thumbnail","6":"product_cat-kamp-ve-seyahat","7":"product_cat-matlar","8":"product_cat-sisme-matlar-yataklar","9":"product_cat-sisme-matlar-yataklar-yataklar-ve-kampetler","10":"product_cat-yataklar-ve-kampetler","11":"product_tag-ferrino","13":"first","14":"instock","15":"taxable","16":"shipping-taxable","17":"product-type-simple"},"_links":{"self":[{"href":"https:\/\/searchandrescuetr.com\/index.php?rest_route=\/wp\/v2\/product\/18100","targetHints":{"allow":["GET"]}}],"collection":[{"href":"https:\/\/searchandrescuetr.com\/index.php?rest_route=\/wp\/v2\/product"}],"about":[{"href":"https:\/\/searchandrescuetr.com\/index.php?rest_route=\/wp\/v2\/types\/product"}],"wp:featuredmedia":[{"embeddable":true,"href":"https:\/\/searchandrescuetr.com\/index.php?rest_route=\/wp\/v2\/media\/31077"}],"wp:attachment":[{"href":"https:\/\/searchandrescuetr.com\/index.php?rest_route=%2Fwp%2Fv2%2Fmedia&parent=18100"}],"wp:term":[{"taxonomy":"product_brand","embeddable":true,"href":"https:\/\/searchandrescuetr.com\/index.php?rest_route=%2Fwp%2Fv2%2Fproduct_brand&post=18100"},{"taxonomy":"product_cat","embeddable":true,"href":"https:\/\/searchandrescuetr.com\/index.php?rest_route=%2Fwp%2Fv2%2Fproduct_cat&post=18100"},{"taxonomy":"product_tag","embeddable":true,"href":"https:\/\/searchandrescuetr.com\/index.php?rest_route=%2Fwp%2Fv2%2Fproduct_tag&post=18100"}],"curies":[{"name":"wp","href":"https:\/\/api.w.org\/{rel}","templated":true}]}}