{"id":18101,"date":"2022-09-05T11:39:23","date_gmt":"2022-09-05T08:39:23","guid":{"rendered":"http:\/\/searchandrescuetr.com\/urun\/ferrino-popote-mono-inox\/"},"modified":"2022-09-05T11:44:27","modified_gmt":"2022-09-05T08:44:27","slug":"ferrino-popote-mono-inox","status":"publish","type":"product","link":"https:\/\/searchandrescuetr.com\/?product=ferrino-popote-mono-inox","title":{"rendered":"Ferrino Popote Mono Inox"},"content":{"rendered":"<p><span style=\"vertical-align: inherit;\"><span style=\"vertical-align: inherit;\"><\/span><\/span><\/p>\n","protected":false},"excerpt":{"rendered":"<p>Ferrino \u00e7elik pi\u015firme seti A\u011f\u0131rl\u0131k 410 g Geni\u015flik 15 cm Paslanmaz \u00e7elik 1 Tutacakl\u0131 ve alt\u0131 bak\u0131r tava 1 kapakl\u0131 tencere 1 plastik bardak<\/p>\n","protected":false},"featured_media":31091,"template":"","meta":[],"product_brand":[],"product_cat":[720,743,742],"product_tag":[725],"class_list":{"0":"post-18101","1":"product","2":"type-product","3":"status-publish","4":"has-post-thumbnail","6":"product_cat-kamp-ve-seyahat","7":"product_cat-pisirme-setleri","8":"product_cat-pisirme-setleri-ve-caydanliklar","9":"product_tag-ferrino","11":"first","12":"instock","13":"taxable","14":"shipping-taxable","15":"product-type-simple"},"_links":{"self":[{"href":"https:\/\/searchandrescuetr.com\/index.php?rest_route=\/wp\/v2\/product\/18101","targetHints":{"allow":["GET"]}}],"collection":[{"href":"https:\/\/searchandrescuetr.com\/index.php?rest_route=\/wp\/v2\/product"}],"about":[{"href":"https:\/\/searchandrescuetr.com\/index.php?rest_route=\/wp\/v2\/types\/product"}],"wp:featuredmedia":[{"embeddable":true,"href":"https:\/\/searchandrescuetr.com\/index.php?rest_route=\/wp\/v2\/media\/31091"}],"wp:attachment":[{"href":"https:\/\/searchandrescuetr.com\/index.php?rest_route=%2Fwp%2Fv2%2Fmedia&parent=18101"}],"wp:term":[{"taxonomy":"product_brand","embeddable":true,"href":"https:\/\/searchandrescuetr.com\/index.php?rest_route=%2Fwp%2Fv2%2Fproduct_brand&post=18101"},{"taxonomy":"product_cat","embeddable":true,"href":"https:\/\/searchandrescuetr.com\/index.php?rest_route=%2Fwp%2Fv2%2Fproduct_cat&post=18101"},{"taxonomy":"product_tag","embeddable":true,"href":"https:\/\/searchandrescuetr.com\/index.php?rest_route=%2Fwp%2Fv2%2Fproduct_tag&post=18101"}],"curies":[{"name":"wp","href":"https:\/\/api.w.org\/{rel}","templated":true}]}}