{"id":18129,"date":"2022-09-05T11:59:34","date_gmt":"2022-09-05T08:59:34","guid":{"rendered":"http:\/\/searchandrescuetr.com\/urun\/evolite-troll-b-dagci-cadiri\/"},"modified":"2022-09-05T12:01:26","modified_gmt":"2022-09-05T09:01:26","slug":"evolite-troll-b-dagci-cadiri","status":"publish","type":"product","link":"https:\/\/searchandrescuetr.com\/?product=evolite-troll-b-dagci-cadiri","title":{"rendered":"Evolite Troll-B Da\u011fc\u0131 \u00c7ad\u0131r\u0131"},"content":{"rendered":"<p><span style=\"vertical-align: inherit;\"><span style=\"vertical-align: inherit;\"><\/span><\/span><\/p>\n","protected":false},"excerpt":{"rendered":"<p>BE\u015e mevsim kullan\u0131ma uygun <strong>Aluminium poll\u00fc, Kar Etekli<\/strong>&nbsp;zor ko\u015fullar i\u00e7in \u00fcretilmi\u015f da\u011fc\u0131 \u00e7ad\u0131r\u0131.&nbsp;( TROLL-A dan tek fark\u0131 pol kal\u0131nl\u0131klar\u0131d\u0131r )<\/p>\n<p>\u00dcst kuma\u015f <strong>5000 mm<\/strong> su bas\u0131n\u00e7\u0131na Alt kuma\u015f <strong>10000 mm<\/strong> su bas\u0131n\u00e7\u0131na dayan\u0131kl\u0131d\u0131r.<\/p>\n<ul>\n<li><strong>Model:<\/strong> Troll -B&nbsp;<\/li>\n<li><strong>Kapasite:<\/strong> 2 Ki\u015filik&nbsp;<\/li>\n<li><strong>\u00d6l\u00e7\u00fcler:<\/strong> 215X110+165+110X115CM&nbsp;<\/li>\n<li><strong>D\u0131\u015f Kuma\u015f:<\/strong> Polyester Diamond Ripstop 5000 mm.&nbsp;<\/li>\n<li><strong>\u0130\u00e7 Kuma\u015f:<\/strong> Breathable Polyester (Nefes Alabilir)&nbsp;<\/li>\n<li><strong>Alt Taban:<\/strong> Polyester 100 D 10000 mm.&nbsp;<\/li>\n<li><strong>Poller:<\/strong> 11 mm. Duraluminium&nbsp;<\/li>\n<li><strong style=\"background-color: #ffffff; padding: 0px; margin: 0px;\">Toplam A\u011f\u0131rl\u0131k:<\/strong><span style=\"background-color: #ffffff;\">&nbsp;4.25 kg.<\/span><\/li>\n<\/ul>\n","protected":false},"featured_media":31334,"template":"","meta":[],"product_brand":[],"product_cat":[771,770,720],"product_tag":[151],"class_list":{"0":"post-18129","1":"product","2":"type-product","3":"status-publish","4":"has-post-thumbnail","6":"product_cat-5-mevsim-cadirlar","7":"product_cat-cadirlar-ve-bivaklar","8":"product_cat-kamp-ve-seyahat","9":"product_tag-evolite","11":"first","12":"instock","13":"taxable","14":"shipping-taxable","15":"product-type-simple"},"_links":{"self":[{"href":"https:\/\/searchandrescuetr.com\/index.php?rest_route=\/wp\/v2\/product\/18129","targetHints":{"allow":["GET"]}}],"collection":[{"href":"https:\/\/searchandrescuetr.com\/index.php?rest_route=\/wp\/v2\/product"}],"about":[{"href":"https:\/\/searchandrescuetr.com\/index.php?rest_route=\/wp\/v2\/types\/product"}],"wp:featuredmedia":[{"embeddable":true,"href":"https:\/\/searchandrescuetr.com\/index.php?rest_route=\/wp\/v2\/media\/31334"}],"wp:attachment":[{"href":"https:\/\/searchandrescuetr.com\/index.php?rest_route=%2Fwp%2Fv2%2Fmedia&parent=18129"}],"wp:term":[{"taxonomy":"product_brand","embeddable":true,"href":"https:\/\/searchandrescuetr.com\/index.php?rest_route=%2Fwp%2Fv2%2Fproduct_brand&post=18129"},{"taxonomy":"product_cat","embeddable":true,"href":"https:\/\/searchandrescuetr.com\/index.php?rest_route=%2Fwp%2Fv2%2Fproduct_cat&post=18129"},{"taxonomy":"product_tag","embeddable":true,"href":"https:\/\/searchandrescuetr.com\/index.php?rest_route=%2Fwp%2Fv2%2Fproduct_tag&post=18129"}],"curies":[{"name":"wp","href":"https:\/\/api.w.org\/{rel}","templated":true}]}}