{"id":18130,"date":"2022-09-05T11:59:34","date_gmt":"2022-09-05T08:59:34","guid":{"rendered":"http:\/\/searchandrescuetr.com\/urun\/evolite-montblanc-ii-dagci-cadiri\/"},"modified":"2022-09-05T12:01:27","modified_gmt":"2022-09-05T09:01:27","slug":"evolite-montblanc-ii-dagci-cadiri","status":"publish","type":"product","link":"https:\/\/searchandrescuetr.com\/?product=evolite-montblanc-ii-dagci-cadiri","title":{"rendered":"Evolite Montblanc II Da\u011fc\u0131 \u00c7ad\u0131r\u0131"},"content":{"rendered":"<p><span style=\"vertical-align: inherit;\"><span style=\"vertical-align: inherit;\"><\/span><\/span><\/p>\n","protected":false},"excerpt":{"rendered":"<p>Y\u00fcksek irtifaya ve k\u00f6t\u00fc hava ko\u015fullar\u0131na dayan\u0131kl\u0131,al\u00fcminyum poll\u00fc, \u00fcst kuma\u015f\u0131 5000 mm su bas\u0131nc\u0131na, alt taban kuma\u015f\u0131 10.000mm su bas\u0131nc\u0131na dayan\u0131kl\u0131 da\u011fc\u0131 \u00e7ad\u0131r\u0131.<\/p>\n<p><strong>MODEL:<\/strong> Montblanc II KAPAS\u0130TE 3 +1 Ki\u015filik<\/p>\n<p><strong>\u00d6L\u00c7\u00dcLER:<\/strong> 210 x 240 + 80 x 130 cm.<\/p>\n<p><strong>DI\u015e KUMA\u015e:<\/strong> Polyester Diamond Ripstop 5000 mm<\/p>\n<p><strong>\u0130\u00c7 KUMA\u015e:<\/strong> Breathable Polyester ALT TABAN Polyester 100 D 10000 mm<\/p>\n<p><strong>POLLER:<\/strong> 8.5 mm Duraluminium<\/p>\n<p>A\u011f\u0131rl\u0131k:4.250 gr<\/p>\n","protected":false},"featured_media":31336,"template":"","meta":[],"product_brand":[],"product_cat":[771,770,720],"product_tag":[151],"class_list":{"0":"post-18130","1":"product","2":"type-product","3":"status-publish","4":"has-post-thumbnail","6":"product_cat-5-mevsim-cadirlar","7":"product_cat-cadirlar-ve-bivaklar","8":"product_cat-kamp-ve-seyahat","9":"product_tag-evolite","11":"first","12":"instock","13":"taxable","14":"shipping-taxable","15":"product-type-simple"},"_links":{"self":[{"href":"https:\/\/searchandrescuetr.com\/index.php?rest_route=\/wp\/v2\/product\/18130","targetHints":{"allow":["GET"]}}],"collection":[{"href":"https:\/\/searchandrescuetr.com\/index.php?rest_route=\/wp\/v2\/product"}],"about":[{"href":"https:\/\/searchandrescuetr.com\/index.php?rest_route=\/wp\/v2\/types\/product"}],"wp:featuredmedia":[{"embeddable":true,"href":"https:\/\/searchandrescuetr.com\/index.php?rest_route=\/wp\/v2\/media\/31336"}],"wp:attachment":[{"href":"https:\/\/searchandrescuetr.com\/index.php?rest_route=%2Fwp%2Fv2%2Fmedia&parent=18130"}],"wp:term":[{"taxonomy":"product_brand","embeddable":true,"href":"https:\/\/searchandrescuetr.com\/index.php?rest_route=%2Fwp%2Fv2%2Fproduct_brand&post=18130"},{"taxonomy":"product_cat","embeddable":true,"href":"https:\/\/searchandrescuetr.com\/index.php?rest_route=%2Fwp%2Fv2%2Fproduct_cat&post=18130"},{"taxonomy":"product_tag","embeddable":true,"href":"https:\/\/searchandrescuetr.com\/index.php?rest_route=%2Fwp%2Fv2%2Fproduct_tag&post=18130"}],"curies":[{"name":"wp","href":"https:\/\/api.w.org\/{rel}","templated":true}]}}