{"id":18132,"date":"2022-09-05T11:59:34","date_gmt":"2022-09-05T08:59:34","guid":{"rendered":"http:\/\/searchandrescuetr.com\/urun\/ferrino-campo-base-cadir\/"},"modified":"2022-09-05T12:01:27","modified_gmt":"2022-09-05T09:01:27","slug":"ferrino-campo-base-cadir","status":"publish","type":"product","link":"https:\/\/searchandrescuetr.com\/?product=ferrino-campo-base-cadir","title":{"rendered":"Ferrino Campo Base \u00c7ad\u0131r"},"content":{"rendered":"<p><span style=\"vertical-align: inherit;\"><span style=\"vertical-align: inherit;\"><\/span><\/span><\/p>\n","protected":false},"excerpt":{"rendered":"<p><span style=\"font-size: 10pt; font-weight: bold;\">\u00d6ZELL\u0130KLER<\/span><\/p>\n<p><span style=\"font-size: 10pt;\">Klasik, tek tenteli ana kamp \u00e7ad\u0131r\u0131. Kolay kurulumlu, istenildi\u011finde taban\u0131 \u00e7\u0131kar\u0131labilir<\/span><\/p>\n<ul>\n<li><span style=\"font-size: small;\"><strong style=\"font-size: 10pt;\">A\u011f\u0131rl\u0131k:&nbsp; <\/strong>minimum&nbsp;14 kg \/ maksimum 15 kg<strong>&nbsp;<\/strong><\/span><\/li>\n<li>\n<div><span style=\"font-size: 10pt;\">Ayarlanabilen ve toplanabilen kar etekleri bulunur<\/span><\/div>\n<\/li>\n<li>\n<div><span style=\"font-size: 10pt;\">Su ge\u00e7irmezlik \u00f6zelli\u011fini g\u00fc\u00e7lendirmek i\u00e7in t\u00fcm diki\u015fler i\u00e7 k\u0131s\u0131mdan bantl\u0131d\u0131r<\/span><\/div>\n<\/li>\n<li><span style=\"font-weight: bold; font-size: 10pt;\">Kuma\u015f: <\/span><span style=\"font-size: 10pt;\">\u0131s\u0131 yal\u0131t\u0131ml\u0131 4000mm&#8217;ye kadar su ge\u00e7irmez \u00f6zelli\u011fe sahip Oxford polyester<\/span><\/li>\n<li><span style=\"font-size: 10pt;\">D\u0131\u015f tentede bantl\u0131 diki\u015flerle su ge\u00e7irmezlik \u00f6zelli\u011fi g\u00fc\u00e7lendirilmi\u015ftir<\/span><\/li>\n<li><span style=\"font-size: 10pt;\">\u00c7elik kaz\u0131klar ve 6 dural\u00fcminyum pol (4 adet 13mm, 2 adet 8,5mm)<\/span><span style=\"font-size: 10pt;\">bulunur&nbsp;<\/span><\/li>\n<li><span style=\"font-size: 10pt;\">Giri\u015f kap\u0131s\u0131nda cibinlikli pencere bulunur<\/span><\/li>\n<li><span style=\"font-size: 10pt;\">Havaland\u0131rma \u00e7\u0131k\u0131\u015flar\u0131 mevcuttur<\/span><\/li>\n<li><span style=\"font-size: 10pt;\">Ayarlanabilir ve istenildi\u011finde \u00e7\u0131kar\u0131labilir kar ete\u011fi ve t<\/span>avan k\u0131sm\u0131nda <span style=\"font-size: 10pt;\">file cep bulunur<\/span><\/li>\n<li><span style=\"font-size: 10pt;\">\u00dcr\u00fcn, ta\u015f\u0131ma \u00e7antas\u0131 ve tamir kiti ile beraber gelir<\/span><\/li>\n<\/ul>\n<p>\n\t<iframe src=\"http:\/\/www.youtube.com\/embed\/5ez4o2vCq6s\" width=\"420\" height=\"315\" frameborder=\"0\"><\/iframe><\/p>\n","protected":false},"featured_media":31342,"template":"","meta":[],"product_brand":[],"product_cat":[771,770,720],"product_tag":[725],"class_list":{"0":"post-18132","1":"product","2":"type-product","3":"status-publish","4":"has-post-thumbnail","6":"product_cat-5-mevsim-cadirlar","7":"product_cat-cadirlar-ve-bivaklar","8":"product_cat-kamp-ve-seyahat","9":"product_tag-ferrino","11":"first","12":"instock","13":"taxable","14":"shipping-taxable","15":"product-type-simple"},"_links":{"self":[{"href":"https:\/\/searchandrescuetr.com\/index.php?rest_route=\/wp\/v2\/product\/18132","targetHints":{"allow":["GET"]}}],"collection":[{"href":"https:\/\/searchandrescuetr.com\/index.php?rest_route=\/wp\/v2\/product"}],"about":[{"href":"https:\/\/searchandrescuetr.com\/index.php?rest_route=\/wp\/v2\/types\/product"}],"wp:featuredmedia":[{"embeddable":true,"href":"https:\/\/searchandrescuetr.com\/index.php?rest_route=\/wp\/v2\/media\/31342"}],"wp:attachment":[{"href":"https:\/\/searchandrescuetr.com\/index.php?rest_route=%2Fwp%2Fv2%2Fmedia&parent=18132"}],"wp:term":[{"taxonomy":"product_brand","embeddable":true,"href":"https:\/\/searchandrescuetr.com\/index.php?rest_route=%2Fwp%2Fv2%2Fproduct_brand&post=18132"},{"taxonomy":"product_cat","embeddable":true,"href":"https:\/\/searchandrescuetr.com\/index.php?rest_route=%2Fwp%2Fv2%2Fproduct_cat&post=18132"},{"taxonomy":"product_tag","embeddable":true,"href":"https:\/\/searchandrescuetr.com\/index.php?rest_route=%2Fwp%2Fv2%2Fproduct_tag&post=18132"}],"curies":[{"name":"wp","href":"https:\/\/api.w.org\/{rel}","templated":true}]}}