{"id":18134,"date":"2022-09-05T11:59:34","date_gmt":"2022-09-05T08:59:34","guid":{"rendered":"http:\/\/searchandrescuetr.com\/urun\/ferrino-colle-sud-cadir\/"},"modified":"2022-09-05T12:01:37","modified_gmt":"2022-09-05T09:01:37","slug":"ferrino-colle-sud-cadir","status":"publish","type":"product","link":"https:\/\/searchandrescuetr.com\/?product=ferrino-colle-sud-cadir","title":{"rendered":"Ferrino Colle Sud \u00c7ad\u0131r"},"content":{"rendered":"<p><span style=\"vertical-align: inherit;\"><span style=\"vertical-align: inherit;\"><\/span><\/span><\/p>\n","protected":false},"excerpt":{"rendered":"<p><strong>\u00d6ZELL\u0130KLER<\/strong><\/p>\n<p><span style=\"font-size: 10pt;\">B\u00fcy\u00fck ve teknik \u00f6zellikte y\u00fcksek irtifa \u00e7ad\u0131r\u0131. G\u00fc\u00e7l\u00fc r\u00fczgar ve yo\u011fun kar ya\u011f\u0131\u015flar\u0131nda dayan\u0131kl\u0131l\u0131k sa\u011flar.<\/span><\/p>\n<p>&nbsp;<\/p>\n<ul>\n<li><span style=\"font-weight: bold; font-size: 10pt;\">A\u011f\u0131rl\u0131k:&nbsp; <\/span><span style=\"font-size: 10pt;\">minimum&nbsp;15 kg \/ maksimum 16 kg<\/span><\/li>\n<li><span style=\"font-size: 10pt;\"><span style=\"font-weight: bold;\">D\u0131\u015f tente:<\/span> 4000mm&#8217;ye kadar su ge\u00e7irmezlik \u00f6zelli\u011fine sahip Oxford polyester kuma\u015f<\/span><\/li>\n<li><span style=\"font-size: 10pt;\"><span style=\"font-weight: bold;\">\u0130\u00e7 tente:<\/span> nefes alabilir ve su itici \u00f6zelli\u011fe sahip ripstop naylon kuma\u015f<\/span><\/li>\n<li><span style=\"font-size: 10pt;\"><span style=\"font-weight: bold;\">Zemin :<\/span>&nbsp;&nbsp;4000mm&#8217;ye kadar su ge\u00e7irmezlik \u00f6zelli\u011fine sahip Oxford polyester kuma\u015f<\/span><\/li>\n<li><span style=\"font-size: 10pt;\">Daha basit bir kurulum sa\u011flamak i\u00e7in poller farkl\u0131 renklerde tasarlanm\u0131\u015ft\u0131r<\/span><\/li>\n<li><span style=\"font-size: 10pt;\">D\u0131\u015f tentede kar ete\u011fi mevcuttur<\/span><\/li>\n<li><span style=\"font-size: 10pt;\">Al\u00fcminyum sabitleme kaz\u0131klar\u0131 ve 7 adet dural\u00fcminyum pol ile&nbsp;daha g\u00fc\u00e7l\u00fc bir tutu\u015f sa\u011flar<\/span><\/li>\n<li><span style=\"font-size: 10pt;\">Su ge\u00e7irmez \u00f6zellik sa\u011flamak i\u00e7in t\u00fcm diki\u015fler i\u00e7 k\u0131s\u0131mdan bantl\u0131d\u0131r<\/span><\/li>\n<li><span style=\"font-size: 10pt;\">Malzeme cepleri, tamir kiti,lamba ask\u0131s\u0131 ve ta\u015f\u0131ma \u00e7antas\u0131 mevcuttur<\/span><\/li>\n<li><span style=\"font-size: 10pt;\">\u00c7ift giri\u015flidir<\/span><\/li>\n<\/ul>\n","protected":false},"featured_media":31352,"template":"","meta":[],"product_brand":[],"product_cat":[771,770,720],"product_tag":[725],"class_list":{"0":"post-18134","1":"product","2":"type-product","3":"status-publish","4":"has-post-thumbnail","6":"product_cat-5-mevsim-cadirlar","7":"product_cat-cadirlar-ve-bivaklar","8":"product_cat-kamp-ve-seyahat","9":"product_tag-ferrino","11":"first","12":"instock","13":"taxable","14":"shipping-taxable","15":"product-type-simple"},"_links":{"self":[{"href":"https:\/\/searchandrescuetr.com\/index.php?rest_route=\/wp\/v2\/product\/18134","targetHints":{"allow":["GET"]}}],"collection":[{"href":"https:\/\/searchandrescuetr.com\/index.php?rest_route=\/wp\/v2\/product"}],"about":[{"href":"https:\/\/searchandrescuetr.com\/index.php?rest_route=\/wp\/v2\/types\/product"}],"wp:featuredmedia":[{"embeddable":true,"href":"https:\/\/searchandrescuetr.com\/index.php?rest_route=\/wp\/v2\/media\/31352"}],"wp:attachment":[{"href":"https:\/\/searchandrescuetr.com\/index.php?rest_route=%2Fwp%2Fv2%2Fmedia&parent=18134"}],"wp:term":[{"taxonomy":"product_brand","embeddable":true,"href":"https:\/\/searchandrescuetr.com\/index.php?rest_route=%2Fwp%2Fv2%2Fproduct_brand&post=18134"},{"taxonomy":"product_cat","embeddable":true,"href":"https:\/\/searchandrescuetr.com\/index.php?rest_route=%2Fwp%2Fv2%2Fproduct_cat&post=18134"},{"taxonomy":"product_tag","embeddable":true,"href":"https:\/\/searchandrescuetr.com\/index.php?rest_route=%2Fwp%2Fv2%2Fproduct_tag&post=18134"}],"curies":[{"name":"wp","href":"https:\/\/api.w.org\/{rel}","templated":true}]}}