{"id":18135,"date":"2022-09-05T11:59:34","date_gmt":"2022-09-05T08:59:34","guid":{"rendered":"http:\/\/searchandrescuetr.com\/urun\/ferrino-snowbound-3-cadir\/"},"modified":"2022-09-05T12:01:37","modified_gmt":"2022-09-05T09:01:37","slug":"ferrino-snowbound-3-cadir","status":"publish","type":"product","link":"https:\/\/searchandrescuetr.com\/?product=ferrino-snowbound-3-cadir","title":{"rendered":"Ferrino Snowbound 3 \u00c7ad\u0131r"},"content":{"rendered":"<p><span style=\"vertical-align: inherit;\"><span style=\"vertical-align: inherit;\"><\/span><\/span><\/p>\n","protected":false},"excerpt":{"rendered":"<div style=\"border: #ddd 1px solid; padding: 10px;\">\n<div style=\"\"><span style=\"font-weight: bold; font-size: 10pt;\">\u00d6ZELL\u0130KLER<\/span><\/div>\n<div style=\"\"><span style=\"font-size: 10pt;\">Snowbound serisi y\u00fcksek irtifa ko\u015fullar\u0131nda en iyi performans\u0131 sunuyor.<br \/>\n\t\t\t<\/span><\/p>\n<ul>\n<li><span style=\"font-size: 10pt;\"><span style=\"font-weight: bold;\">A\u011f\u0131rl\u0131k: <\/span>maksimum 5,9&nbsp; \/ minimum 5,3 kg<\/span><\/li>\n<li><span style=\"font-size: 10pt;\"><span style=\"font-weight: bold;\">Paket boyutlar\u0131:<\/span> 20 x 52 cm<\/span><\/li>\n<li><span style=\"font-size: 10pt;\"><span style=\"font-weight: bold;\">D\u0131\u015f tente:<\/span> \u0131s\u0131 yal\u0131t\u0131ml\u0131&nbsp;<span style=\"font-family: Arial;\">4000 mm&#8217;ye kadar<\/span><span style=\"font-family: Arial;\">&nbsp;su ge\u00e7irmezli\u011fe sahip 50D ripstop polyester<\/span><\/span><\/li>\n<li><span style=\"font-family: Arial; font-size: 10pt;\"><\/span><span style=\"font-weight: bold; font-size: 10pt;\">\u0130\u00e7 tente:<\/span> <span style=\"font-size: 10pt;\">su itici&nbsp; ve nefes alabilir \u00f6zelliklerde 70D ripstop polyester<\/span><\/li>\n<li><span style=\"font-size: 10pt;\"><span style=\"font-weight: bold;\">Zemin:<\/span> \u0131s\u0131 yal\u0131t\u0131m\u0131 \u00f6zellikli ve 8000mm&#8217;ye kadar su ge\u00e7irmez \u00f6zelli\u011fe sahip 70D ripstop polyester<\/span><\/li>\n<li><span style=\"font-size: 10pt;\">Yanmay\u0131 geciktiren \u00f6zellikte kuma\u015f\u0131yla g\u00fcvenlik sa\u011flar<\/span><\/li>\n<li><span style=\"font-size: 10pt;\">Al\u00fcminyum sabitleme kaz\u0131klar\u0131yla daha sa\u011flam bir tutu\u015f sa\u011flar<\/span><\/li>\n<li><span style=\"font-size: 10pt;\">Su ge\u00e7irmezlik \u00f6zelli\u011fini g\u00fc\u00e7lendirmek i\u00e7in t\u00fcm diki\u015fler i\u00e7 k\u0131s\u0131mdan bantl\u0131d\u0131r<\/span><\/li>\n<li><span style=\"font-size: 10pt;\">Toplanabilen kar etekleri mevcuttur<\/span><\/li>\n<li><span style=\"font-size: 10pt;\">Depolama i\u00e7in i\u00e7 cepler, ta\u015f\u0131ma \u00e7antas\u0131, tamir kiti ve havaland\u0131rma \u00e7\u0131k\u0131\u015flar\u0131 mevcuttur<\/span><\/li>\n<li><span style=\"font-size: 10pt;\">D\u0131\u015f\u0131 cibinlik olan ve tamamen a\u00e7\u0131l\u0131p \u00f6zel torbas\u0131nda saklanabilen i\u00e7 giri\u015f kap\u0131s\u0131 mevcuttur<\/span><\/li>\n<li><span style=\"font-size: 10pt;\">\u0130ki giri\u015flidir<\/span><\/li>\n<\/ul>\n<\/div>\n<\/div>\n<p>&nbsp;<\/p>\n<p><iframe src=\"https:\/\/www.youtube.com\/embed\/ryVE2Z6_EdQ\" allowfullscreen=\"allowfullscreen\" width=\"560\" height=\"315\" frameborder=\"0\"><\/iframe><\/p>\n","protected":false},"featured_media":31356,"template":"","meta":[],"product_brand":[],"product_cat":[771,770,720],"product_tag":[725],"class_list":{"0":"post-18135","1":"product","2":"type-product","3":"status-publish","4":"has-post-thumbnail","6":"product_cat-5-mevsim-cadirlar","7":"product_cat-cadirlar-ve-bivaklar","8":"product_cat-kamp-ve-seyahat","9":"product_tag-ferrino","11":"first","12":"instock","13":"taxable","14":"shipping-taxable","15":"product-type-simple"},"_links":{"self":[{"href":"https:\/\/searchandrescuetr.com\/index.php?rest_route=\/wp\/v2\/product\/18135","targetHints":{"allow":["GET"]}}],"collection":[{"href":"https:\/\/searchandrescuetr.com\/index.php?rest_route=\/wp\/v2\/product"}],"about":[{"href":"https:\/\/searchandrescuetr.com\/index.php?rest_route=\/wp\/v2\/types\/product"}],"wp:featuredmedia":[{"embeddable":true,"href":"https:\/\/searchandrescuetr.com\/index.php?rest_route=\/wp\/v2\/media\/31356"}],"wp:attachment":[{"href":"https:\/\/searchandrescuetr.com\/index.php?rest_route=%2Fwp%2Fv2%2Fmedia&parent=18135"}],"wp:term":[{"taxonomy":"product_brand","embeddable":true,"href":"https:\/\/searchandrescuetr.com\/index.php?rest_route=%2Fwp%2Fv2%2Fproduct_brand&post=18135"},{"taxonomy":"product_cat","embeddable":true,"href":"https:\/\/searchandrescuetr.com\/index.php?rest_route=%2Fwp%2Fv2%2Fproduct_cat&post=18135"},{"taxonomy":"product_tag","embeddable":true,"href":"https:\/\/searchandrescuetr.com\/index.php?rest_route=%2Fwp%2Fv2%2Fproduct_tag&post=18135"}],"curies":[{"name":"wp","href":"https:\/\/api.w.org\/{rel}","templated":true}]}}