{"id":18136,"date":"2022-09-05T11:59:34","date_gmt":"2022-09-05T08:59:34","guid":{"rendered":"http:\/\/searchandrescuetr.com\/urun\/ferrino-monster-lite-2-cadir\/"},"modified":"2022-09-05T12:01:48","modified_gmt":"2022-09-05T09:01:48","slug":"ferrino-monster-lite-2-cadir","status":"publish","type":"product","link":"https:\/\/searchandrescuetr.com\/?product=ferrino-monster-lite-2-cadir","title":{"rendered":"Ferrino Monster Lite 2 \u00c7ad\u0131r"},"content":{"rendered":"<p><span style=\"vertical-align: inherit;\"><span style=\"vertical-align: inherit;\"><\/span><\/span><\/p>\n","protected":false},"excerpt":{"rendered":"<p>Be\u015fgen sekliyle bu \u00e7ad\u0131r harika bir konfor sa\u011flar.Soluyabilen ve su ge\u00e7irmeyen Texit kuma\u015ftan tek tenteli bu \u00e7ad\u0131r\u0131 en zor ko\u015fullarda bile kolayl\u0131kla ve h\u0131zl\u0131ca kurabilirsiniz.Maximum performans\u0131 minimum a\u011f\u0131rl\u0131k ve boyutla sa\u011flay\u0131n.<\/p>\n<ul>\n<ul>\n<li>Su ve r\u00fczgar ge\u00e7irmez soluyabilen 4000 mm su bas\u0131nc\u0131na dayan\u0131kl\u0131 Texit membrane tente<\/li>\n<li>8000 mm su bas\u0131nc\u0131na dayan\u0131kl\u0131 polyester taban<\/li>\n<li>2 adet elastik kordon ile birbirine ba\u011fl\u0131 duraluminium pol<\/li>\n<li>Aluminyum sabitleme kaz\u0131klar\u0131<\/li>\n<li>Su ge\u00e7irmezlik i\u00e7in t\u00fcm diki\u015fler i\u00e7 k\u0131s\u0131mdan bantl\u0131d\u0131r<\/li>\n<li>G\u00fc\u00e7l\u00fc sabitleme i\u00e7in i\u00e7eriden ba\u011flant\u0131l\u0131 kar etekleri<\/li>\n<li>Poliestere Oxford ile birle\u015ftirilmi\u015f tente<\/li>\n<li>\u0130\u00e7erden a\u00e7\u0131l\u0131p kapanabilen havaland\u0131rmalar<\/li>\n<li>G\u00fc\u00e7l\u00fc sabitleme sa\u011flamak i\u00e7in direk olarak pollere ba\u011flanan gerdirme ipleri<\/li>\n<li>Malzeme cebi ve malzeme ask\u0131l\u0131klar\u0131<\/li>\n<li>\u00c7oklu yan malzeme cepleri<\/li>\n<li>Ayarlanabilen gerdirme perlonlari<\/li>\n<li>\u0130p torbas\u0131 olarak kullan\u0131labilen \u00e7ift tutamakl\u0131 ta\u015f\u0131ma \u00e7antas\u0131<\/li>\n<li>Bagaj: 210x30cm 1.3 m\u00b3<\/li>\n<li>A\u011f\u0131rl\u0131k: Max.\/Min. 2,8 &#8211; 2,3 kg<\/li>\n<li>Boyut: 120x210x100 cm<\/li>\n<\/ul>\n<\/ul>\n<p>\n\t<iframe src=\"\/\/www.youtube.com\/embed\/vgfQqDu7Aeg\" width=\"560\" height=\"315\" frameborder=\"0\"><\/iframe><\/p>\n","protected":false},"featured_media":31363,"template":"","meta":[],"product_brand":[],"product_cat":[771,770,720],"product_tag":[725],"class_list":{"0":"post-18136","1":"product","2":"type-product","3":"status-publish","4":"has-post-thumbnail","6":"product_cat-5-mevsim-cadirlar","7":"product_cat-cadirlar-ve-bivaklar","8":"product_cat-kamp-ve-seyahat","9":"product_tag-ferrino","11":"first","12":"instock","13":"taxable","14":"shipping-taxable","15":"product-type-simple"},"_links":{"self":[{"href":"https:\/\/searchandrescuetr.com\/index.php?rest_route=\/wp\/v2\/product\/18136","targetHints":{"allow":["GET"]}}],"collection":[{"href":"https:\/\/searchandrescuetr.com\/index.php?rest_route=\/wp\/v2\/product"}],"about":[{"href":"https:\/\/searchandrescuetr.com\/index.php?rest_route=\/wp\/v2\/types\/product"}],"wp:featuredmedia":[{"embeddable":true,"href":"https:\/\/searchandrescuetr.com\/index.php?rest_route=\/wp\/v2\/media\/31363"}],"wp:attachment":[{"href":"https:\/\/searchandrescuetr.com\/index.php?rest_route=%2Fwp%2Fv2%2Fmedia&parent=18136"}],"wp:term":[{"taxonomy":"product_brand","embeddable":true,"href":"https:\/\/searchandrescuetr.com\/index.php?rest_route=%2Fwp%2Fv2%2Fproduct_brand&post=18136"},{"taxonomy":"product_cat","embeddable":true,"href":"https:\/\/searchandrescuetr.com\/index.php?rest_route=%2Fwp%2Fv2%2Fproduct_cat&post=18136"},{"taxonomy":"product_tag","embeddable":true,"href":"https:\/\/searchandrescuetr.com\/index.php?rest_route=%2Fwp%2Fv2%2Fproduct_tag&post=18136"}],"curies":[{"name":"wp","href":"https:\/\/api.w.org\/{rel}","templated":true}]}}