{"id":18137,"date":"2022-09-05T12:01:59","date_gmt":"2022-09-05T09:01:59","guid":{"rendered":"http:\/\/searchandrescuetr.com\/urun\/ferrino-emperor-1-cadir\/"},"modified":"2022-09-05T12:02:00","modified_gmt":"2022-09-05T09:02:00","slug":"ferrino-emperor-1-cadir","status":"publish","type":"product","link":"https:\/\/searchandrescuetr.com\/?product=ferrino-emperor-1-cadir","title":{"rendered":"Ferrino Emperor 1 \u00c7ad\u0131r"},"content":{"rendered":"<p><span style=\"vertical-align: inherit;\"><span style=\"vertical-align: inherit;\"><\/span><\/span><\/p>\n","protected":false},"excerpt":{"rendered":"<p><span style=\"font-size: 10pt; font-weight: bold;\">\u00d6ZELL\u0130KLER<\/span><\/p>\n<p><span style=\"font-size: 10pt;\">Y\u00fcksek teknoloji ve tasar\u0131m \u00fcr\u00fcn\u00fc olan \u00e7ad\u0131r, y\u00fcksek irtifalar i\u00e7in uygundur<\/span><\/p>\n<ul>\n<li><span style=\"font-size: 10pt;\"><span style=\"font-weight: bold;\">D\u0131\u015f tente:<\/span> 40D&nbsp; 254T naylon<\/span><\/li>\n<li><span style=\"font-size: 10pt;\"><span style=\"font-weight: bold;\">\u0130\u00e7 tente:<\/span> su ge\u00e7irmez ve nefes alabilir, ripstop dayan\u0131kl\u0131 polyester kuma\u015f<\/span><\/li>\n<li><span style=\"font-size: 10pt;\"><span style=\"font-weight: bold;\">Zemin: <\/span>su ge\u00e7irmez polyester kuma\u015f<\/span><\/li>\n<li><span style=\"font-size: 10pt;\">\u00d6n k\u0131s\u0131mda poli\u00fcretan pencere bulunur<\/span><\/li>\n<li><span style=\"font-size: 10pt;\">Zeminde bantlanm\u0131\u015f diki\u015flerle su ge\u00e7irmezlik \u00f6zelli\u011fi g\u00fc\u00e7lendirilmi\u015ftir<\/span><\/li>\n<li><span style=\"font-size: 10pt;\">\u0130ki yan k\u0131s\u0131mda tek par\u00e7a, \u015foka dayan\u0131kl\u0131 dural\u00fcminyum pol bulunur<\/span><\/li>\n<li><span style=\"font-size: 10pt;\">Al\u00fcminyum sabitleme kaz\u0131klar\u0131 dayan\u0131kl\u0131l\u0131\u011f\u0131 art\u0131r\u0131lm\u0131\u015ft\u0131r<\/span><\/li>\n<li><span style=\"font-size: 10pt;\">Giri\u015f kap\u0131s\u0131 tamamen a\u00e7\u0131l\u0131p kald\u0131r\u0131labilir&nbsp;<\/span><\/li>\n<li><span style=\"font-size: 10pt;\">Havaland\u0131rma \u00e7\u0131k\u0131\u015flar\u0131 ve depolama i\u00e7in i\u00e7 cepler mevcuttur<\/span><\/li>\n<li><span style=\"font-size: 10pt;\">Tamir kiti ve ta\u015f\u0131ma torbas\u0131 bulunur<\/span>&nbsp;<\/li>\n<\/ul>\n<div>&nbsp;<\/div>\n<div>\n\t<\/div>\n<ul>\n<li><a href=\"&lt;iframe width=\" 420\"=\"\" height=\"315\" src=\"\/\/www.youtube.com\/embed\/Ur2kt9hO0iI\" frameborder=\"0\" allowfullscreen=\"\">&#8220;><br \/>\n\t\t\t<iframe src=\"\/\/www.youtube.com\/embed\/Ur2kt9hO0iI\" allowfullscreen=\"allowfullscreen\" width=\"420\" height=\"315\" frameborder=\"0\"><\/iframe><\/a><\/li>\n<\/ul>\n<div>&nbsp;<\/div>\n<div>&nbsp;<\/div>\n<div>&nbsp;<\/div>\n","protected":false},"featured_media":31368,"template":"","meta":[],"product_brand":[],"product_cat":[771,770,720],"product_tag":[725],"class_list":{"0":"post-18137","1":"product","2":"type-product","3":"status-publish","4":"has-post-thumbnail","6":"product_cat-5-mevsim-cadirlar","7":"product_cat-cadirlar-ve-bivaklar","8":"product_cat-kamp-ve-seyahat","9":"product_tag-ferrino","11":"first","12":"instock","13":"taxable","14":"shipping-taxable","15":"product-type-simple"},"_links":{"self":[{"href":"https:\/\/searchandrescuetr.com\/index.php?rest_route=\/wp\/v2\/product\/18137","targetHints":{"allow":["GET"]}}],"collection":[{"href":"https:\/\/searchandrescuetr.com\/index.php?rest_route=\/wp\/v2\/product"}],"about":[{"href":"https:\/\/searchandrescuetr.com\/index.php?rest_route=\/wp\/v2\/types\/product"}],"wp:featuredmedia":[{"embeddable":true,"href":"https:\/\/searchandrescuetr.com\/index.php?rest_route=\/wp\/v2\/media\/31368"}],"wp:attachment":[{"href":"https:\/\/searchandrescuetr.com\/index.php?rest_route=%2Fwp%2Fv2%2Fmedia&parent=18137"}],"wp:term":[{"taxonomy":"product_brand","embeddable":true,"href":"https:\/\/searchandrescuetr.com\/index.php?rest_route=%2Fwp%2Fv2%2Fproduct_brand&post=18137"},{"taxonomy":"product_cat","embeddable":true,"href":"https:\/\/searchandrescuetr.com\/index.php?rest_route=%2Fwp%2Fv2%2Fproduct_cat&post=18137"},{"taxonomy":"product_tag","embeddable":true,"href":"https:\/\/searchandrescuetr.com\/index.php?rest_route=%2Fwp%2Fv2%2Fproduct_tag&post=18137"}],"curies":[{"name":"wp","href":"https:\/\/api.w.org\/{rel}","templated":true}]}}