{"id":18138,"date":"2022-09-05T12:01:59","date_gmt":"2022-09-05T09:01:59","guid":{"rendered":"http:\/\/searchandrescuetr.com\/urun\/ferrino-emperor-2-cadir\/"},"modified":"2022-09-05T12:02:00","modified_gmt":"2022-09-05T09:02:00","slug":"ferrino-emperor-2-cadir","status":"publish","type":"product","link":"https:\/\/searchandrescuetr.com\/?product=ferrino-emperor-2-cadir","title":{"rendered":"Ferrino Emperor 2 \u00c7ad\u0131r"},"content":{"rendered":"<p><span style=\"vertical-align: inherit;\"><span style=\"vertical-align: inherit;\"><\/span><\/span><\/p>\n","protected":false},"excerpt":{"rendered":"<p>Ferrino<strong> EMPEROR 2<\/strong> W.T.S. Ultralight, y\u00fcksek irtifa \u00e7ad\u0131r\u0131<br \/>\n\tHacim: 1.40m\u00b3 <br \/>\n\tKapasite: 2 ki\u015filik <br \/>\n\tA\u011f\u0131rl\u0131k: Max.\/Min. 3,1 &#8211; 2,8 kg<\/p>\n<p>Y\u00fckseklik: 105cm <br \/>\n\t\u00dcr\u00fcn kodu: 99079 <br \/>\n\tEmperor, Ferrino&#8217;nun teknolojinin ve performans\u0131n s\u0131n\u0131rlar\u0131n\u0131 zorlad\u0131\u011f\u0131 yeni modeli. the W.T S sistemi \u015fimdi expedisyon \u00e7ad\u0131rlar\u0131nda kullan\u0131l\u0131yor.<\/p>\n<p><strong>Kuma\u015f<\/strong><\/p>\n<ul>\n<li>D\u0131\u015f tente 40D x 40D 254T naylon. W\/R 10000 mm<\/li>\n<li>\u0130\u00e7 tente su ge\u00e7irmez ve soluyabilir, y\u0131rt\u0131lmaya dayan\u0131kl\u0131 polyester<\/li>\n<li>Zemin suge\u00e7irmez polyester<\/li>\n<li>\u00d6n k\u0131s\u0131mda poli\u00fcretan pencere<\/li>\n<li>Zeminde bantlanm\u0131\u015f diki\u015fler<\/li>\n<\/ul>\n<p><strong>Yap\u0131<\/strong> <\/p>\n<ul>\n<li>Yan k\u0131s\u0131mlarda ikiye ayr\u0131lan, tek par\u00e7a \u015foka dayan\u0131kl\u0131 dural\u00fcminyum pol<\/li>\n<li>Poller i\u00e7in i\u00e7 tentede klipsler<\/li>\n<li>Al\u00fcminyum sabitleme kaz\u0131klar\u0131<\/li>\n<li>Giri\u015f ve havaland\u0131rma<\/li>\n<li>Bagaj\/Full a\u00e7\u0131lan kap\u0131<\/li>\n<li>Havaland\u0131rma \u00e7\u0131k\u0131\u015flar\u0131&nbsp;<\/li>\n<\/ul>\n<p><strong>Aksesuar<\/strong> <\/p>\n<ul>\n<li>\u0130\u00e7 cepler<\/li>\n<li>I\u015f\u0131k klipsi<\/li>\n<li>Ayarlanabilir \u0131\u015f\u0131\u011f\u0131 yans\u0131tan gerdirme ipleri<\/li>\n<li>Tamir kiti<\/li>\n<\/ul>\n<p><a href=\"&lt;iframe width=\" 560\"=\"\" height=\"315\" src=\"\/\/www.youtube.com\/embed\/4IFTiqmlhRA\" frameborder=\"0\" allowfullscreen=\"\">&#8220;><br \/>\n\t\t<iframe src=\"\/\/www.youtube.com\/embed\/4IFTiqmlhRA\" allowfullscreen=\"allowfullscreen\" width=\"560\" height=\"315\" frameborder=\"0\"><\/iframe><\/a><\/p>\n<p>&nbsp;<\/p>\n","protected":false},"featured_media":31370,"template":"","meta":[],"product_brand":[],"product_cat":[771,770,720],"product_tag":[725],"class_list":{"0":"post-18138","1":"product","2":"type-product","3":"status-publish","4":"has-post-thumbnail","6":"product_cat-5-mevsim-cadirlar","7":"product_cat-cadirlar-ve-bivaklar","8":"product_cat-kamp-ve-seyahat","9":"product_tag-ferrino","11":"first","12":"instock","13":"taxable","14":"shipping-taxable","15":"product-type-simple"},"_links":{"self":[{"href":"https:\/\/searchandrescuetr.com\/index.php?rest_route=\/wp\/v2\/product\/18138","targetHints":{"allow":["GET"]}}],"collection":[{"href":"https:\/\/searchandrescuetr.com\/index.php?rest_route=\/wp\/v2\/product"}],"about":[{"href":"https:\/\/searchandrescuetr.com\/index.php?rest_route=\/wp\/v2\/types\/product"}],"wp:featuredmedia":[{"embeddable":true,"href":"https:\/\/searchandrescuetr.com\/index.php?rest_route=\/wp\/v2\/media\/31370"}],"wp:attachment":[{"href":"https:\/\/searchandrescuetr.com\/index.php?rest_route=%2Fwp%2Fv2%2Fmedia&parent=18138"}],"wp:term":[{"taxonomy":"product_brand","embeddable":true,"href":"https:\/\/searchandrescuetr.com\/index.php?rest_route=%2Fwp%2Fv2%2Fproduct_brand&post=18138"},{"taxonomy":"product_cat","embeddable":true,"href":"https:\/\/searchandrescuetr.com\/index.php?rest_route=%2Fwp%2Fv2%2Fproduct_cat&post=18138"},{"taxonomy":"product_tag","embeddable":true,"href":"https:\/\/searchandrescuetr.com\/index.php?rest_route=%2Fwp%2Fv2%2Fproduct_tag&post=18138"}],"curies":[{"name":"wp","href":"https:\/\/api.w.org\/{rel}","templated":true}]}}