{"id":18139,"date":"2022-09-05T12:01:59","date_gmt":"2022-09-05T09:01:59","guid":{"rendered":"http:\/\/searchandrescuetr.com\/urun\/ferrino-portable-cadir\/"},"modified":"2022-09-05T12:02:00","modified_gmt":"2022-09-05T09:02:00","slug":"ferrino-portable-cadir","status":"publish","type":"product","link":"https:\/\/searchandrescuetr.com\/?product=ferrino-portable-cadir","title":{"rendered":"Ferrino Portable \u00c7ad\u0131r"},"content":{"rendered":"<p><span style=\"vertical-align: inherit;\"><span style=\"vertical-align: inherit;\"><\/span><\/span><\/p>\n","protected":false},"excerpt":{"rendered":"<div class=\"section\">\n<dl id=\"product-data\">\n<dt>PORTALEDGE <br \/>\n\t\t\t\u0130ki ki\u015filik <br \/>\n\t\t\tA\u011f\u0131rl\u0131k:&nbsp; 9,6 kg<\/dt>\n<dt>Y\u00fckseklik 200cm <br \/>\n\t\t\tUzunluk 210cm <br \/>\n\t\t\tGeni\u015flik 120cm <br \/>\n\t\t\t\u00fcr\u00fcn kodu 99111 <br \/>\n\t\t\tFerrino Portalegde, bir ve ya birden fazla gecesini duvarda ge\u00e7irmesi gereken uzun duvar ve buz t\u0131rman\u0131c\u0131lar\u0131 i\u00e7in yarat\u0131ld\u0131. <br \/>\n\t\t\tkuma\u015f <br \/>\n\t\t\tTavan ve d\u0131\u015f duvarlar 210 D Oxford polyester. W\/R 4000 mm <br \/>\n\t\t\t\u0130\u00e7 yap\u0131 ve duvara bakacak y\u00fcz, y\u0131rt\u0131lmaya nemlenmeye dayan\u0131kl\u0131 ve kaymayan Supertex&reg; <br \/>\n\t\t\t\u0130ki kat g\u00fc\u00e7lendirilmi\u015f PVC ba\u011flant\u0131 noktalar\u0131 <\/p>\n<p>\t\t\tyap\u0131 <br \/>\n\t\t\t\u00c7ap\u0131 30mm&#8217;lik al\u00fcminyum poller <br \/>\n\t\t\t\u00c7elik ba\u011flant\u0131 noktalar\u0131 <br \/>\n\t\t\tDesteklenmi\u015f,kayayla tek ba\u011flant\u0131 noktas\u0131 <\/p>\n<p>\t\t\tgiri\u015f ve havaland\u0131rma <br \/>\n\t\t\t\u0130ki giri\u015f,iki b\u00f6l\u00fcm <br \/>\n\t\t\tHavaland\u0131rma \u00e7\u0131k\u0131\u015flar\u0131 <br \/>\n\t\t\taksesuar <br \/>\n\t\t\t\u00c7ad\u0131r\u0131n h\u0131zl\u0131 ve kolay bir \u015fekilde ba\u011flan\u0131p ayarlanabilmesi i\u00e7in 8 ba\u011flant\u0131 noktas\u0131 <br \/>\n\t\t\tAlt k\u0131s\u0131mda bagaj b\u00f6l\u00fcm\u00fc <br \/>\n\t\t\tS\u0131k\u0131\u015ft\u0131rma torbas\u0131<\/dt>\n<dt>Places<\/dt>\n<dd>2<\/dd>\n<dt>Max weight<\/dt>\n<dd>13.50 kg<\/dd>\n<dt>Height<\/dt>\n<dd>200 cm<\/dd>\n<dt>Length<\/dt>\n<dd>210 cm<\/dd>\n<dt>Width<\/dt>\n<dd>120 cm<\/dd>\n<\/dl>\n<\/div>\n<div class=\"section\">\n<p>Product code 99111<\/p>\n<p>The Ferrino Portaledge was created for those needing to spend one or more nights on a rock face with the collaboration of Bubu Bole, big wall and ice-climbing specialist.<\/p>\n<p><strong>Fabric<\/strong><br \/>\n\t\tRoof and outer walls in aluminised 210 D Oxford polyester.&nbsp; W\/R 4000 mm<br \/>\n\t\tInner structure and rear wall in rip-proof, damp-proof and non-slip Supertex&reg; <br \/>\n\t\tDouble reinforcements in PVC in the points subjected to the greatest wear<\/p>\n<p>\t\t<strong>Structure<\/strong><br \/>\n\t\tSupporting structure in tubular aluminium: diameter 30 mm<br \/>\n\t\tStructure connection joints in steel<br \/>\n\t\tSupport braces attached to a single fastening point on the rock face<\/p>\n<p>\t\t<strong>Entrance and ventilation<\/strong><br \/>\n\t\tDouble compartment with two entrances<br \/>\n\t\tVentilation sleeves and openings<\/p>\n<p>\t\t<strong>Accessories<\/strong><br \/>\n\t\t8 fastening points to secure the structure with quick and easy brace adjustment<br \/>\n\t\tStorage compartment in the bottom section<br \/>\n\t\tStuff sack<\/p>\n<\/div>\n","protected":false},"featured_media":31373,"template":"","meta":[],"product_brand":[],"product_cat":[771,770,720],"product_tag":[725],"class_list":{"0":"post-18139","1":"product","2":"type-product","3":"status-publish","4":"has-post-thumbnail","6":"product_cat-5-mevsim-cadirlar","7":"product_cat-cadirlar-ve-bivaklar","8":"product_cat-kamp-ve-seyahat","9":"product_tag-ferrino","11":"first","12":"instock","13":"taxable","14":"shipping-taxable","15":"product-type-simple"},"_links":{"self":[{"href":"https:\/\/searchandrescuetr.com\/index.php?rest_route=\/wp\/v2\/product\/18139","targetHints":{"allow":["GET"]}}],"collection":[{"href":"https:\/\/searchandrescuetr.com\/index.php?rest_route=\/wp\/v2\/product"}],"about":[{"href":"https:\/\/searchandrescuetr.com\/index.php?rest_route=\/wp\/v2\/types\/product"}],"wp:featuredmedia":[{"embeddable":true,"href":"https:\/\/searchandrescuetr.com\/index.php?rest_route=\/wp\/v2\/media\/31373"}],"wp:attachment":[{"href":"https:\/\/searchandrescuetr.com\/index.php?rest_route=%2Fwp%2Fv2%2Fmedia&parent=18139"}],"wp:term":[{"taxonomy":"product_brand","embeddable":true,"href":"https:\/\/searchandrescuetr.com\/index.php?rest_route=%2Fwp%2Fv2%2Fproduct_brand&post=18139"},{"taxonomy":"product_cat","embeddable":true,"href":"https:\/\/searchandrescuetr.com\/index.php?rest_route=%2Fwp%2Fv2%2Fproduct_cat&post=18139"},{"taxonomy":"product_tag","embeddable":true,"href":"https:\/\/searchandrescuetr.com\/index.php?rest_route=%2Fwp%2Fv2%2Fproduct_tag&post=18139"}],"curies":[{"name":"wp","href":"https:\/\/api.w.org\/{rel}","templated":true}]}}