{"id":18141,"date":"2022-09-05T12:01:59","date_gmt":"2022-09-05T09:01:59","guid":{"rendered":"http:\/\/searchandrescuetr.com\/urun\/evolite-k-2-5-mevsim-cadir\/"},"modified":"2022-09-05T12:02:01","modified_gmt":"2022-09-05T09:02:01","slug":"evolite-k-2-5-mevsim-cadir","status":"publish","type":"product","link":"https:\/\/searchandrescuetr.com\/?product=evolite-k-2-5-mevsim-cadir","title":{"rendered":"Evolite K-2 (5 Mevsim) \u00c7ad\u0131r"},"content":{"rendered":"<p><span style=\"vertical-align: inherit;\"><span style=\"vertical-align: inherit;\"><\/span><\/span><\/p>\n","protected":false},"excerpt":{"rendered":"<p>Evolite Be\u015f Mevsim ALUM\u0130NYUM Poll\u00fc Da\u011fc\u0131 \u00c7ad\u0131r\u0131 (Renk Turuncu)<\/p>\n<table style=\"width: 340px; height: 213px;\" width=\"340\" cellspacing=\"1\" cellpadding=\"1\" border=\"1\">\n<tbody>\n<tr>\n<td><strong>Model :<\/strong><\/td>\n<td>Evolite K2 &#8211; 5 Mevsim<\/td>\n<\/tr>\n<tr>\n<td><strong>\u00dcr\u00fcn Kodu :<\/strong><\/td>\n<td>EVO-05<\/td>\n<\/tr>\n<tr>\n<td><strong>Kapasite :<\/strong><\/td>\n<td>3 Ki\u015filik<\/td>\n<\/tr>\n<tr>\n<td><strong>\u00d6l\u00e7\u00fcler :<\/strong><\/td>\n<td>210 x (180\/120+45)+55&#215;120 cm <strong><span style=\"color: #0000ff;\"><a href=\"http:\/\/st2.myideasoft.com\/idea\/bw\/79\/myassets\/products\/185\/778c23157a89c966ce489ec9e172be3b.jpg?revision=1480662463\" target=\"_blank\" title=\"Evolite K-2 Extreme Tent\" rel=\"noopener\">Kroki<\/a><\/span><\/strong><\/td>\n<\/tr>\n<tr>\n<td><strong>\u00dcst Kuma\u015f :<\/strong><\/td>\n<td>Polyester Diamond Ripstop 5000mm.<\/td>\n<\/tr>\n<tr>\n<td><strong>Alt Kuma\u015f :<\/strong><\/td>\n<td>Breathable Polyester<\/td>\n<\/tr>\n<tr>\n<td><strong>Zemin :<\/strong><\/td>\n<td>Polyester 100D \/ 10000mm<\/td>\n<\/tr>\n<tr>\n<td><strong>Poller :<\/strong><\/td>\n<td>7001 T6,&nbsp;Duraluminium 9.5mm<\/td>\n<\/tr>\n<tr>\n<td><strong>A\u011f\u0131rl\u0131k :<\/strong><\/td>\n<td>3.80 kg<\/td>\n<\/tr>\n<\/tbody>\n<\/table>\n<p>&nbsp;<\/p>\n<p><strong><span style=\"color: #0000ff;\"><span style=\"color: #ff6600;\"><span style=\"color: #0000ff;\">\u00dcr\u00fcn A\u00e7\u0131klamas\u0131: <\/span><\/span><\/span>Evolite K2&#8242;<\/strong> \u00e7ad\u0131r modeli, <strong>2 kap\u0131l\u0131 <\/strong>ve<strong> bagajl\u0131,<\/strong>&nbsp; <strong>5 mevsim<\/strong> &nbsp;bir \u00e7ad\u0131r modelidir.<\/p>\n<p>Bu model,tam bir zirve \u00e7ad\u0131r\u0131d\u0131r,&nbsp;y\u00fcksek karl\u0131 da\u011flarda,y\u00fcksek f\u0131rt\u0131nalarda&nbsp;bile&nbsp;en iyi&nbsp;konfor sa\u011flar.<\/p>\n<p>Bununla birlikte, sizi her zaman ve her yerde olumsuz hava ko\u015fullar\u0131na kar\u015f\u0131 korumaya kar\u015f\u0131 haz\u0131rd\u0131r.<\/p>\n<p>Bu modelin \u00fc\u00e7-kanal 9,5mm duralumin yap\u0131s\u0131, \u00e7ok sert r\u00fczg\u00e2rlar olsa bile, y\u00fcksek seviyede bir dayan\u0131kl\u0131l\u0131\u011f\u0131 veya k\u0131r\u0131lmazl\u0131\u011f\u0131 temin eder.<\/p>\n<p>Ke\u015fif seferleri, da\u011f gezileri, ve treking turlar\u0131 i\u00e7in ideal bir modeldir.<\/p>\n<p>Tek Kurulum yap\u0131ya sahiptir.<\/p>\n<p><span style=\"color: #ff6600;\"><strong><span style=\"color: #0000ff;\">DI\u015e YAPI \u0130LE \u0130LG\u0130L\u0130 OLAN DETAYLAR:<\/span> <\/strong><\/span>D\u0131\u015f yap\u0131 her zaman \u00e7ad\u0131r\u0131n d\u0131\u015f y\u00fczeyine uyum sa\u011flamaktad\u0131r.<\/p>\n<p>\u0130lk olarak, \u00e7ad\u0131r\u0131n d\u0131\u015f\u0131 yerine konulur ve daha sonra \u00e7ad\u0131r\u0131n i\u00e7erden olan ba\u011flant\u0131s\u0131 ger\u00e7ekle\u015ftirilir.<\/p>\n<p>\u00c7ad\u0131r\u0131n toplanmas\u0131 halinde \u00e7ad\u0131r i\u00e7i ba\u011flant\u0131n\u0131n tekrar \u00e7\u00f6z\u00fclmesine ihtiya\u00e7 duyulmayacakt\u0131r.<\/p>\n<p>Bu durum, \u00e7ad\u0131r\u0131n kurulmas\u0131n\u0131n ve toplanmas\u0131n\u0131n \u00e7ok kolay ve pratik olarak yap\u0131labildi\u011fi anlam\u0131na gelmektedir.<\/p>\n<p>B\u00f6ylece, havada \u00e7ok ani bir de\u011fi\u015fiklik olursa, \u00e7ad\u0131r\u0131n\u0131z\u0131 b\u00fct\u00fcn\u00fcyle tek hamlede yerine koyma imk\u00e2n\u0131n\u0131z olacakt\u0131r.<\/p>\n<p>Dolay\u0131s\u0131yla, ya\u011fmurun \u00e7ad\u0131r\u0131n\u0131z\u0131n i\u00e7ine kadar girmesini beklemek zorunda kalmayacaks\u0131n\u0131z.<\/p>\n<p><span style=\"color: #ff6600;\"><strong><span style=\"color: #0000ff;\">Ripstop kaplama materyali:<\/span><\/strong><\/span> Ripstop (y\u0131rt\u0131k \u00f6nleyici) kaplama materyali benzersiz mekanik dayan\u0131kl\u0131l\u0131\u011f\u0131 ile y\u00fcksek bir dereceye ula\u015fm\u0131\u015ft\u0131r.<\/p>\n<p>Y\u0131rt\u0131lmaya kar\u015f\u0131 dayan\u0131kl\u0131l\u0131\u011f\u0131, \u00f6zel t\u0131rt\u0131kl\u0131 yap\u0131s\u0131 sayesinde \u00f6nemli \u00f6l\u00e7\u00fcde art\u0131\u015f g\u00f6stermi\u015ftir.<\/p>\n<p>Bununla beraber, e\u011fer materyal zamanla tahri\u015f olursa, Ripstop kaplama ilerde kendili\u011finden meydana gelecek y\u0131rt\u0131lmalar\u0131 \u00f6nleyecektir.<\/p>\n<p>Ripstop materyali, \u00fcretimi yap\u0131lan t\u00fcm&nbsp; 4 ve 5 mevsim Evolite \u00e7ad\u0131r modellerinde kullan\u0131lmaktad\u0131r.<\/p>\n<p><span style=\"color: #ff6600;\"><strong><span style=\"color: #0000ff;\">\u00c7ad\u0131r\u0131n i\u00e7i:<\/span><\/strong><\/span> \u0130nce i\u00e7 \u00e7ad\u0131r nefes alabilen&nbsp;&nbsp;polyester materyalinden yap\u0131lmaktad\u0131r 5000 mm\/cm2&nbsp;su bas\u0131nc\u0131na dayan\u0131kl\u0131d\u0131r.<\/p>\n<p>Polyesterden yap\u0131lmakta olan \u00e7ad\u0131r taban\u0131 10000 mm\/cm2&nbsp;su bas\u0131nc\u0131na dayan\u0131kl\u0131d\u0131r.<\/p>\n<p>Y\u00fcksek kalite \u00e7ift bantl\u0131 diki\u015f sistemi diki\u015f yerlerinde 100 su ge\u00e7irmeme garantisi sa\u011flamaktad\u0131r.<\/p>\n<p>\u00c7ad\u0131r i\u00e7i bo\u015flu\u011fu temin eden ba\u011flant\u0131 ipi, \u00f6zel \u00e7engelli yap\u0131s\u0131 sayesinde \u00e7ad\u0131r\u0131n kurulmas\u0131n\u0131 ve toplan\u0131p kald\u0131r\u0131lmas\u0131n\u0131 h\u0131zland\u0131rmay\u0131 garanti alt\u0131na al\u0131r.<\/p>\n<p><span style=\"color: #ff6600;\"><strong><span style=\"color: #0000ff;\">Kar muhafaza ete\u011fi:<\/span><\/strong><\/span> Kar muhafaza ete\u011fi, 30cm geni\u015fli\u011finde kar etekleri zorlu k\u0131\u015f ko\u015fullar\u0131nda \u00e7ad\u0131r\u0131n dayan\u0131m\u0131n\u0131 ve \u0131s\u0131 izolasyonunu artt\u0131r\u0131r.<\/p>\n<p>2 kap\u0131l\u0131 ve bagajl\u0131 yap\u0131s\u0131 havaland\u0131rmay\u0131 art\u0131r\u0131rken k\u00f6t\u00fc hava \u015fartlar\u0131nda alternatif \u00e7\u0131k\u0131\u015f imkan\u0131 sa\u011flar.<\/p>\n","protected":false},"featured_media":31378,"template":"","meta":[],"product_brand":[],"product_cat":[771,770,720],"product_tag":[151],"class_list":{"0":"post-18141","1":"product","2":"type-product","3":"status-publish","4":"has-post-thumbnail","6":"product_cat-5-mevsim-cadirlar","7":"product_cat-cadirlar-ve-bivaklar","8":"product_cat-kamp-ve-seyahat","9":"product_tag-evolite","11":"first","12":"instock","13":"taxable","14":"shipping-taxable","15":"product-type-simple"},"_links":{"self":[{"href":"https:\/\/searchandrescuetr.com\/index.php?rest_route=\/wp\/v2\/product\/18141","targetHints":{"allow":["GET"]}}],"collection":[{"href":"https:\/\/searchandrescuetr.com\/index.php?rest_route=\/wp\/v2\/product"}],"about":[{"href":"https:\/\/searchandrescuetr.com\/index.php?rest_route=\/wp\/v2\/types\/product"}],"wp:featuredmedia":[{"embeddable":true,"href":"https:\/\/searchandrescuetr.com\/index.php?rest_route=\/wp\/v2\/media\/31378"}],"wp:attachment":[{"href":"https:\/\/searchandrescuetr.com\/index.php?rest_route=%2Fwp%2Fv2%2Fmedia&parent=18141"}],"wp:term":[{"taxonomy":"product_brand","embeddable":true,"href":"https:\/\/searchandrescuetr.com\/index.php?rest_route=%2Fwp%2Fv2%2Fproduct_brand&post=18141"},{"taxonomy":"product_cat","embeddable":true,"href":"https:\/\/searchandrescuetr.com\/index.php?rest_route=%2Fwp%2Fv2%2Fproduct_cat&post=18141"},{"taxonomy":"product_tag","embeddable":true,"href":"https:\/\/searchandrescuetr.com\/index.php?rest_route=%2Fwp%2Fv2%2Fproduct_tag&post=18141"}],"curies":[{"name":"wp","href":"https:\/\/api.w.org\/{rel}","templated":true}]}}