{"id":18142,"date":"2022-09-05T12:01:59","date_gmt":"2022-09-05T09:01:59","guid":{"rendered":"http:\/\/searchandrescuetr.com\/urun\/ferrino-pumori-2-cadir\/"},"modified":"2022-09-05T12:03:28","modified_gmt":"2022-09-05T09:03:28","slug":"ferrino-pumori-2-cadir","status":"publish","type":"product","link":"https:\/\/searchandrescuetr.com\/?product=ferrino-pumori-2-cadir","title":{"rendered":"Ferrino Pumori 2 \u00c7ad\u0131r"},"content":{"rendered":"<p><span style=\"vertical-align: inherit;\"><span style=\"vertical-align: inherit;\"><\/span><\/span><\/p>\n","protected":false},"excerpt":{"rendered":"<div class=\"section\">\n<dl><span style=\"font-weight: bold; font-size: 10pt;\">\u00d6ZELL\u0130KLER<\/span>\n\t<\/dl>\n<\/div>\n<div class=\"section\">\n<dl><span style=\"font-size: 10pt;\">\u0130ki ki\u015finin d\u00f6rt mevsim boyunca rahatl\u0131kla kullanabilece\u011fi hafif ve sa\u011flam tasar\u0131m<br \/>\n\t\t\t<\/span><\/p>\n<ul>\n<li><span style=\"font-size: 10pt;\"><span style=\"font-weight: bold;\">Paket boyutlar\u0131:<\/span> 15 x 40 cm<\/span><\/li>\n<li><span style=\"font-size: 10pt;\"><span style=\"font-weight: bold;\">A\u011f\u0131rl\u0131k:<\/span>&nbsp; maksimum 2,90 kg \/ minimum 2,65 kg<\/span><\/li>\n<li><span style=\"font-size: 10pt;\">Al\u00fcminyum poller ve radyal birle\u015fme sistemi dayan\u0131kl\u0131l\u0131k sa\u011flar<\/span><\/li>\n<li><span style=\"font-size: 10pt;\"><span style=\"font-weight: bold;\">D\u0131\u015f tente:<\/span> \u0131s\u0131 yal\u0131t\u0131m\u0131 \u00f6zellikli,&nbsp; 3000mm&#8217;ye kadar su ge\u00e7irmez ripstop polyester kuma\u015f&nbsp;&nbsp;<\/span><\/li>\n<li><span style=\"font-size: 10pt;\"><span style=\"font-weight: bold; font-size: 10pt;\">\u0130\u00e7 tente:<\/span> su ge\u00e7irmez ve nefes alabilir ripstop polyester kuma\u015f<\/span><\/li>\n<li><span style=\"font-size: 10pt;\"><span style=\"font-weight: bold;\">Zemin:<\/span> 4000mm&#8217;ye kadar su ge\u00e7irmez polyester kuma\u015f<\/span><\/li>\n<li><span style=\"font-size: 10pt;\">Yanmay\u0131 geciktirici \u00f6zellikte kuma\u015f\u0131yla sizi g\u00fcvende tutar<\/span><\/li>\n<li><span style=\"font-size: 10pt;\">Zeminde ve d\u0131\u015f tentede bantlanm\u0131\u015f diki\u015flerle su ge\u00e7irmezlik \u00f6zelli\u011fi g\u00fc\u00e7lendirilmi\u015ftir<\/span><\/li>\n<li><span style=\"font-size: 10pt;\">Hexagon al\u00fcminyum kaz\u0131klarla dayan\u0131kl\u0131l\u0131\u011f\u0131 art\u0131r\u0131lm\u0131\u015ft\u0131r<\/span><\/li>\n<li><span style=\"font-size: 10pt;\">2 adet giri\u015fi,havaland\u0131rma \u00e7\u0131k\u0131\u015flar\u0131 ve istenildi\u011finde kald\u0131r\u0131labilen kar ete\u011fi mevcuttur<\/span><\/li>\n<li><span style=\"font-size: 10pt;\">D\u0131\u015f\u0131nda cibinlik bulunan kap\u0131lar, tamamen a\u00e7\u0131l\u0131p \u00e7\u0131kar\u0131labilir<\/span><\/li>\n<li><span style=\"font-size: 10pt;\">Depolama i\u00e7in i\u00e7 cepler bulunur<\/span><\/li>\n<li><span style=\"font-size: 10pt;\">Lamba kancas\u0131,ta\u015f\u0131ma \u00e7antas\u0131 ve tamir kiti mevcuttur<\/span><\/li>\n<\/ul>\n<p><\/p>\n<ul>\n\t\t\t<iframe src=\"\/\/www.youtube.com\/embed\/nVNuS7JRg14\" allowfullscreen=\"allowfullscreen\" width=\"560\" height=\"315\" frameborder=\"0\"><\/iframe>\n\t\t<\/ul>\n<div>&nbsp;<\/div>\n<div>&nbsp;<\/div>\n<div>&nbsp;<\/div>\n<\/dl>\n<\/div>\n<p><iframe src=\"\/\/www.youtube.com\/embed\/SX7fp6n2lA8\" allowfullscreen=\"allowfullscreen\" width=\"560\" height=\"315\" frameborder=\"0\"><\/iframe><\/p>\n","protected":false},"featured_media":31394,"template":"","meta":[],"product_brand":[],"product_cat":[774,770,720],"product_tag":[725],"class_list":{"0":"post-18142","1":"product","2":"type-product","3":"status-publish","4":"has-post-thumbnail","6":"product_cat-4-mevsim-cadirlar","7":"product_cat-cadirlar-ve-bivaklar","8":"product_cat-kamp-ve-seyahat","9":"product_tag-ferrino","11":"first","12":"instock","13":"taxable","14":"shipping-taxable","15":"product-type-simple"},"_links":{"self":[{"href":"https:\/\/searchandrescuetr.com\/index.php?rest_route=\/wp\/v2\/product\/18142","targetHints":{"allow":["GET"]}}],"collection":[{"href":"https:\/\/searchandrescuetr.com\/index.php?rest_route=\/wp\/v2\/product"}],"about":[{"href":"https:\/\/searchandrescuetr.com\/index.php?rest_route=\/wp\/v2\/types\/product"}],"wp:featuredmedia":[{"embeddable":true,"href":"https:\/\/searchandrescuetr.com\/index.php?rest_route=\/wp\/v2\/media\/31394"}],"wp:attachment":[{"href":"https:\/\/searchandrescuetr.com\/index.php?rest_route=%2Fwp%2Fv2%2Fmedia&parent=18142"}],"wp:term":[{"taxonomy":"product_brand","embeddable":true,"href":"https:\/\/searchandrescuetr.com\/index.php?rest_route=%2Fwp%2Fv2%2Fproduct_brand&post=18142"},{"taxonomy":"product_cat","embeddable":true,"href":"https:\/\/searchandrescuetr.com\/index.php?rest_route=%2Fwp%2Fv2%2Fproduct_cat&post=18142"},{"taxonomy":"product_tag","embeddable":true,"href":"https:\/\/searchandrescuetr.com\/index.php?rest_route=%2Fwp%2Fv2%2Fproduct_tag&post=18142"}],"curies":[{"name":"wp","href":"https:\/\/api.w.org\/{rel}","templated":true}]}}