{"id":18143,"date":"2022-09-05T12:01:59","date_gmt":"2022-09-05T09:01:59","guid":{"rendered":"http:\/\/searchandrescuetr.com\/urun\/ferrino-makalu-3-cadir\/"},"modified":"2022-09-05T12:03:38","modified_gmt":"2022-09-05T09:03:38","slug":"ferrino-makalu-3-cadir","status":"publish","type":"product","link":"https:\/\/searchandrescuetr.com\/?product=ferrino-makalu-3-cadir","title":{"rendered":"Ferrino Makalu 3 \u00c7ad\u0131r"},"content":{"rendered":"<p><span style=\"vertical-align: inherit;\"><span style=\"vertical-align: inherit;\"><\/span><\/span><\/p>\n","protected":false},"excerpt":{"rendered":"<p>MAKALU&#8217; 3 <br \/>\n\tHacim 2.20 m\u00b3 <br \/>\n\t\u00dc\u00e7 ki\u015filik <br \/>\n\tA\u011f\u0131rl\u0131k: Max.\/Min. 4 &#8211; 3,8 kg<\/p>\n<p>Y\u00fckseklik 115cm <br \/>\n\t\u00fcr\u00fcn kodu 99074 <\/p>\n<p>\tD\u0131\u015f tenteyle birle\u015fik al\u00fcminyum polleri ve yeni esnek sistemiyle sa\u011flamla\u015ft\u0131r\u0131lm\u0131\u015f, 2 ya da 3 ki\u015filik 4 mevsim \u00e7ad\u0131r. <br \/>\n\tKuma\u015f <br \/>\n\tTermal yal\u0131t\u0131ml\u0131 al\u00fcminize edilmi\u015f 3000mm ye kadar su ge\u00e7irmez, y\u0131rt\u0131lmaz polyesterden d\u0131\u015f tente. <br \/>\n\t\u0130\u00e7 tente su ge\u00e7irmez ve soluyabilir, y\u0131rt\u0131lmaz naylon <br \/>\n\tZemin 4000mm ye kadar suge\u00e7irmez polyester <br \/>\n\tpoli\u00fcretan pencere <br \/>\n\tZeminde ve d\u0131\u015f tentede bantlanm\u0131\u015f diki\u015fler <br \/>\n\tGerilime kar\u015f\u0131 3 kat destekli ba\u011flant\u0131 noktalar\u0131. <\/p>\n<p>\tYap\u0131 <br \/>\n\t3 \u015foka dayan\u0131kl\u0131 dural\u00fcminyum pol <br \/>\n\t\u0130\u00e7 tente ve d\u0131\u015f tenteyi sabitleyen ba\u011flant\u0131 noktas\u0131 <br \/>\n\tAl\u00fcminyum sabitleme kaz\u0131klar\u0131 <br \/>\n\tElastik sistemli d\u0131\u015ftan d\u0131\u015f tenteye tak\u0131lan poller <br \/>\n\tGiri\u015f ve havaland\u0131rma <br \/>\n\tBagaj <br \/>\n\tFull a\u00e7\u0131lan d\u0131\u015ftan sineklikli 2 kap\u0131 <br \/>\n\tF\u0131rt\u0131naya dayan\u0131kl\u0131 havaland\u0131rma \u00e7\u0131k\u0131\u015flar\u0131 <br \/>\n\tAyarlanabilen kar ete\u011fi <br \/>\n\tAksesuar <br \/>\n\t&#8220;\u00c7ok noktal\u0131\u201d \u0131\u015f\u0131\u011f\u0131 yans\u0131tan gerdirme ipleri <br \/>\n\tMalzeme ask\u0131lar\u0131 <br \/>\n\t\u0130\u00e7 cepler <br \/>\n\tI\u015f\u0131k kancas\u0131 <br \/>\n\tTa\u015f\u0131ma \u00f6antas\u0131 <br \/>\n\tTamir kiti<\/p>\n","protected":false},"featured_media":31401,"template":"","meta":[],"product_brand":[],"product_cat":[774,770,720],"product_tag":[725],"class_list":{"0":"post-18143","1":"product","2":"type-product","3":"status-publish","4":"has-post-thumbnail","6":"product_cat-4-mevsim-cadirlar","7":"product_cat-cadirlar-ve-bivaklar","8":"product_cat-kamp-ve-seyahat","9":"product_tag-ferrino","11":"first","12":"instock","13":"taxable","14":"shipping-taxable","15":"product-type-simple"},"_links":{"self":[{"href":"https:\/\/searchandrescuetr.com\/index.php?rest_route=\/wp\/v2\/product\/18143","targetHints":{"allow":["GET"]}}],"collection":[{"href":"https:\/\/searchandrescuetr.com\/index.php?rest_route=\/wp\/v2\/product"}],"about":[{"href":"https:\/\/searchandrescuetr.com\/index.php?rest_route=\/wp\/v2\/types\/product"}],"wp:featuredmedia":[{"embeddable":true,"href":"https:\/\/searchandrescuetr.com\/index.php?rest_route=\/wp\/v2\/media\/31401"}],"wp:attachment":[{"href":"https:\/\/searchandrescuetr.com\/index.php?rest_route=%2Fwp%2Fv2%2Fmedia&parent=18143"}],"wp:term":[{"taxonomy":"product_brand","embeddable":true,"href":"https:\/\/searchandrescuetr.com\/index.php?rest_route=%2Fwp%2Fv2%2Fproduct_brand&post=18143"},{"taxonomy":"product_cat","embeddable":true,"href":"https:\/\/searchandrescuetr.com\/index.php?rest_route=%2Fwp%2Fv2%2Fproduct_cat&post=18143"},{"taxonomy":"product_tag","embeddable":true,"href":"https:\/\/searchandrescuetr.com\/index.php?rest_route=%2Fwp%2Fv2%2Fproduct_tag&post=18143"}],"curies":[{"name":"wp","href":"https:\/\/api.w.org\/{rel}","templated":true}]}}