{"id":18145,"date":"2022-09-05T12:01:59","date_gmt":"2022-09-05T09:01:59","guid":{"rendered":"http:\/\/searchandrescuetr.com\/urun\/evolite-dakota-4-mevsim\/"},"modified":"2022-09-05T12:03:48","modified_gmt":"2022-09-05T09:03:48","slug":"evolite-dakota-4-mevsim","status":"publish","type":"product","link":"https:\/\/searchandrescuetr.com\/?product=evolite-dakota-4-mevsim","title":{"rendered":"Evolite Dakota (4 Mevsim)"},"content":{"rendered":"<p><span style=\"vertical-align: inherit;\"><span style=\"vertical-align: inherit;\"><\/span><\/span><\/p>\n","protected":false},"excerpt":{"rendered":"<p>&nbsp;<\/p>\n<table style=\"border-collapse: collapse; width: 340px; height: 213px;\" width=\"340\" cellspacing=\"1\" cellpadding=\"1\" border=\"1\">\n<tbody>\n<tr>\n<td style=\"color: #333333; font-family: 'Trebuchet MS', Arial, Helvetica, sans-serif; font-size: 12px; padding: 0px; margin: 0px;\"><strong style=\"font-weight: bold;\">Model :<\/strong><\/td>\n<td style=\"color: #333333; font-family: 'Trebuchet MS', Arial, Helvetica, sans-serif; font-size: 12px; padding: 0px; margin: 0px;\">Evolite&nbsp;Dakota &#8211;&nbsp;4 Mevsim<\/td>\n<\/tr>\n<tr>\n<td style=\"color: #333333; font-family: 'Trebuchet MS', Arial, Helvetica, sans-serif; font-size: 12px; padding: 0px; margin: 0px;\"><strong style=\"font-weight: bold;\">\u00dcr\u00fcn Kodu :<\/strong><\/td>\n<td style=\"color: #333333; font-family: 'Trebuchet MS', Arial, Helvetica, sans-serif; font-size: 12px; padding: 0px; margin: 0px;\">EVO-04<\/td>\n<\/tr>\n<tr>\n<td style=\"color: #333333; font-family: 'Trebuchet MS', Arial, Helvetica, sans-serif; font-size: 12px; padding: 0px; margin: 0px;\"><strong style=\"font-weight: bold;\">Kapasite :<\/strong><\/td>\n<td style=\"color: #333333; font-family: 'Trebuchet MS', Arial, Helvetica, sans-serif; font-size: 12px; padding: 0px; margin: 0px;\">2&nbsp;Ki\u015filik<\/td>\n<\/tr>\n<tr>\n<td style=\"color: #333333; font-family: 'Trebuchet MS', Arial, Helvetica, sans-serif; font-size: 12px; padding: 0px; margin: 0px;\"><strong style=\"font-weight: bold;\">\u00d6l\u00e7\u00fcler u.g.y:<\/strong><\/td>\n<td style=\"color: #333333; font-family: 'Trebuchet MS', Arial, Helvetica, sans-serif; font-size: 12px; padding: 0px; margin: 0px;\">340&nbsp;x160 x120cm<\/td>\n<\/tr>\n<tr>\n<td style=\"color: #333333; font-family: 'Trebuchet MS', Arial, Helvetica, sans-serif; font-size: 12px; padding: 0px; margin: 0px;\"><strong style=\"font-weight: bold;\">\u00dcst Kuma\u015f :<\/strong><\/td>\n<td style=\"color: #333333; font-family: 'Trebuchet MS', Arial, Helvetica, sans-serif; font-size: 12px; padding: 0px; margin: 0px;\">Polyester Diamond Ripstop 4000mm.<\/td>\n<\/tr>\n<tr>\n<td style=\"color: #333333; font-family: 'Trebuchet MS', Arial, Helvetica, sans-serif; font-size: 12px; padding: 0px; margin: 0px;\"><strong style=\"font-weight: bold;\">Alt Kuma\u015f :<\/strong><\/td>\n<td style=\"color: #333333; font-family: 'Trebuchet MS', Arial, Helvetica, sans-serif; font-size: 12px; padding: 0px; margin: 0px;\">Breathable Polyester<\/td>\n<\/tr>\n<tr>\n<td style=\"color: #333333; font-family: 'Trebuchet MS', Arial, Helvetica, sans-serif; font-size: 12px; padding: 0px; margin: 0px;\"><strong style=\"font-weight: bold;\">Zemin :<\/strong><\/td>\n<td style=\"color: #333333; font-family: 'Trebuchet MS', Arial, Helvetica, sans-serif; font-size: 12px; padding: 0px; margin: 0px;\">Polyester 100D \/ 8000mm<\/td>\n<\/tr>\n<tr>\n<td style=\"color: #333333; font-family: 'Trebuchet MS', Arial, Helvetica, sans-serif; font-size: 12px; padding: 0px; margin: 0px;\"><strong style=\"font-weight: bold;\">Poller :<\/strong><\/td>\n<td style=\"color: #333333; font-family: 'Trebuchet MS', Arial, Helvetica, sans-serif; font-size: 12px; padding: 0px; margin: 0px;\">Fiberglass&nbsp;8.5mm<\/td>\n<\/tr>\n<tr>\n<td style=\"color: #333333; font-family: 'Trebuchet MS', Arial, Helvetica, sans-serif; font-size: 12px; padding: 0px; margin: 0px;\"><strong style=\"font-weight: bold;\">A\u011f\u0131rl\u0131k :<\/strong><\/td>\n<td style=\"color: #333333; font-family: 'Trebuchet MS', Arial, Helvetica, sans-serif; font-size: 12px; padding: 0px; margin: 0px;\">3.70 kg<\/td>\n<\/tr>\n<\/tbody>\n<\/table>\n<p>&nbsp;<\/p>\n<p>&nbsp;<\/p>\n","protected":false},"featured_media":31410,"template":"","meta":[],"product_brand":[],"product_cat":[774,770,720],"product_tag":[151],"class_list":{"0":"post-18145","1":"product","2":"type-product","3":"status-publish","4":"has-post-thumbnail","6":"product_cat-4-mevsim-cadirlar","7":"product_cat-cadirlar-ve-bivaklar","8":"product_cat-kamp-ve-seyahat","9":"product_tag-evolite","11":"first","12":"instock","13":"taxable","14":"shipping-taxable","15":"product-type-simple"},"_links":{"self":[{"href":"https:\/\/searchandrescuetr.com\/index.php?rest_route=\/wp\/v2\/product\/18145","targetHints":{"allow":["GET"]}}],"collection":[{"href":"https:\/\/searchandrescuetr.com\/index.php?rest_route=\/wp\/v2\/product"}],"about":[{"href":"https:\/\/searchandrescuetr.com\/index.php?rest_route=\/wp\/v2\/types\/product"}],"wp:featuredmedia":[{"embeddable":true,"href":"https:\/\/searchandrescuetr.com\/index.php?rest_route=\/wp\/v2\/media\/31410"}],"wp:attachment":[{"href":"https:\/\/searchandrescuetr.com\/index.php?rest_route=%2Fwp%2Fv2%2Fmedia&parent=18145"}],"wp:term":[{"taxonomy":"product_brand","embeddable":true,"href":"https:\/\/searchandrescuetr.com\/index.php?rest_route=%2Fwp%2Fv2%2Fproduct_brand&post=18145"},{"taxonomy":"product_cat","embeddable":true,"href":"https:\/\/searchandrescuetr.com\/index.php?rest_route=%2Fwp%2Fv2%2Fproduct_cat&post=18145"},{"taxonomy":"product_tag","embeddable":true,"href":"https:\/\/searchandrescuetr.com\/index.php?rest_route=%2Fwp%2Fv2%2Fproduct_tag&post=18145"}],"curies":[{"name":"wp","href":"https:\/\/api.w.org\/{rel}","templated":true}]}}