{"id":18146,"date":"2022-09-05T12:04:38","date_gmt":"2022-09-05T09:04:38","guid":{"rendered":"http:\/\/searchandrescuetr.com\/urun\/ferrino-shaba-3-cadir\/"},"modified":"2022-09-05T12:05:10","modified_gmt":"2022-09-05T09:05:10","slug":"ferrino-shaba-3-cadir","status":"publish","type":"product","link":"https:\/\/searchandrescuetr.com\/?product=ferrino-shaba-3-cadir","title":{"rendered":"Ferrino Shaba 3 \u00c7ad\u0131r"},"content":{"rendered":"<p><span style=\"vertical-align: inherit;\"><span style=\"vertical-align: inherit;\"><\/span><\/span><\/p>\n","protected":false},"excerpt":{"rendered":"<p><span style=\"font-weight: bold; font-size: 10pt;\">\u00d6ZELL\u0130KLER<\/span><\/p>\n<ul>\n<li><span style=\"font-size: 10pt;\"><span style=\"font-weight: bold;\">D\u0131\u015f tente: <\/span>70D diamond polyester,&nbsp;<\/span>75 g\/m\u00b2,&nbsp; <span style=\"font-size: 10pt;\">poli\u00fcretan kaplama, \u0131s\u0131 yal\u0131t\u0131m\u0131,su<\/span> <span style=\"font-size: 10pt;\">itici ve 2000 mm&#8217;ye kadar su ge\u00e7irmezlik \u00f6zelli\u011fi olan kuma\u015f<\/span><\/li>\n<li><span style=\"font-size: 10pt;\"><span style=\"font-weight: bold;\">\u0130\u00e7 tente:&nbsp;<\/span> nefes alabilir ve su ge\u00e7irmez \u00f6zellikte diamond polyester<\/span><\/li>\n<li><span style=\"font-weight: bold; font-size: 10pt;\">Zemin: <\/span><span style=\"font-size: 10pt;\">150D Oxford polyester, 110 g<\/span>\/m\u00b2<span style=\"font-size: 10pt;\">, \u0131s\u0131 yal\u0131t\u0131ml\u0131 poli\u00fcretan kaplama,&nbsp;<\/span>su iticilik ve<span style=\"font-size: 10pt;\">&nbsp;2500mm&#8217;ye kadar<\/span> su <span style=\"font-size: 10pt;\">ge\u00e7irmezlik \u00f6zelli\u011fi<\/span><\/li>\n<li><span style=\"font-size: 10pt;\">K\u00fc\u00e7\u00fck malzemeler i\u00e7in malzeme cebi bulunur<\/span><\/li>\n<li><span style=\"font-weight: bold;\">A\u011f\u0131rl\u0131k:<\/span>&nbsp;<span style=\"font-size: 10pt;\">minimum 6,8 kg&nbsp; \/ maksimum 6,10 kg<\/span><\/li>\n<li><span style=\"font-size: 10pt;\"><span style=\"font-weight: bold;\">Paket boyutlar\u0131:<\/span>&nbsp;51 x 22 cm<\/span><\/li>\n<li><span style=\"font-size: 10pt;\">\u00c7elik sabitleme kaz\u0131klar\u0131 ve fiberglas pollerle daha sa\u011flam bir tutu\u015f sa\u011flar<\/span><\/li>\n<li><span style=\"font-size: 10pt;\">Havaland\u0131rma \u00e7\u0131k\u0131\u015flar\u0131 bulunur<\/span><\/li>\n<li><span style=\"font-size: 10pt;\">Bantl\u0131 diki\u015fleriyle dayan\u0131kl\u0131l\u0131\u011f\u0131 art\u0131r\u0131lm\u0131\u015ft\u0131r<\/span><\/li>\n<li><span style=\"font-size: 10pt;\">\u0130\u00e7 tentede havaland\u0131rma sistemi mevcuttur<\/span><\/li>\n<li><span style=\"font-size: 10pt;\">2 giri\u015flidir, d\u0131\u015f k\u0131s\u0131mdaki cibinlikli kap\u0131lar tamamen a\u00e7\u0131l\u0131p \u00e7\u0131kar\u0131labilir<\/span><\/li>\n<li><span style=\"font-size: 10pt;\">Tamir kiti, ta\u015f\u0131ma \u00e7antas\u0131 ve lamba kancas\u0131 bulunur<\/span><\/li>\n<\/ul>\n<p><iframe src=\"https:\/\/www.youtube.com\/embed\/O3VtCoDCWD0\" allowfullscreen=\"allowfullscreen\" width=\"560\" height=\"315\" frameborder=\"0\"><\/iframe><\/p>\n","protected":false},"featured_media":31432,"template":"","meta":[],"product_brand":[],"product_cat":[775,770,720],"product_tag":[725],"class_list":{"0":"post-18146","1":"product","2":"type-product","3":"status-publish","4":"has-post-thumbnail","6":"product_cat-3-mevsim-cadirlar","7":"product_cat-cadirlar-ve-bivaklar","8":"product_cat-kamp-ve-seyahat","9":"product_tag-ferrino","11":"first","12":"instock","13":"taxable","14":"shipping-taxable","15":"product-type-simple"},"_links":{"self":[{"href":"https:\/\/searchandrescuetr.com\/index.php?rest_route=\/wp\/v2\/product\/18146","targetHints":{"allow":["GET"]}}],"collection":[{"href":"https:\/\/searchandrescuetr.com\/index.php?rest_route=\/wp\/v2\/product"}],"about":[{"href":"https:\/\/searchandrescuetr.com\/index.php?rest_route=\/wp\/v2\/types\/product"}],"wp:featuredmedia":[{"embeddable":true,"href":"https:\/\/searchandrescuetr.com\/index.php?rest_route=\/wp\/v2\/media\/31432"}],"wp:attachment":[{"href":"https:\/\/searchandrescuetr.com\/index.php?rest_route=%2Fwp%2Fv2%2Fmedia&parent=18146"}],"wp:term":[{"taxonomy":"product_brand","embeddable":true,"href":"https:\/\/searchandrescuetr.com\/index.php?rest_route=%2Fwp%2Fv2%2Fproduct_brand&post=18146"},{"taxonomy":"product_cat","embeddable":true,"href":"https:\/\/searchandrescuetr.com\/index.php?rest_route=%2Fwp%2Fv2%2Fproduct_cat&post=18146"},{"taxonomy":"product_tag","embeddable":true,"href":"https:\/\/searchandrescuetr.com\/index.php?rest_route=%2Fwp%2Fv2%2Fproduct_tag&post=18146"}],"curies":[{"name":"wp","href":"https:\/\/api.w.org\/{rel}","templated":true}]}}