{"id":18147,"date":"2022-09-05T12:04:38","date_gmt":"2022-09-05T09:04:38","guid":{"rendered":"http:\/\/searchandrescuetr.com\/urun\/evolite-tour-3-kisilik-cift-tente-cadir\/"},"modified":"2022-09-05T12:05:11","modified_gmt":"2022-09-05T09:05:11","slug":"evolite-tour-3-kisilik-cift-tente-cadir","status":"publish","type":"product","link":"https:\/\/searchandrescuetr.com\/?product=evolite-tour-3-kisilik-cift-tente-cadir","title":{"rendered":"Evolite Tour 3 Ki\u015filik \u00c7ift Tente \u00c7ad\u0131r"},"content":{"rendered":"<p><span style=\"vertical-align: inherit;\"><span style=\"vertical-align: inherit;\"><\/span><\/span><\/p>\n","protected":false},"excerpt":{"rendered":"<div>Ferah ve Geni\u015f i\u00e7 yap\u0131s\u0131na sahip, diki\u015f yerleri bantlanm\u0131\u015f, hafif, konforlu ve dayan\u0131kl\u0131 yap\u0131s\u0131yla trekking, t\u0131rman\u0131\u015f, kamp aktivitelerinizde kullanabilece\u011finiz bir \u00e7ad\u0131rd\u0131r<\/div>\n<ul>\n<li><strong>Kapasite:<\/strong>&nbsp;3 Ki\u015filik<\/li>\n<li><strong>\u00d6l\u00e7\u00fc:&nbsp;<\/strong>205x205x130 cm.<\/li>\n<li><strong>Renk:<\/strong> Mavi-Turuncu<\/li>\n<li><strong>Yap\u0131s\u0131:&nbsp;<\/strong>\u00c7ift Tenteli \/ Dome<\/li>\n<li><strong>A\u011f\u0131rl\u0131k:<\/strong> 2.75 kg.<\/li>\n<li><strong>\u0130\u00e7 Kuma\u015f:<\/strong> Breathable polyester (Nefes Alabilir)<\/li>\n<li><strong>D\u0131\u015f Tente:<\/strong> Su ge\u00e7irmez Polyester PU\/<strong>2000mm<\/strong><\/li>\n<li><strong>Zemin:<\/strong> Polyethylene, Su ge\u00e7irmez Dayan\u0131kl\u0131 taban<\/li>\n<li>Taban kuma\u015f\u0131 ve d\u0131\u015f tente kuma\u015f\u0131 suya kar\u015f\u0131 g\u00fc\u00e7lendirilmi\u015ftir ve diki\u015f noktalar\u0131 da arka taraflardan \u0131s\u0131l i\u015flemle bantlanm\u0131\u015ft\u0131r.<\/li>\n<li>D\u0131\u015f tente \u00fczerindeki havaland\u0131rma ile i\u00e7erideki su buhar\u0131n\u0131n d\u0131\u015fa aktar\u0131m\u0131 sa\u011flan\u0131r.<\/li>\n<li>\u00c7ad\u0131r i\u00e7inde iki tarafta iki b\u00f6lmeli e\u015fya cepleri bulunur.<\/li>\n<li>\u00c7ad\u0131r tavan\u0131nda ayd\u0131nlatma feneri takmak i\u00e7in ask\u0131s\u0131 mevcuttur.<\/li>\n<li>\u00c7ad\u0131r d\u0131\u015f tentesi \u00fczerinde istenildi\u011finde kapat\u0131labilen havaland\u0131rma bulunur.<\/li>\n<li>Ta\u015f\u0131ma \u00e7antas\u0131, \u00e7ad\u0131r polleri ve kaz\u0131klar\u0131 ve ayarlanabilir gerdirme ipleri \u00e7ad\u0131rla birlikte verilir.<\/li>\n<li>Kolay Kurulum &#8221;<strong>Speed&nbsp;Pole clips&#8221;<\/strong>&nbsp;Sisteme sahipir&nbsp;\n<p>&nbsp;<\/p>\n<p><strong>&#8221;SPEED POLE CLIPS&#8221; sistem&nbsp;<\/strong><\/p>\n<\/li>\n<\/ul>\n<div><img decoding=\"async\" src=\"\/class\/INNOVAEditor\/assets\/evolite-tent-pole-clip.jpg\" alt=\"\" style=\"margin: 0px; border: 7px solid rgb(255, 255, 255); box-shadow: rgba(0, 0, 0, 0.498039) 0px 15px 10px -10px, rgba(0, 0, 0, 0.298039) 0px 1px 4px; border-radius: 7px;\" border=\"0\" \/><\/div>\n","protected":false},"featured_media":31439,"template":"","meta":[],"product_brand":[],"product_cat":[775,770,720],"product_tag":[151],"class_list":{"0":"post-18147","1":"product","2":"type-product","3":"status-publish","4":"has-post-thumbnail","6":"product_cat-3-mevsim-cadirlar","7":"product_cat-cadirlar-ve-bivaklar","8":"product_cat-kamp-ve-seyahat","9":"product_tag-evolite","11":"first","12":"instock","13":"taxable","14":"shipping-taxable","15":"product-type-simple"},"_links":{"self":[{"href":"https:\/\/searchandrescuetr.com\/index.php?rest_route=\/wp\/v2\/product\/18147","targetHints":{"allow":["GET"]}}],"collection":[{"href":"https:\/\/searchandrescuetr.com\/index.php?rest_route=\/wp\/v2\/product"}],"about":[{"href":"https:\/\/searchandrescuetr.com\/index.php?rest_route=\/wp\/v2\/types\/product"}],"wp:featuredmedia":[{"embeddable":true,"href":"https:\/\/searchandrescuetr.com\/index.php?rest_route=\/wp\/v2\/media\/31439"}],"wp:attachment":[{"href":"https:\/\/searchandrescuetr.com\/index.php?rest_route=%2Fwp%2Fv2%2Fmedia&parent=18147"}],"wp:term":[{"taxonomy":"product_brand","embeddable":true,"href":"https:\/\/searchandrescuetr.com\/index.php?rest_route=%2Fwp%2Fv2%2Fproduct_brand&post=18147"},{"taxonomy":"product_cat","embeddable":true,"href":"https:\/\/searchandrescuetr.com\/index.php?rest_route=%2Fwp%2Fv2%2Fproduct_cat&post=18147"},{"taxonomy":"product_tag","embeddable":true,"href":"https:\/\/searchandrescuetr.com\/index.php?rest_route=%2Fwp%2Fv2%2Fproduct_tag&post=18147"}],"curies":[{"name":"wp","href":"https:\/\/api.w.org\/{rel}","templated":true}]}}