{"id":18149,"date":"2022-09-05T12:04:38","date_gmt":"2022-09-05T09:04:38","guid":{"rendered":"http:\/\/searchandrescuetr.com\/urun\/ferrino-spectre-ii-cadir\/"},"modified":"2022-09-05T12:05:21","modified_gmt":"2022-09-05T09:05:21","slug":"ferrino-spectre-ii-cadir","status":"publish","type":"product","link":"https:\/\/searchandrescuetr.com\/?product=ferrino-spectre-ii-cadir","title":{"rendered":"Ferrino Spectre II \u00c7ad\u0131r"},"content":{"rendered":"<p><span style=\"vertical-align: inherit;\"><span style=\"vertical-align: inherit;\"><\/span><\/span><\/p>\n","protected":false},"excerpt":{"rendered":"<div><span style=\"font-weight: bold;\">\u00d6ZELL\u0130KLER<\/span><\/div>\n<div><span style=\"font-size: 10pt;\">\u00c7ok hafif <\/span>ve <span style=\"font-size: 10pt;\">kurulumu kolayd\u0131r.<\/span><span style=\"font-size: 10pt;\">Bu iki ki\u015filik<\/span> <span style=\"font-size: 10pt;\">model kalite ve hafifli\u011fi birlikte sunar<\/span><\/div>\n<div><span style=\"font-size: 10pt;\"><\/span>\n\t<\/div>\n<ul>\n<li><span style=\"font-size: 10pt;\"><span style=\"font-weight: bold;\">A\u011f\u0131rl\u0131k:<\/span> minimum 1,9 kg \/ maksimum 2,1 kg<\/span><\/li>\n<li><span style=\"font-size: 10pt;\"><span style=\"font-weight: bold;\">D\u0131\u015f tente :<\/span> 3000mm&#8217;ye kadar su ge\u00e7irmez \u00f6zellikte ripstop polyester kuma\u015f&nbsp;<\/span><\/li>\n<li><span style=\"font-size: 10pt;\"><span style=\"font-weight: bold;\">\u0130\u00e7 tente:<\/span> cibinlik&nbsp;<\/span><\/li>\n<li><span style=\"font-size: 10pt;\"><span style=\"font-weight: bold;\">Zemin:<\/span>&nbsp;3000mm&#8217;ye kadar su ge\u00e7irmez \u00f6zellikte polyester kuma\u015f<\/span><\/li>\n<li><span style=\"font-size: 10pt;\">D\u0131\u015f tente ve zeminde bantl\u0131 diki\u015flerle dayan\u0131kl\u0131l\u0131\u011f\u0131 art\u0131r\u0131lm\u0131\u015ft\u0131r<\/span><\/li>\n<li><span style=\"font-size: 10pt;\">2 adet \u015foka dayan\u0131kl\u0131 dural\u00fcminyum pol mevcuttur<\/span><\/li>\n<li><span style=\"font-size: 10pt;\">Kolay kurulum i\u00e7in farkl\u0131 renkte pollerle dizayn edilmi\u015ftir<\/span><\/li>\n<li><span style=\"font-size: 10pt;\">Hexagon al\u00fcminyum kaz\u0131klarla daha sa\u011flam bir tutu\u015f sa\u011flar<\/span><\/li>\n<li><span style=\"font-size: 10pt;\">2 adet giri\u015fi vard\u0131r<\/span><\/li>\n<li><span style=\"font-size: 10pt;\">Kap\u0131larda cibinlik vard\u0131r<\/span><\/li>\n<li><span style=\"font-size: 10pt;\">Havaland\u0131rma \u00e7\u0131k\u0131\u015flar\u0131 bulunur<\/span><\/li>\n<li><span style=\"font-size: 10pt;\">\u00d6zel <span style=\"font-weight: bold;\">Camera air<\/span> havaland\u0131rma sistemi ile konforunuzu art\u0131r\u0131r<\/span><\/li>\n<li><span style=\"font-size: 10pt;\">\u0130\u00e7 cepler, ta\u015f\u0131ma \u00e7antas\u0131,tamir kiti ve lamba kancas\u0131 bulunur<\/span><\/li>\n<\/ul>\n<p><iframe src=\"\/\/www.youtube.com\/embed\/1t18kwctF50\" allowfullscreen=\"allowfullscreen\" width=\"560\" height=\"315\" frameborder=\"0\"><\/iframe><\/p>\n","protected":false},"featured_media":31453,"template":"","meta":[],"product_brand":[],"product_cat":[775,770,720],"product_tag":[725],"class_list":{"0":"post-18149","1":"product","2":"type-product","3":"status-publish","4":"has-post-thumbnail","6":"product_cat-3-mevsim-cadirlar","7":"product_cat-cadirlar-ve-bivaklar","8":"product_cat-kamp-ve-seyahat","9":"product_tag-ferrino","11":"first","12":"instock","13":"taxable","14":"shipping-taxable","15":"product-type-simple"},"_links":{"self":[{"href":"https:\/\/searchandrescuetr.com\/index.php?rest_route=\/wp\/v2\/product\/18149","targetHints":{"allow":["GET"]}}],"collection":[{"href":"https:\/\/searchandrescuetr.com\/index.php?rest_route=\/wp\/v2\/product"}],"about":[{"href":"https:\/\/searchandrescuetr.com\/index.php?rest_route=\/wp\/v2\/types\/product"}],"wp:featuredmedia":[{"embeddable":true,"href":"https:\/\/searchandrescuetr.com\/index.php?rest_route=\/wp\/v2\/media\/31453"}],"wp:attachment":[{"href":"https:\/\/searchandrescuetr.com\/index.php?rest_route=%2Fwp%2Fv2%2Fmedia&parent=18149"}],"wp:term":[{"taxonomy":"product_brand","embeddable":true,"href":"https:\/\/searchandrescuetr.com\/index.php?rest_route=%2Fwp%2Fv2%2Fproduct_brand&post=18149"},{"taxonomy":"product_cat","embeddable":true,"href":"https:\/\/searchandrescuetr.com\/index.php?rest_route=%2Fwp%2Fv2%2Fproduct_cat&post=18149"},{"taxonomy":"product_tag","embeddable":true,"href":"https:\/\/searchandrescuetr.com\/index.php?rest_route=%2Fwp%2Fv2%2Fproduct_tag&post=18149"}],"curies":[{"name":"wp","href":"https:\/\/api.w.org\/{rel}","templated":true}]}}