{"id":18179,"date":"2022-09-05T12:09:15","date_gmt":"2022-09-05T09:09:15","guid":{"rendered":"http:\/\/searchandrescuetr.com\/urun\/evolite-alaska-pro-15oc-uyku-tulumu-2\/"},"modified":"2022-09-05T12:10:58","modified_gmt":"2022-09-05T09:10:58","slug":"evolite-alaska-pro-15oc-uyku-tulumu-2","status":"publish","type":"product","link":"https:\/\/searchandrescuetr.com\/?product=evolite-alaska-pro-15oc-uyku-tulumu-2","title":{"rendered":"Evolite Alaska Pro -15\u00baC Uyku Tulumu"},"content":{"rendered":"<p><span style=\"vertical-align: inherit;\"><span style=\"vertical-align: inherit;\"><\/span><\/span><\/p>\n","protected":false},"excerpt":{"rendered":"<p>4 mevsim kamp\u00e7\u0131l\u0131k ve da\u011fc\u0131l\u0131\u011fa yeni ba\u015flayanlar i\u00e7in ideal silikon elyaf dolgulu su ge\u00e7irmez nefes alabilir kuma\u015f uyku tulumu<\/p>\n<ul>\n<li><strong>Dolgu Malzemesi :<\/strong> 350gr\/m2 Hollowfibre 3D, Silikon Elyaf<\/li>\n<li><strong>D\u0131\u015f Kuma\u015f :<\/strong> 190T Su Ge\u00e7irmez Nefes Alabilir Polyester W\/R W\/P<\/li>\n<li><strong>\u0130\u00e7 Kuma\u015f:<\/strong> 88\/64 T\/C, Polikoton<\/li>\n<li><strong>Derecesi :<\/strong> -15\u00baC<\/li>\n<li><strong>Boyutlar\u0131 :<\/strong> 230 x 85 x 55 cm<\/li>\n<li><strong>A\u011f\u0131rl\u0131k:<\/strong> 1.60 kg.<\/li>\n<li>S\u0131k\u0131\u015ft\u0131rma Torbal\u0131 Su Ge\u00e7irmez D\u0131\u015f K\u0131l\u0131f<\/li>\n<li>Di\u011fer uyku tulumlar\u0131yla birle\u015ftirilebilir.<\/li>\n<li>\u0130ki adet asma halkas\u0131 kullanmad\u0131\u011f\u0131n\u0131z zamanlarda tulumu asarak saklaman\u0131z\u0131 sa\u011flar.<\/li>\n<li>Fermuar\u0131 \u00e7ift y\u00f6nl\u00fc a\u00e7\u0131labilir.<\/li>\n<li>So\u011fu\u011fa kar\u015f\u0131 fermuar\u0131n i\u00e7 k\u0131s\u0131mlar\u0131nda ekstra yal\u0131t\u0131m malzemesi kullan\u0131lm\u0131\u015ft\u0131r.<\/li>\n<\/ul>\n","protected":false},"featured_media":31588,"template":"","meta":[],"product_brand":[],"product_cat":[720,793,792],"product_tag":[151],"class_list":{"0":"post-18179","1":"product","2":"type-product","3":"status-publish","4":"has-post-thumbnail","6":"product_cat-kamp-ve-seyahat","7":"product_cat-sentetik-uyku-tulumlari","8":"product_cat-uyku-tulumlari","9":"product_tag-evolite","11":"first","12":"instock","13":"taxable","14":"shipping-taxable","15":"product-type-simple"},"_links":{"self":[{"href":"https:\/\/searchandrescuetr.com\/index.php?rest_route=\/wp\/v2\/product\/18179","targetHints":{"allow":["GET"]}}],"collection":[{"href":"https:\/\/searchandrescuetr.com\/index.php?rest_route=\/wp\/v2\/product"}],"about":[{"href":"https:\/\/searchandrescuetr.com\/index.php?rest_route=\/wp\/v2\/types\/product"}],"wp:featuredmedia":[{"embeddable":true,"href":"https:\/\/searchandrescuetr.com\/index.php?rest_route=\/wp\/v2\/media\/31588"}],"wp:attachment":[{"href":"https:\/\/searchandrescuetr.com\/index.php?rest_route=%2Fwp%2Fv2%2Fmedia&parent=18179"}],"wp:term":[{"taxonomy":"product_brand","embeddable":true,"href":"https:\/\/searchandrescuetr.com\/index.php?rest_route=%2Fwp%2Fv2%2Fproduct_brand&post=18179"},{"taxonomy":"product_cat","embeddable":true,"href":"https:\/\/searchandrescuetr.com\/index.php?rest_route=%2Fwp%2Fv2%2Fproduct_cat&post=18179"},{"taxonomy":"product_tag","embeddable":true,"href":"https:\/\/searchandrescuetr.com\/index.php?rest_route=%2Fwp%2Fv2%2Fproduct_tag&post=18179"}],"curies":[{"name":"wp","href":"https:\/\/api.w.org\/{rel}","templated":true}]}}