{"id":18182,"date":"2022-09-05T12:11:00","date_gmt":"2022-09-05T09:11:00","guid":{"rendered":"http:\/\/searchandrescuetr.com\/urun\/evolite-nepal-pro-8oc-uyku-tulumu\/"},"modified":"2022-09-05T12:11:00","modified_gmt":"2022-09-05T09:11:00","slug":"evolite-nepal-pro-8oc-uyku-tulumu","status":"publish","type":"product","link":"https:\/\/searchandrescuetr.com\/?product=evolite-nepal-pro-8oc-uyku-tulumu","title":{"rendered":"Evolite Nepal Pro -8\u00baC Uyku Tulumu"},"content":{"rendered":"<p><span style=\"vertical-align: inherit;\"><span style=\"vertical-align: inherit;\"><\/span><\/span><\/p>\n","protected":false},"excerpt":{"rendered":"<p>Kamp ve&nbsp;seyahatlerinizde kullanabilece\u011finiz -8\u00baC koruma sa\u011flayabilen sezonluk bir uyku tulumu.<\/p>\n<ul>\n<li>Dolgu Malzemesi 300gr\/m2 Hollowfibre 3D, (3 boyutlu)&nbsp;silikon elyaf<\/li>\n<li>D\u0131\u015f Kuma\u015f 190T polyester<\/li>\n<li>\u0130\u00e7 Kuma\u015f 100 pamuk<\/li>\n<li>Derecesi -8 \u00baC<\/li>\n<li>Boyutlar\u0131 230 x 80 x 55 cm.<\/li>\n<li>Di\u011fer uyku tulumlar\u0131yla birle\u015ftirilebilir, <span style=\"font-weight: bold;\">2 ki\u015filik uyku tulumu<\/span> haline gelir.<\/li>\n<li>\u0130ki adet asma halkas\u0131 kullanmad\u0131\u011f\u0131n\u0131z zamanlarda tulumu asarak saklaman\u0131z\u0131 sa\u011flar.<\/li>\n<li>Fermuar\u0131 \u00e7ift y\u00f6nl\u00fc a\u00e7\u0131labilir.<\/li>\n<li>\u0130stedi\u011finiz zaman paket hacmini daha k\u00fc\u00e7\u00fcltmek i\u00e7in <span style=\"font-weight: bold;\">S\u0131k\u0131\u015ft\u0131rmal\u0131 d\u0131\u015f torbas\u0131<\/span> (\u00e7antas\u0131) bulunur.<\/li>\n<li>So\u011fu\u011fa kar\u015f\u0131 fermuar\u0131n i\u00e7 k\u0131s\u0131mlar\u0131nda ekstra yal\u0131t\u0131m malzemesi kullan\u0131lm\u0131\u015ft\u0131r.<\/li>\n<li>A\u011f\u0131rl\u0131k:1.4 kg.<\/li>\n<\/ul>\n","protected":false},"featured_media":31609,"template":"","meta":[],"product_brand":[],"product_cat":[720,793,792],"product_tag":[151],"class_list":{"0":"post-18182","1":"product","2":"type-product","3":"status-publish","4":"has-post-thumbnail","6":"product_cat-kamp-ve-seyahat","7":"product_cat-sentetik-uyku-tulumlari","8":"product_cat-uyku-tulumlari","9":"product_tag-evolite","11":"first","12":"instock","13":"taxable","14":"shipping-taxable","15":"product-type-simple"},"_links":{"self":[{"href":"https:\/\/searchandrescuetr.com\/index.php?rest_route=\/wp\/v2\/product\/18182","targetHints":{"allow":["GET"]}}],"collection":[{"href":"https:\/\/searchandrescuetr.com\/index.php?rest_route=\/wp\/v2\/product"}],"about":[{"href":"https:\/\/searchandrescuetr.com\/index.php?rest_route=\/wp\/v2\/types\/product"}],"wp:featuredmedia":[{"embeddable":true,"href":"https:\/\/searchandrescuetr.com\/index.php?rest_route=\/wp\/v2\/media\/31609"}],"wp:attachment":[{"href":"https:\/\/searchandrescuetr.com\/index.php?rest_route=%2Fwp%2Fv2%2Fmedia&parent=18182"}],"wp:term":[{"taxonomy":"product_brand","embeddable":true,"href":"https:\/\/searchandrescuetr.com\/index.php?rest_route=%2Fwp%2Fv2%2Fproduct_brand&post=18182"},{"taxonomy":"product_cat","embeddable":true,"href":"https:\/\/searchandrescuetr.com\/index.php?rest_route=%2Fwp%2Fv2%2Fproduct_cat&post=18182"},{"taxonomy":"product_tag","embeddable":true,"href":"https:\/\/searchandrescuetr.com\/index.php?rest_route=%2Fwp%2Fv2%2Fproduct_tag&post=18182"}],"curies":[{"name":"wp","href":"https:\/\/api.w.org\/{rel}","templated":true}]}}