{"id":18183,"date":"2022-09-05T12:11:00","date_gmt":"2022-09-05T09:11:00","guid":{"rendered":"http:\/\/searchandrescuetr.com\/urun\/evolite-ultralight-1000-5oc-haki-uyku-tulumu\/"},"modified":"2022-09-05T12:12:01","modified_gmt":"2022-09-05T09:12:01","slug":"evolite-ultralight-1000-5oc-haki-uyku-tulumu","status":"publish","type":"product","link":"https:\/\/searchandrescuetr.com\/?product=evolite-ultralight-1000-5oc-haki-uyku-tulumu","title":{"rendered":"Evolite Ultralight 1000 -5\u00baC (Haki) Uyku Tulumu"},"content":{"rendered":"<p><span style=\"vertical-align: inherit;\"><span style=\"vertical-align: inherit;\"><\/span><\/span><\/p>\n","protected":false},"excerpt":{"rendered":"<p>S\u0131rt \u00e7antan\u0131zda \u00e7ok k\u00fc\u00e7\u00fck bir yer kaplayacak bu uyku tulumu 1160 gr d\u0131r. \u00c7ok so\u011fuk k\u0131\u015f mevsimleri hari\u00e7 di\u011fer mevsimlerde rahatlikla kullan\u0131labilir<\/p>\n<ul>\n<li><strong>Model:<\/strong> Ultralight 1000<\/li>\n<li><strong>\u00d6l\u00e7\u00fcler:<\/strong> 215 x 75 x 50 cm.<\/li>\n<li><strong>D\u0131\u015f Kuma\u015f:<\/strong> Polyester Diamond Ripstop 75D\/230t W\/r Cire<\/li>\n<li><strong>\u0130\u00e7 Kuma\u015f:<\/strong> Polyester 50D \/ 290T W\/R Cire<\/li>\n<li><strong>Dolgu:<\/strong> 0.7D DOWN -LIKE EULIN FIBER 150 G\/M\u00b2<\/li>\n<li><strong>A\u011f\u0131rl\u0131k:<\/strong> 1.16 KGS.<\/li>\n<\/ul>\n<p>\u00c7ift y\u00f6nl\u00fc fermuar\u0131 sayesinde kolayca a\u00e7\u0131l\u0131p kapanabilir , su itici ve y\u0131rt\u0131lmaya dayan\u0131kl\u0131 diamond ripstop kuma\u015ftan \u00fcretilmi\u015ftir. S\u0131k\u0131\u015ft\u0131r\u0131labilir perlonlu k\u0131l\u0131f\u0131 ile istedi\u011finiz kadar k\u00fc\u00e7\u00fcltebilirsiniz<\/p>\n","protected":false},"featured_media":31628,"template":"","meta":[],"product_brand":[],"product_cat":[720,793,792],"product_tag":[151],"class_list":{"0":"post-18183","1":"product","2":"type-product","3":"status-publish","4":"has-post-thumbnail","6":"product_cat-kamp-ve-seyahat","7":"product_cat-sentetik-uyku-tulumlari","8":"product_cat-uyku-tulumlari","9":"product_tag-evolite","11":"first","12":"instock","13":"taxable","14":"shipping-taxable","15":"product-type-simple"},"_links":{"self":[{"href":"https:\/\/searchandrescuetr.com\/index.php?rest_route=\/wp\/v2\/product\/18183","targetHints":{"allow":["GET"]}}],"collection":[{"href":"https:\/\/searchandrescuetr.com\/index.php?rest_route=\/wp\/v2\/product"}],"about":[{"href":"https:\/\/searchandrescuetr.com\/index.php?rest_route=\/wp\/v2\/types\/product"}],"wp:featuredmedia":[{"embeddable":true,"href":"https:\/\/searchandrescuetr.com\/index.php?rest_route=\/wp\/v2\/media\/31628"}],"wp:attachment":[{"href":"https:\/\/searchandrescuetr.com\/index.php?rest_route=%2Fwp%2Fv2%2Fmedia&parent=18183"}],"wp:term":[{"taxonomy":"product_brand","embeddable":true,"href":"https:\/\/searchandrescuetr.com\/index.php?rest_route=%2Fwp%2Fv2%2Fproduct_brand&post=18183"},{"taxonomy":"product_cat","embeddable":true,"href":"https:\/\/searchandrescuetr.com\/index.php?rest_route=%2Fwp%2Fv2%2Fproduct_cat&post=18183"},{"taxonomy":"product_tag","embeddable":true,"href":"https:\/\/searchandrescuetr.com\/index.php?rest_route=%2Fwp%2Fv2%2Fproduct_tag&post=18183"}],"curies":[{"name":"wp","href":"https:\/\/api.w.org\/{rel}","templated":true}]}}