{"id":18188,"date":"2022-09-05T12:11:00","date_gmt":"2022-09-05T09:11:00","guid":{"rendered":"http:\/\/searchandrescuetr.com\/urun\/evolite-alaska-0oc-uyku-tulumu\/"},"modified":"2022-09-05T12:12:21","modified_gmt":"2022-09-05T09:12:21","slug":"evolite-alaska-0oc-uyku-tulumu","status":"publish","type":"product","link":"https:\/\/searchandrescuetr.com\/?product=evolite-alaska-0oc-uyku-tulumu","title":{"rendered":"Evolite Alaska 0\u00baC Uyku Tulumu"},"content":{"rendered":"<p><span style=\"vertical-align: inherit;\"><span style=\"vertical-align: inherit;\"><\/span><\/span><\/p>\n","protected":false},"excerpt":{"rendered":"<p>Mumya Tipi su ge\u00e7irmez kuma\u015f Evolite Alaska 0\u00baC ye kadar koruma sa\u011flayabilen Uykutulumu<\/p>\n<ul>\n<li><strong>Dolgu Malzemesi<\/strong> 200gr\/m2 Hollowfibre 3D, silikon elyaf<\/li>\n<li><strong>D\u0131\u015f Kuma\u015f<\/strong> 190T polyester<\/li>\n<li><strong>\u0130\u00e7 Kuma\u015f<\/strong>&nbsp;%100 pamuk<\/li>\n<li><strong>Derecesi<\/strong> 0C<\/li>\n<li><strong>Boyutlar\u0131<\/strong> 220 x 75 x 50 cm<\/li>\n<li>Di\u011fer uyku tulumlar\u0131yla birle\u015ftirilebilir, 2 ki\u015filik uyku tulumu haline gelir.<\/li>\n<li>\u0130ki adet asma halkas\u0131 kullanmad\u0131\u011f\u0131n\u0131z zamanlarda tulumu asarak saklaman\u0131z\u0131 sa\u011flar.<\/li>\n<li>Fermuar\u0131 \u00e7ift y\u00f6nl\u00fc a\u00e7\u0131labilir.<\/li>\n<li>A\u011f\u0131rl\u0131k: 1 kg.<\/li>\n<\/ul>\n","protected":false},"featured_media":31650,"template":"","meta":[],"product_brand":[],"product_cat":[720,793,792],"product_tag":[151],"class_list":{"0":"post-18188","1":"product","2":"type-product","3":"status-publish","4":"has-post-thumbnail","6":"product_cat-kamp-ve-seyahat","7":"product_cat-sentetik-uyku-tulumlari","8":"product_cat-uyku-tulumlari","9":"product_tag-evolite","11":"first","12":"instock","13":"taxable","14":"shipping-taxable","15":"product-type-simple"},"_links":{"self":[{"href":"https:\/\/searchandrescuetr.com\/index.php?rest_route=\/wp\/v2\/product\/18188","targetHints":{"allow":["GET"]}}],"collection":[{"href":"https:\/\/searchandrescuetr.com\/index.php?rest_route=\/wp\/v2\/product"}],"about":[{"href":"https:\/\/searchandrescuetr.com\/index.php?rest_route=\/wp\/v2\/types\/product"}],"wp:featuredmedia":[{"embeddable":true,"href":"https:\/\/searchandrescuetr.com\/index.php?rest_route=\/wp\/v2\/media\/31650"}],"wp:attachment":[{"href":"https:\/\/searchandrescuetr.com\/index.php?rest_route=%2Fwp%2Fv2%2Fmedia&parent=18188"}],"wp:term":[{"taxonomy":"product_brand","embeddable":true,"href":"https:\/\/searchandrescuetr.com\/index.php?rest_route=%2Fwp%2Fv2%2Fproduct_brand&post=18188"},{"taxonomy":"product_cat","embeddable":true,"href":"https:\/\/searchandrescuetr.com\/index.php?rest_route=%2Fwp%2Fv2%2Fproduct_cat&post=18188"},{"taxonomy":"product_tag","embeddable":true,"href":"https:\/\/searchandrescuetr.com\/index.php?rest_route=%2Fwp%2Fv2%2Fproduct_tag&post=18188"}],"curies":[{"name":"wp","href":"https:\/\/api.w.org\/{rel}","templated":true}]}}