{"id":18217,"date":"2022-09-05T12:14:24","date_gmt":"2022-09-05T09:14:24","guid":{"rendered":"http:\/\/searchandrescuetr.com\/urun\/evolite-mini-gas-burner\/"},"modified":"2022-09-05T12:16:34","modified_gmt":"2022-09-05T09:16:34","slug":"evolite-mini-gas-burner","status":"publish","type":"product","link":"https:\/\/searchandrescuetr.com\/?product=evolite-mini-gas-burner","title":{"rendered":"Evolite Mini Gas Burner"},"content":{"rendered":"<p><span style=\"vertical-align: inherit;\"><span style=\"vertical-align: inherit;\"><\/span><\/span><\/p>\n","protected":false},"excerpt":{"rendered":"<p><strong>1 Lt.&nbsp;suyu 4-8&nbsp;dakikada&nbsp;&nbsp;kolayca,&nbsp;h\u0131zl\u0131 bir \u015fekilde&nbsp;kaynat\u0131r. Oca\u011f\u0131n&nbsp;alt k\u0131sm\u0131nda 70 ml. gaz deposu vard\u0131r.&nbsp;\u00c7akmak gaz\u0131 ile&nbsp;kolayca dolum yapabilirsiniz. Tam dolu bir ocak toplam 3 saat yanma s\u00fcresine sahiptir. G\u00f6vdesi&nbsp;paslanmaz krom malzemeden \u00fcretilmi\u015ftir, darbelere dayan\u0131kl\u0131, \u00e7ok sa\u011flam bir ocakt\u0131r. Kullan\u0131m\u0131 \u00e7ok pratik&nbsp;ve ekonomik olup, \u00e7akmak sistemine sahiptir.<\/strong><\/p>\n<p><strong>Boyut:<\/strong> 125 x 85 x 80 mm<br \/>\n\t<strong>\u00c7al\u0131\u015fma s\u00fcresi:<\/strong> 60-90 min.<br \/>\n\t<strong>A\u011f\u0131rl\u0131k:<\/strong> 430 gr.<br \/>\n\t<strong>Yak\u0131t Kapasitesi:<\/strong> 70 ml.<\/p>\n<p>\n\t<iframe src=\"\/\/www.youtube.com\/embed\/J-nCqRWJD5U\" width=\"560\" height=\"315\" frameborder=\"0\"><\/iframe><\/p>\n","protected":false},"featured_media":31744,"template":"","meta":[],"product_brand":[],"product_cat":[720,809,808],"product_tag":[151],"class_list":{"0":"post-18217","1":"product","2":"type-product","3":"status-publish","4":"has-post-thumbnail","6":"product_cat-kamp-ve-seyahat","7":"product_cat-kartuslu-ve-gazli-ocaklar","8":"product_cat-ocaklar-ve-ocak-aksesuarlari","9":"product_tag-evolite","11":"first","12":"instock","13":"taxable","14":"shipping-taxable","15":"product-type-simple"},"_links":{"self":[{"href":"https:\/\/searchandrescuetr.com\/index.php?rest_route=\/wp\/v2\/product\/18217","targetHints":{"allow":["GET"]}}],"collection":[{"href":"https:\/\/searchandrescuetr.com\/index.php?rest_route=\/wp\/v2\/product"}],"about":[{"href":"https:\/\/searchandrescuetr.com\/index.php?rest_route=\/wp\/v2\/types\/product"}],"wp:featuredmedia":[{"embeddable":true,"href":"https:\/\/searchandrescuetr.com\/index.php?rest_route=\/wp\/v2\/media\/31744"}],"wp:attachment":[{"href":"https:\/\/searchandrescuetr.com\/index.php?rest_route=%2Fwp%2Fv2%2Fmedia&parent=18217"}],"wp:term":[{"taxonomy":"product_brand","embeddable":true,"href":"https:\/\/searchandrescuetr.com\/index.php?rest_route=%2Fwp%2Fv2%2Fproduct_brand&post=18217"},{"taxonomy":"product_cat","embeddable":true,"href":"https:\/\/searchandrescuetr.com\/index.php?rest_route=%2Fwp%2Fv2%2Fproduct_cat&post=18217"},{"taxonomy":"product_tag","embeddable":true,"href":"https:\/\/searchandrescuetr.com\/index.php?rest_route=%2Fwp%2Fv2%2Fproduct_tag&post=18217"}],"curies":[{"name":"wp","href":"https:\/\/api.w.org\/{rel}","templated":true}]}}