{"id":18312,"date":"2022-09-05T12:23:59","date_gmt":"2022-09-05T09:23:59","guid":{"rendered":"http:\/\/searchandrescuetr.com\/urun\/evolite-ice-ii-dagci-cadiri-5-mevsim\/"},"modified":"2022-09-05T12:24:03","modified_gmt":"2022-09-05T09:24:03","slug":"evolite-ice-ii-dagci-cadiri-5-mevsim","status":"publish","type":"product","link":"https:\/\/searchandrescuetr.com\/?product=evolite-ice-ii-dagci-cadiri-5-mevsim","title":{"rendered":"Evolite ICE II &#8211; Da\u011fc\u0131 \u00c7ad\u0131r\u0131 (5 Mevsim)"},"content":{"rendered":"<p><span style=\"vertical-align: inherit;\"><span style=\"vertical-align: inherit;\"><\/span><\/span><\/p>\n","protected":false},"excerpt":{"rendered":"<p>Evolite<strong>&nbsp;ICE 2<\/strong>&nbsp;modeli silikon kapl\u0131 nylon ripstop kuma\u015f\u0131 sayesinde y\u00fcksek irtifa \u00e7ad\u0131r\u0131 olma&nbsp;\u00f6zelli\u011fine sahiptir.Zor \u015fartlarda bile rahat ve g\u00fcvenli bir bar\u0131nma imkan\u0131 sa\u011flar. 30cm geni\u015fli\u011finde kar etekleri zorlu k\u0131\u015f ko\u015fullar\u0131nda \u00e7ad\u0131r\u0131n dayan\u0131m\u0131n\u0131 ve \u0131s\u0131 izolasyonunu artt\u0131r\u0131r. 2 kap\u0131l\u0131 ve 2 bagajl\u0131 yap\u0131s\u0131 havaland\u0131rmay\u0131 art\u0131r\u0131rken k\u00f6t\u00fc hava \u015fartlar\u0131nda alternatif \u00e7\u0131k\u0131\u015f imkan\u0131 sa\u011flar.<\/p>\n<p><strong>\u00d6zellikleri :<\/strong><\/p>\n<p><strong>D\u0131\u015f Kumas:<\/strong>&nbsp;PU kapl\u0131 70 D polyamid ripstop kuma\u015f 210 T Su s\u00fctunu <strong>5000<\/strong>mm.<br \/>\n\t<strong>\u0130\u00e7 Kumas:<\/strong>&nbsp;Nefes Al\u0131r&nbsp;70 D 210 T Polyamid&nbsp;<br \/>\n\t<strong>Taban Kuma\u015f\u0131:<\/strong>&nbsp;Pigment kapli Polyamid 70&nbsp;D, 210 T PU kaplamal\u0131&nbsp;<strong>10,000<\/strong>mm. su s\u00fctunu&nbsp;<br \/>\n\t<strong>\u00c7ubuklar:<\/strong>&nbsp;11mm.- 7001 T 6 &#8211; Dur-Al\u00fcminyum&nbsp;<br \/>\n\t<strong>&nbsp;<\/strong><\/p>\n<p><strong>\u0130\u00e7 \u00d6l\u00e7\u00fcler&nbsp;<\/strong><br \/>\n\t<strong>Y\u00fckseklik:<\/strong>&nbsp;105 cm&nbsp;<br \/>\n\t<strong>Genislik:<\/strong>&nbsp;165 cm&nbsp;<br \/>\n\t<strong>Uzunluk:<\/strong>&nbsp;215 cm&nbsp;<br \/>\n\t<strong>Agirlik:<\/strong>&nbsp;4,2 kg&nbsp;<br \/>\n\t<strong>Paket \u00f6l\u00e7\u00fcleri:<\/strong>&nbsp;48 x 17 cm<\/p>\n","protected":false},"featured_media":32160,"template":"","meta":[],"product_brand":[],"product_cat":[771,770,720],"product_tag":[151],"class_list":{"0":"post-18312","1":"product","2":"type-product","3":"status-publish","4":"has-post-thumbnail","6":"product_cat-5-mevsim-cadirlar","7":"product_cat-cadirlar-ve-bivaklar","8":"product_cat-kamp-ve-seyahat","9":"product_tag-evolite","11":"first","12":"instock","13":"taxable","14":"shipping-taxable","15":"product-type-simple"},"_links":{"self":[{"href":"https:\/\/searchandrescuetr.com\/index.php?rest_route=\/wp\/v2\/product\/18312","targetHints":{"allow":["GET"]}}],"collection":[{"href":"https:\/\/searchandrescuetr.com\/index.php?rest_route=\/wp\/v2\/product"}],"about":[{"href":"https:\/\/searchandrescuetr.com\/index.php?rest_route=\/wp\/v2\/types\/product"}],"wp:featuredmedia":[{"embeddable":true,"href":"https:\/\/searchandrescuetr.com\/index.php?rest_route=\/wp\/v2\/media\/32160"}],"wp:attachment":[{"href":"https:\/\/searchandrescuetr.com\/index.php?rest_route=%2Fwp%2Fv2%2Fmedia&parent=18312"}],"wp:term":[{"taxonomy":"product_brand","embeddable":true,"href":"https:\/\/searchandrescuetr.com\/index.php?rest_route=%2Fwp%2Fv2%2Fproduct_brand&post=18312"},{"taxonomy":"product_cat","embeddable":true,"href":"https:\/\/searchandrescuetr.com\/index.php?rest_route=%2Fwp%2Fv2%2Fproduct_cat&post=18312"},{"taxonomy":"product_tag","embeddable":true,"href":"https:\/\/searchandrescuetr.com\/index.php?rest_route=%2Fwp%2Fv2%2Fproduct_tag&post=18312"}],"curies":[{"name":"wp","href":"https:\/\/api.w.org\/{rel}","templated":true}]}}