{"id":18321,"date":"2022-09-05T12:24:54","date_gmt":"2022-09-05T09:24:54","guid":{"rendered":"http:\/\/searchandrescuetr.com\/urun\/evolite-jungle-100-10-sirt-cantasi\/"},"modified":"2022-09-05T12:24:57","modified_gmt":"2022-09-05T09:24:57","slug":"evolite-jungle-100-10-sirt-cantasi","status":"publish","type":"product","link":"https:\/\/searchandrescuetr.com\/?product=evolite-jungle-100-10-sirt-cantasi","title":{"rendered":"Evolite Jungle 100 + 10 S\u0131rt \u00c7antas\u0131"},"content":{"rendered":"<p><span style=\"vertical-align: inherit;\"><span style=\"vertical-align: inherit;\"><\/span><\/span><\/p>\n","protected":false},"excerpt":{"rendered":"<ul>\n<li>Ayarlanabilen s\u0131rt sistemi sayesinde her bedene g\u00f6re daha iyi uyum sa\u011flar.&nbsp;<\/li>\n<li>S\u0131rt sistemi i\u00e7erisinde kullan\u0131lan al\u00fcminyum iskelet yap\u0131s\u0131 sayesinde, \u00e7antan\u0131n dik ve do\u011fru durmas\u0131n\u0131 sa\u011flaman\u0131n yan\u0131nda \u00e7antadaki y\u00fck\u00fcn daha rahat bir \u015fekilde bel kolonuna aktar\u0131lmas\u0131nada yard\u0131mc\u0131 olur.&nbsp;<\/li>\n<li>\u00c7antan\u0131n s\u0131rt b\u00f6l\u00fcm\u00fcndeki gizli cebinde bulunan \u00e7antaya \u015fekil vermesi ve \u00e7anta i\u00e7indeki sivri cisimlerin s\u0131rt\u0131n\u0131za batmas\u0131n\u0131 engellemek amac\u0131yla ped sistemide mevcuttur.&nbsp;<\/li>\n<li>S\u0131rt k\u0131sm\u0131nda bulunan bu ped ayr\u0131ca \u00e7\u0131kart\u0131l\u0131p oturma mat\u0131 (pedi) olarakta kullan\u0131labilir&nbsp;<\/li>\n<li>S&#8221; kesimli omuz kolonlar\u0131 ve g\u00f6\u011f\u00fcs kolonu sayesinde farkl\u0131 omuz geni\u015fli\u011finde kullan\u0131c\u0131lar i\u00e7in uygundur.&nbsp;<\/li>\n<li>Omuz kolonlar\u0131 ve Bel kolonu ve s\u0131rta temas eden yerlerde kullan\u0131lan ter emici s\u00fcngerimsi malzeme, a\u015f\u0131r\u0131 terledi\u011finiz ko\u015fullarda v\u00fccuttan at\u0131lan teri emerek daha kuru kalman\u0131z\u0131 sa\u011flar.&nbsp;<\/li>\n<li>\u00c7antan\u0131n alt k\u0131sm\u0131nda bulunan fermuarl\u0131 uyku tulumu b\u00f6l\u00fcm\u00fc sayesinde uyku tulumunuzu \u00e7antan\u0131n \u00fcst k\u0131sm\u0131n\u0131 a\u00e7madan, \u00f6n taraftaki fermuardan rahat\u00e7a alabilir ve tekrar yerine koyabilirsiniz.&nbsp;<\/li>\n<li>\u00dcst kapak k\u0131sm\u0131 \u00fczerinde bir adet gizli d\u0131\u015f cep bulunur.&nbsp;<\/li>\n<li>\u015eapka k\u0131sm\u0131n\u0131n \u00fcst k\u0131sm\u0131nda gerekti\u011finde mat, \u00e7ad\u0131r, uyku tulumunuzu ba\u011flayabilmeniz i\u00e7in ayarl\u0131 perlon bantlar bulunur.&nbsp;<\/li>\n<li>\u00c7antan\u0131n her iki yan\u0131nda bulunan ayr\u0131labilir cep sistemide vard\u0131r bu cepler istenildi\u011fi zaman yanlardan s\u00f6k\u00fclebilir ,bu s\u00f6k\u00fclen ceplerin alt k\u0131sm\u0131nda ayr\u0131ca k\u00f6r\u00fckl\u00fc cepleride mevcuttur,&nbsp;<\/li>\n<li>\u00c7antan\u0131n ana g\u00f6vdede bulunan mod\u00fcller sistemide mevcuttur, bu sistem sayesinde istedi\u011finiz malzemeleri ba\u011flama imkan\u0131 sa\u011flar.&nbsp;<\/li>\n<li>\u00c7antada iki adet kazma ba\u011flama yeri bulunur.&nbsp;<\/li>\n<li>\u00d6L\u00c7\u00dcLER 80 x (14x30x14=58) x27cm&nbsp;<\/li>\n<li>HAC\u0130M 100+10 lt. A\u011eIRIK 1.9 kg.&nbsp;<\/li>\n<li>MATERYAL 600D\/1000D Kodra\/Dotted Dobby PU&nbsp;<\/li>\n<li>RENKLER Dijital Kamuflaj<\/li>\n<\/ul>\n","protected":false},"featured_media":32188,"template":"","meta":[],"product_brand":[],"product_cat":[846,847,744,745,746],"product_tag":[151],"class_list":{"0":"post-18321","1":"product","2":"type-product","3":"status-publish","4":"has-post-thumbnail","6":"product_cat-100-litre-cantalar","7":"product_cat-100-litre-cantalar-kampcilik-ve-yuruyus-cantalari","8":"product_cat-cantalar","9":"product_cat-dagcilik-cantalar","10":"product_cat-kampcilik-ve-yuruyus-cantalari","11":"product_tag-evolite","13":"first","14":"instock","15":"taxable","16":"shipping-taxable","17":"product-type-simple"},"_links":{"self":[{"href":"https:\/\/searchandrescuetr.com\/index.php?rest_route=\/wp\/v2\/product\/18321","targetHints":{"allow":["GET"]}}],"collection":[{"href":"https:\/\/searchandrescuetr.com\/index.php?rest_route=\/wp\/v2\/product"}],"about":[{"href":"https:\/\/searchandrescuetr.com\/index.php?rest_route=\/wp\/v2\/types\/product"}],"wp:featuredmedia":[{"embeddable":true,"href":"https:\/\/searchandrescuetr.com\/index.php?rest_route=\/wp\/v2\/media\/32188"}],"wp:attachment":[{"href":"https:\/\/searchandrescuetr.com\/index.php?rest_route=%2Fwp%2Fv2%2Fmedia&parent=18321"}],"wp:term":[{"taxonomy":"product_brand","embeddable":true,"href":"https:\/\/searchandrescuetr.com\/index.php?rest_route=%2Fwp%2Fv2%2Fproduct_brand&post=18321"},{"taxonomy":"product_cat","embeddable":true,"href":"https:\/\/searchandrescuetr.com\/index.php?rest_route=%2Fwp%2Fv2%2Fproduct_cat&post=18321"},{"taxonomy":"product_tag","embeddable":true,"href":"https:\/\/searchandrescuetr.com\/index.php?rest_route=%2Fwp%2Fv2%2Fproduct_tag&post=18321"}],"curies":[{"name":"wp","href":"https:\/\/api.w.org\/{rel}","templated":true}]}}