{"id":18355,"date":"2022-09-05T12:32:05","date_gmt":"2022-09-05T09:32:05","guid":{"rendered":"http:\/\/searchandrescuetr.com\/urun\/evolite-orienteering-pusula-mercekli\/"},"modified":"2022-09-05T12:32:35","modified_gmt":"2022-09-05T09:32:35","slug":"evolite-orienteering-pusula-mercekli","status":"publish","type":"product","link":"https:\/\/searchandrescuetr.com\/?product=evolite-orienteering-pusula-mercekli","title":{"rendered":"Evolite Orienteering Pusula (Mercekli)"},"content":{"rendered":"<p><span style=\"vertical-align: inherit;\"><span style=\"vertical-align: inherit;\"><\/span><\/span><\/p>\n","protected":false},"excerpt":{"rendered":"<p><strong>Orienteering, \u00e7o\u011funlukla ormanl\u0131k olmak \u00fczere her t\u00fcrl\u00fc arazide yap\u0131labilen, yar\u0131\u015fmac\u0131lar\u0131n kontrol noktalar\u0131n\u0131 harita ve pusula yard\u0131m\u0131 ile en k\u0131sa zamanda bulmalar\u0131na dayal\u0131 bir dayan\u0131kl\u0131l\u0131k, yorumlama ve dikkat sporudur. <\/strong><\/p>\n","protected":false},"featured_media":32333,"template":"","meta":[],"product_brand":[],"product_cat":[756,860],"product_tag":[151],"class_list":{"0":"post-18355","1":"product","2":"type-product","3":"status-publish","4":"has-post-thumbnail","6":"product_cat-diger","7":"product_cat-pusulalar","8":"product_tag-evolite","10":"first","11":"instock","12":"taxable","13":"shipping-taxable","14":"product-type-simple"},"_links":{"self":[{"href":"https:\/\/searchandrescuetr.com\/index.php?rest_route=\/wp\/v2\/product\/18355","targetHints":{"allow":["GET"]}}],"collection":[{"href":"https:\/\/searchandrescuetr.com\/index.php?rest_route=\/wp\/v2\/product"}],"about":[{"href":"https:\/\/searchandrescuetr.com\/index.php?rest_route=\/wp\/v2\/types\/product"}],"wp:featuredmedia":[{"embeddable":true,"href":"https:\/\/searchandrescuetr.com\/index.php?rest_route=\/wp\/v2\/media\/32333"}],"wp:attachment":[{"href":"https:\/\/searchandrescuetr.com\/index.php?rest_route=%2Fwp%2Fv2%2Fmedia&parent=18355"}],"wp:term":[{"taxonomy":"product_brand","embeddable":true,"href":"https:\/\/searchandrescuetr.com\/index.php?rest_route=%2Fwp%2Fv2%2Fproduct_brand&post=18355"},{"taxonomy":"product_cat","embeddable":true,"href":"https:\/\/searchandrescuetr.com\/index.php?rest_route=%2Fwp%2Fv2%2Fproduct_cat&post=18355"},{"taxonomy":"product_tag","embeddable":true,"href":"https:\/\/searchandrescuetr.com\/index.php?rest_route=%2Fwp%2Fv2%2Fproduct_tag&post=18355"}],"curies":[{"name":"wp","href":"https:\/\/api.w.org\/{rel}","templated":true}]}}