{"id":18356,"date":"2022-09-05T12:32:05","date_gmt":"2022-09-05T09:32:05","guid":{"rendered":"http:\/\/searchandrescuetr.com\/urun\/evolite-wizard-50-sirt-cantasi\/"},"modified":"2022-09-05T12:32:59","modified_gmt":"2022-09-05T09:32:59","slug":"evolite-wizard-50-sirt-cantasi","status":"publish","type":"product","link":"https:\/\/searchandrescuetr.com\/?product=evolite-wizard-50-sirt-cantasi","title":{"rendered":"Evolite Wizard 50 S\u0131rt \u00c7antas\u0131"},"content":{"rendered":"<p><span style=\"vertical-align: inherit;\"><span style=\"vertical-align: inherit;\"><\/span><\/span><\/p>\n","protected":false},"excerpt":{"rendered":"<p><span style=\"color: #000000;\">\u00d6ZELL\u0130KLER<\/span><\/p>\n<ul>\n<li><span style=\"color: #000000;\">Su ge\u00e7irmez fermuarl\u0131 iki geni\u015f \u00f6n cep<\/span><\/li>\n<li><span style=\"color: #000000;\">\u00dcst kapakta fermuarl\u0131 cep<\/span><\/li>\n<li>Uzun s\u00fcreli ya\u011fmurlar i\u00e7in en alt b\u00f6l\u00fcmde \u00e7anta ya\u011fmurlu\u011fu da mevcuttur.<span style=\"color: #000000;\"><\/span><\/li>\n<li><span style=\"text-align: left; color: #000000; text-transform: none; line-height: 18.2px; text-indent: 0px; letter-spacing: normal; font-family: Arial, Helvetica, sans-serif; font-size: 13px; font-style: normal; font-weight: normal; word-spacing: 0px; float: none; display: inline !important; white-space: normal; orphans: 2; widows: 2; background-color: #ffffff; font-variant-ligatures: normal; font-variant-caps: normal; -webkit-text-stroke-width: 0px;\">\u00c7anta \u00fczerinde kazma yada baton sabitlemek i\u00e7in iki adet ba\u011flant\u0131 noktas\u0131 bulunur<\/span><\/li>\n<li><span style=\"color: #000000;\">\u0130\u00e7 cep<\/span><span style=\"color: #000000;\"><\/span><\/li>\n<li><span style=\"color: #000000;\">Kal\u00e7a kemerinde fermuarl\u0131 cep<\/span><span style=\"color: #000000;\"><\/span><span style=\"color: #000000;\"><span style=\"color: #000000;\"><\/span><\/span><\/li>\n<li><span style=\"font: 12px\/normal arial, helvetica, sans-serif; margin: 0px; padding: 0px; border: 0px currentColor; color: #000000; text-transform: none; text-indent: 0px; letter-spacing: normal; word-spacing: 0px; display: inline !important; white-space: normal; widows: 1; font-stretch: normal; background-color: #f9f9f9; -webkit-text-stroke-width: 0px;\"><span style=\"font: 12px\/normal arial, helvetica, sans-serif; margin: 0px; padding: 0px; border: 0px currentColor; color: #000000; text-transform: none; text-indent: 0px; letter-spacing: normal; word-spacing: 0px; display: inline !important; white-space: normal; widows: 1; font-stretch: normal; background-color: #f9f9f9; -webkit-text-stroke-width: 0px;\"><span style=\"font: 12px\/normal arial, helvetica, sans-serif; margin: 0px; padding: 0px; border: 0px currentColor; color: #000000; text-transform: none; text-indent: 0px; letter-spacing: normal; word-spacing: 0px; display: inline !important; white-space: normal; widows: 1; font-stretch: normal; background-color: #f9f9f9; -webkit-text-stroke-width: 0px;\">Hidrasyon sistemi (Su \u00c7antas\u0131)&nbsp;ile uyumludur.<\/span><\/span><\/span><\/li>\n<li><span style=\"color: #000000;\">Kapasite: 50L<\/span><span style=\"color: #000000;\">itre<\/span><\/li>\n<\/ul>\n<p><span style=\"color: #000000;\">\u00d6l\u00e7\u00fcler:31x28x65cm<\/span><\/p>\n<p><span style=\"color: #000000;\">Kullan\u0131lan malzeme:Polyester 300D<\/span><\/p>\n","protected":false},"featured_media":32339,"template":"","meta":[],"product_brand":[],"product_cat":[754,755,744,745,746],"product_tag":[151],"class_list":{"0":"post-18356","1":"product","2":"type-product","3":"status-publish","4":"has-post-thumbnail","6":"product_cat-40-59-litre-cantalar","7":"product_cat-40-59-litre-cantalar-kampcilik-ve-yuruyus-cantalari","8":"product_cat-cantalar","9":"product_cat-dagcilik-cantalar","10":"product_cat-kampcilik-ve-yuruyus-cantalari","11":"product_tag-evolite","13":"first","14":"instock","15":"taxable","16":"shipping-taxable","17":"product-type-simple"},"_links":{"self":[{"href":"https:\/\/searchandrescuetr.com\/index.php?rest_route=\/wp\/v2\/product\/18356","targetHints":{"allow":["GET"]}}],"collection":[{"href":"https:\/\/searchandrescuetr.com\/index.php?rest_route=\/wp\/v2\/product"}],"about":[{"href":"https:\/\/searchandrescuetr.com\/index.php?rest_route=\/wp\/v2\/types\/product"}],"wp:featuredmedia":[{"embeddable":true,"href":"https:\/\/searchandrescuetr.com\/index.php?rest_route=\/wp\/v2\/media\/32339"}],"wp:attachment":[{"href":"https:\/\/searchandrescuetr.com\/index.php?rest_route=%2Fwp%2Fv2%2Fmedia&parent=18356"}],"wp:term":[{"taxonomy":"product_brand","embeddable":true,"href":"https:\/\/searchandrescuetr.com\/index.php?rest_route=%2Fwp%2Fv2%2Fproduct_brand&post=18356"},{"taxonomy":"product_cat","embeddable":true,"href":"https:\/\/searchandrescuetr.com\/index.php?rest_route=%2Fwp%2Fv2%2Fproduct_cat&post=18356"},{"taxonomy":"product_tag","embeddable":true,"href":"https:\/\/searchandrescuetr.com\/index.php?rest_route=%2Fwp%2Fv2%2Fproduct_tag&post=18356"}],"curies":[{"name":"wp","href":"https:\/\/api.w.org\/{rel}","templated":true}]}}