{"id":18369,"date":"2022-09-05T12:35:43","date_gmt":"2022-09-05T09:35:43","guid":{"rendered":"http:\/\/searchandrescuetr.com\/urun\/patagonia-bay-jet-stream-ceket\/"},"modified":"2022-09-05T12:37:49","modified_gmt":"2022-09-05T09:37:49","slug":"patagonia-bay-jet-stream-ceket","status":"publish","type":"product","link":"https:\/\/searchandrescuetr.com\/?product=patagonia-bay-jet-stream-ceket","title":{"rendered":"Patagonia Bay Jet Stream Ceket"},"content":{"rendered":"<p><span style=\"vertical-align: inherit;\"><span style=\"vertical-align: inherit;\"><\/span><\/span><\/p>\n","protected":false},"excerpt":{"rendered":"<p>T\u00fcm trekking ve da\u011fc\u0131l\u0131k faaliyetlerinde kullanabilece\u011finiz ceket.\u0130ki adet yan cep mevcuttur. Bu fermuarlar suge\u00e7irmez \u00f6zelliktedir. 2,5 katmandan olu\u015fan y\u0131rt\u0131lmaya dayan\u0131kl\u0131 ripstop kuma\u015ftan \u00fcretilmi\u015ftir. Kask tak\u0131labilen ba\u015fl\u0131\u011f\u0131 mevcuttur.<\/p>\n","protected":false},"featured_media":32442,"template":"","meta":[],"product_brand":[],"product_cat":[845,844,837],"product_tag":[783],"class_list":{"0":"post-18369","1":"product","2":"type-product","3":"status-publish","4":"has-post-thumbnail","6":"product_cat-ceketler-ve-montlar-erkek","7":"product_cat-erkek","8":"product_cat-giysiler","9":"product_tag-patagonia","11":"first","12":"instock","13":"taxable","14":"shipping-taxable","15":"product-type-simple"},"_links":{"self":[{"href":"https:\/\/searchandrescuetr.com\/index.php?rest_route=\/wp\/v2\/product\/18369","targetHints":{"allow":["GET"]}}],"collection":[{"href":"https:\/\/searchandrescuetr.com\/index.php?rest_route=\/wp\/v2\/product"}],"about":[{"href":"https:\/\/searchandrescuetr.com\/index.php?rest_route=\/wp\/v2\/types\/product"}],"wp:featuredmedia":[{"embeddable":true,"href":"https:\/\/searchandrescuetr.com\/index.php?rest_route=\/wp\/v2\/media\/32442"}],"wp:attachment":[{"href":"https:\/\/searchandrescuetr.com\/index.php?rest_route=%2Fwp%2Fv2%2Fmedia&parent=18369"}],"wp:term":[{"taxonomy":"product_brand","embeddable":true,"href":"https:\/\/searchandrescuetr.com\/index.php?rest_route=%2Fwp%2Fv2%2Fproduct_brand&post=18369"},{"taxonomy":"product_cat","embeddable":true,"href":"https:\/\/searchandrescuetr.com\/index.php?rest_route=%2Fwp%2Fv2%2Fproduct_cat&post=18369"},{"taxonomy":"product_tag","embeddable":true,"href":"https:\/\/searchandrescuetr.com\/index.php?rest_route=%2Fwp%2Fv2%2Fproduct_tag&post=18369"}],"curies":[{"name":"wp","href":"https:\/\/api.w.org\/{rel}","templated":true}]}}