{"id":18370,"date":"2022-09-05T12:38:49","date_gmt":"2022-09-05T09:38:49","guid":{"rendered":"http:\/\/searchandrescuetr.com\/urun\/patagonia-bay-primo-ceket\/"},"modified":"2022-09-05T12:38:50","modified_gmt":"2022-09-05T09:38:50","slug":"patagonia-bay-primo-ceket","status":"publish","type":"product","link":"https:\/\/searchandrescuetr.com\/?product=patagonia-bay-primo-ceket","title":{"rendered":"Patagonia Bay Primo Ceket"},"content":{"rendered":"<p><span style=\"vertical-align: inherit;\"><span style=\"vertical-align: inherit;\"><\/span><\/span><\/p>\n","protected":false},"excerpt":{"rendered":"<p>Goretex XCR iki kat membrana sahip ceket, 100 su ge\u00e7irmezli\u011fi ve iyi nefes alabilme \u00f6zelli\u011fi ile tam bir teknik da\u011fc\u0131l\u0131k ceketidir. \u0130\u00e7eriden bantlanm\u0131\u015f diki\u015fler sayesinde diki\u015flerden su almas\u0131 engellenir. Kask tak\u0131labilen ve fermuarl\u0131 \u00e7\u0131kabilen kap\u00fc\u015fon.<\/p>\n","protected":false},"featured_media":32448,"template":"","meta":[],"product_brand":[],"product_cat":[845,844,837],"product_tag":[783],"class_list":{"0":"post-18370","1":"product","2":"type-product","3":"status-publish","4":"has-post-thumbnail","6":"product_cat-ceketler-ve-montlar-erkek","7":"product_cat-erkek","8":"product_cat-giysiler","9":"product_tag-patagonia","11":"first","12":"instock","13":"taxable","14":"shipping-taxable","15":"product-type-simple"},"_links":{"self":[{"href":"https:\/\/searchandrescuetr.com\/index.php?rest_route=\/wp\/v2\/product\/18370","targetHints":{"allow":["GET"]}}],"collection":[{"href":"https:\/\/searchandrescuetr.com\/index.php?rest_route=\/wp\/v2\/product"}],"about":[{"href":"https:\/\/searchandrescuetr.com\/index.php?rest_route=\/wp\/v2\/types\/product"}],"wp:featuredmedia":[{"embeddable":true,"href":"https:\/\/searchandrescuetr.com\/index.php?rest_route=\/wp\/v2\/media\/32448"}],"wp:attachment":[{"href":"https:\/\/searchandrescuetr.com\/index.php?rest_route=%2Fwp%2Fv2%2Fmedia&parent=18370"}],"wp:term":[{"taxonomy":"product_brand","embeddable":true,"href":"https:\/\/searchandrescuetr.com\/index.php?rest_route=%2Fwp%2Fv2%2Fproduct_brand&post=18370"},{"taxonomy":"product_cat","embeddable":true,"href":"https:\/\/searchandrescuetr.com\/index.php?rest_route=%2Fwp%2Fv2%2Fproduct_cat&post=18370"},{"taxonomy":"product_tag","embeddable":true,"href":"https:\/\/searchandrescuetr.com\/index.php?rest_route=%2Fwp%2Fv2%2Fproduct_tag&post=18370"}],"curies":[{"name":"wp","href":"https:\/\/api.w.org\/{rel}","templated":true}]}}