{"id":18388,"date":"2022-09-05T13:00:03","date_gmt":"2022-09-05T10:00:03","guid":{"rendered":"http:\/\/searchandrescuetr.com\/urun\/patagonia-bay-smuggler-shorts\/"},"modified":"2022-09-05T13:04:23","modified_gmt":"2022-09-05T10:04:23","slug":"patagonia-bay-smuggler-shorts","status":"publish","type":"product","link":"https:\/\/searchandrescuetr.com\/?product=patagonia-bay-smuggler-shorts","title":{"rendered":"Patagonia Bay Smuggler Shorts"},"content":{"rendered":"<p><span style=\"vertical-align: inherit;\"><span style=\"vertical-align: inherit;\"><\/span><\/span><\/p>\n","protected":false},"excerpt":{"rendered":"<p><span style=\"font-size: 18pt;\"><strong>Patagonia SMUGGLER Shorts Man<\/strong><\/span><\/p>\n<p><span style=\"font-size: 12pt;\">Patagonia&#8217;n\u0131n organik pamutlu \u00fcr\u00fcn serisi i\u00e7indedir.<\/span><\/p>\n<p><span size=\"3\" style=\"font-size: medium;\">100 Pamuk olmas\u0131ndan dolay\u0131 yumu\u015fakl\u0131\u011f\u0131 ve v\u00fccut terini emmesi size ultra konfor sa\u011flar.<\/span><\/p>\n","protected":false},"featured_media":32628,"template":"","meta":[],"product_brand":[],"product_cat":[844,837,879],"product_tag":[783],"class_list":{"0":"post-18388","1":"product","2":"type-product","3":"status-publish","4":"has-post-thumbnail","6":"product_cat-erkek","7":"product_cat-giysiler","8":"product_cat-gomlekler-ve-tshirtler-erkek","9":"product_tag-patagonia","11":"first","12":"instock","13":"taxable","14":"shipping-taxable","15":"product-type-simple"},"_links":{"self":[{"href":"https:\/\/searchandrescuetr.com\/index.php?rest_route=\/wp\/v2\/product\/18388","targetHints":{"allow":["GET"]}}],"collection":[{"href":"https:\/\/searchandrescuetr.com\/index.php?rest_route=\/wp\/v2\/product"}],"about":[{"href":"https:\/\/searchandrescuetr.com\/index.php?rest_route=\/wp\/v2\/types\/product"}],"wp:featuredmedia":[{"embeddable":true,"href":"https:\/\/searchandrescuetr.com\/index.php?rest_route=\/wp\/v2\/media\/32628"}],"wp:attachment":[{"href":"https:\/\/searchandrescuetr.com\/index.php?rest_route=%2Fwp%2Fv2%2Fmedia&parent=18388"}],"wp:term":[{"taxonomy":"product_brand","embeddable":true,"href":"https:\/\/searchandrescuetr.com\/index.php?rest_route=%2Fwp%2Fv2%2Fproduct_brand&post=18388"},{"taxonomy":"product_cat","embeddable":true,"href":"https:\/\/searchandrescuetr.com\/index.php?rest_route=%2Fwp%2Fv2%2Fproduct_cat&post=18388"},{"taxonomy":"product_tag","embeddable":true,"href":"https:\/\/searchandrescuetr.com\/index.php?rest_route=%2Fwp%2Fv2%2Fproduct_tag&post=18388"}],"curies":[{"name":"wp","href":"https:\/\/api.w.org\/{rel}","templated":true}]}}