{"id":3637,"date":"2021-04-17T13:32:05","date_gmt":"2021-04-17T13:32:05","guid":{"rendered":"http:\/\/searchandrescuetr.com\/?post_type=product&#038;p=3637"},"modified":"2021-11-18T09:15:42","modified_gmt":"2021-11-18T06:15:42","slug":"evolite-alaska-pro-15oc-uyku-tulumu","status":"publish","type":"product","link":"https:\/\/searchandrescuetr.com\/?product=evolite-alaska-pro-15oc-uyku-tulumu","title":{"rendered":"Evolite Alaska Pro -15\u00baC Uyku Tulumu"},"content":{"rendered":"<p>4 mevsim kamp\u00e7\u0131l\u0131k ve da\u011fc\u0131l\u0131\u011fa yeni ba\u015flayanlar i\u00e7in ideal silikon elyaf dolgulu su ge\u00e7irmez nefes alabilir kuma\u015f uyku tulumu<\/p>\n<ul>\n<li><strong>Dolgu Malzemesi :<\/strong>\u00a0350gr\/m2 Hollowfibre 3D, Silikon Elyaf<\/li>\n<li><strong>D\u0131\u015f Kuma\u015f :<\/strong>\u00a0190T Su Ge\u00e7irmez Nefes Alabilir Polyester W\/R W\/P<\/li>\n<li><strong>\u0130\u00e7 Kuma\u015f:<\/strong>\u00a088\/64 T\/C, Polikoton<\/li>\n<li><strong>Derecesi :<\/strong>\u00a0-15\u00baC<\/li>\n<li><strong>Boyutlar\u0131 :<\/strong>\u00a0230 x 85 x 55 cm<\/li>\n<li><strong>A\u011f\u0131rl\u0131k:<\/strong>\u00a01.60 kg.<\/li>\n<li>S\u0131k\u0131\u015ft\u0131rma Torbal\u0131 Su Ge\u00e7irmez D\u0131\u015f K\u0131l\u0131f<\/li>\n<li>Di\u011fer uyku tulumlar\u0131yla birle\u015ftirilebilir.<\/li>\n<li>\u0130ki adet asma halkas\u0131 kullanmad\u0131\u011f\u0131n\u0131z zamanlarda tulumu asarak saklaman\u0131z\u0131 sa\u011flar.<\/li>\n<li>Fermuar\u0131 \u00e7ift y\u00f6nl\u00fc a\u00e7\u0131labilir.<\/li>\n<li>So\u011fu\u011fa kar\u015f\u0131 fermuar\u0131n i\u00e7 k\u0131s\u0131mlar\u0131nda ekstra yal\u0131t\u0131m malzemesi kullan\u0131lm\u0131\u015ft\u0131r.<\/li>\n<\/ul>\n","protected":false},"excerpt":{"rendered":"<p>4 mevsim kamp\u00e7\u0131l\u0131k ve da\u011fc\u0131l\u0131\u011fa yeni ba\u015flayanlar i\u00e7in ideal silikon elyaf dolgulu su ge\u00e7irmez nefes alabilir kuma\u015f uyku tulumu Dolgu Malzemesi :\u00a0350gr\/m2 Hollowfibre 3D, Silikon Elyaf D\u0131\u015f Kuma\u015f :\u00a0190T Su Ge\u00e7irmez Nefes Alabilir Polyester W\/R W\/P \u0130\u00e7 Kuma\u015f:\u00a088\/64 T\/C, Polikoton Derecesi :\u00a0-15\u00baC Boyutlar\u0131 :\u00a0230 x 85 x 55 cm A\u011f\u0131rl\u0131k:\u00a01.60 kg. S\u0131k\u0131\u015ft\u0131rma Torbal\u0131 Su Ge\u00e7irmez [&hellip;]<\/p>\n","protected":false},"featured_media":3639,"template":"","meta":[],"product_brand":[],"product_cat":[156],"product_tag":[151,152],"class_list":{"0":"post-3637","1":"product","2":"type-product","3":"status-publish","4":"has-post-thumbnail","6":"product_cat-genel","7":"product_tag-evolite","8":"product_tag-uyku-tulumu","10":"first","11":"instock","12":"taxable","13":"shipping-taxable","14":"product-type-simple"},"_links":{"self":[{"href":"https:\/\/searchandrescuetr.com\/index.php?rest_route=\/wp\/v2\/product\/3637","targetHints":{"allow":["GET"]}}],"collection":[{"href":"https:\/\/searchandrescuetr.com\/index.php?rest_route=\/wp\/v2\/product"}],"about":[{"href":"https:\/\/searchandrescuetr.com\/index.php?rest_route=\/wp\/v2\/types\/product"}],"wp:featuredmedia":[{"embeddable":true,"href":"https:\/\/searchandrescuetr.com\/index.php?rest_route=\/wp\/v2\/media\/3639"}],"wp:attachment":[{"href":"https:\/\/searchandrescuetr.com\/index.php?rest_route=%2Fwp%2Fv2%2Fmedia&parent=3637"}],"wp:term":[{"taxonomy":"product_brand","embeddable":true,"href":"https:\/\/searchandrescuetr.com\/index.php?rest_route=%2Fwp%2Fv2%2Fproduct_brand&post=3637"},{"taxonomy":"product_cat","embeddable":true,"href":"https:\/\/searchandrescuetr.com\/index.php?rest_route=%2Fwp%2Fv2%2Fproduct_cat&post=3637"},{"taxonomy":"product_tag","embeddable":true,"href":"https:\/\/searchandrescuetr.com\/index.php?rest_route=%2Fwp%2Fv2%2Fproduct_tag&post=3637"}],"curies":[{"name":"wp","href":"https:\/\/api.w.org\/{rel}","templated":true}]}}