{"id":44563,"date":"2023-01-10T15:00:35","date_gmt":"2023-01-10T12:00:35","guid":{"rendered":"http:\/\/searchandrescuetr.com\/?post_type=product&#038;p=44563"},"modified":"2023-01-10T15:00:35","modified_gmt":"2023-01-10T12:00:35","slug":"k-1000s-10-kg-1750-w-kirici","status":"publish","type":"product","link":"https:\/\/searchandrescuetr.com\/?product=k-1000s-10-kg-1750-w-kirici","title":{"rendered":"K 1000S 10 KG \/ 1750 W KIRICI"},"content":{"rendered":"","protected":false},"excerpt":{"rendered":"<div class=\"row\">\n<div id=\"productDetailTab\" class=\"col col-12 mb\">\n<div class=\"row mb\">\n<ul>\n<li>G\u00fc\u00e7l\u00fc ve kompakt k\u0131r\u0131c\u0131 26 joule g\u00fcc\u00fc ile zorlu k\u0131r\u0131m uygulamalar\u0131 i\u00e7in tasarlanm\u0131\u015ft\u0131r<\/li>\n<li>AVS teknolojisinin, \u00e7al\u0131\u015fma esnas\u0131nda i\u00e7 aksama e\u011fimler yapt\u0131rarak vibrasyonu absorbe etmesi kullan\u0131c\u0131ya t\u00fcm g\u00fcn boyunca \u00e7al\u0131\u015fma imkan\u0131 verir ve a\u015f\u0131r\u0131 yorgunluktan korur<\/li>\n<li>1400-1950 BPM ile maksimum verimlilik<\/li>\n<li>6 mt kablo ile 110 m2 alanda \u00e7al\u0131\u015fma imkan\u0131<\/li>\n<li>Variolock (12 pozisyonlu) keski ucu pozisyonu ile en do\u011fru a\u00e7\u0131da \u00e7al\u0131\u015fabilme<\/li>\n<li>Kolay eri\u015filebilir k\u00f6m\u00fcr penceresi ile kolay bak\u0131m<\/li>\n<li>SDS-Max u\u00e7 giri\u015fi<\/li>\n<li>Servis zaman\u0131n\u0131 g\u00f6steren ikaz \u0131\u015f\u0131\u011f\u0131<\/li>\n<\/ul>\n<\/div>\n<\/div>\n<\/div>\n","protected":false},"featured_media":44564,"template":"","meta":[],"product_brand":[],"product_cat":[1058],"product_tag":[],"class_list":{"0":"post-44563","1":"product","2":"type-product","3":"status-publish","4":"has-post-thumbnail","6":"product_cat-kirici-delici-makineler","8":"first","9":"instock","10":"taxable","11":"shipping-taxable","12":"product-type-simple"},"_links":{"self":[{"href":"https:\/\/searchandrescuetr.com\/index.php?rest_route=\/wp\/v2\/product\/44563","targetHints":{"allow":["GET"]}}],"collection":[{"href":"https:\/\/searchandrescuetr.com\/index.php?rest_route=\/wp\/v2\/product"}],"about":[{"href":"https:\/\/searchandrescuetr.com\/index.php?rest_route=\/wp\/v2\/types\/product"}],"wp:featuredmedia":[{"embeddable":true,"href":"https:\/\/searchandrescuetr.com\/index.php?rest_route=\/wp\/v2\/media\/44564"}],"wp:attachment":[{"href":"https:\/\/searchandrescuetr.com\/index.php?rest_route=%2Fwp%2Fv2%2Fmedia&parent=44563"}],"wp:term":[{"taxonomy":"product_brand","embeddable":true,"href":"https:\/\/searchandrescuetr.com\/index.php?rest_route=%2Fwp%2Fv2%2Fproduct_brand&post=44563"},{"taxonomy":"product_cat","embeddable":true,"href":"https:\/\/searchandrescuetr.com\/index.php?rest_route=%2Fwp%2Fv2%2Fproduct_cat&post=44563"},{"taxonomy":"product_tag","embeddable":true,"href":"https:\/\/searchandrescuetr.com\/index.php?rest_route=%2Fwp%2Fv2%2Fproduct_tag&post=44563"}],"curies":[{"name":"wp","href":"https:\/\/api.w.org\/{rel}","templated":true}]}}