{"id":44569,"date":"2023-01-10T15:33:46","date_gmt":"2023-01-10T12:33:46","guid":{"rendered":"http:\/\/searchandrescuetr.com\/?post_type=product&#038;p=44569"},"modified":"2023-01-10T15:34:37","modified_gmt":"2023-01-10T12:34:37","slug":"pde-13-rx-darbeli-matkap-fixtec-630-w","status":"publish","type":"product","link":"https:\/\/searchandrescuetr.com\/?product=pde-13-rx-darbeli-matkap-fixtec-630-w","title":{"rendered":"PDE 13 RX DARBEL\u0130 MATKAP FIXTEC 630 W"},"content":{"rendered":"","protected":false},"excerpt":{"rendered":"<div class=\"row\">\n<div id=\"productDetailTab\" class=\"col col-12 mb\">\n<div class=\"row mb\">\n<ul>\n<li>Tek elle kullan\u0131labilen 1,5-13mm aras\u0131 FIXTEC anahtars\u0131z mandren<\/li>\n<li>IMB -Entegre metal blok teknolojisi sayesinde son derece dayan\u0131kl\u0131<\/li>\n<li>Tetik \u00fczerinden devir ayar\u0131 yapabilme<\/li>\n<li>Delme ve darbeli delme fonksiyonlar\u0131<\/li>\n<li>Kolay K\u00f6m\u00fcr de\u011fi\u015fimi i\u00e7in uygun kapak sistemi<\/li>\n<li>4m enerji kablosu<\/li>\n<\/ul>\n<\/div>\n<\/div>\n<\/div>\n","protected":false},"featured_media":44570,"template":"","meta":[],"product_brand":[],"product_cat":[1058],"product_tag":[],"class_list":{"0":"post-44569","1":"product","2":"type-product","3":"status-publish","4":"has-post-thumbnail","6":"product_cat-kirici-delici-makineler","8":"first","9":"instock","10":"taxable","11":"shipping-taxable","12":"product-type-simple"},"_links":{"self":[{"href":"https:\/\/searchandrescuetr.com\/index.php?rest_route=\/wp\/v2\/product\/44569","targetHints":{"allow":["GET"]}}],"collection":[{"href":"https:\/\/searchandrescuetr.com\/index.php?rest_route=\/wp\/v2\/product"}],"about":[{"href":"https:\/\/searchandrescuetr.com\/index.php?rest_route=\/wp\/v2\/types\/product"}],"wp:featuredmedia":[{"embeddable":true,"href":"https:\/\/searchandrescuetr.com\/index.php?rest_route=\/wp\/v2\/media\/44570"}],"wp:attachment":[{"href":"https:\/\/searchandrescuetr.com\/index.php?rest_route=%2Fwp%2Fv2%2Fmedia&parent=44569"}],"wp:term":[{"taxonomy":"product_brand","embeddable":true,"href":"https:\/\/searchandrescuetr.com\/index.php?rest_route=%2Fwp%2Fv2%2Fproduct_brand&post=44569"},{"taxonomy":"product_cat","embeddable":true,"href":"https:\/\/searchandrescuetr.com\/index.php?rest_route=%2Fwp%2Fv2%2Fproduct_cat&post=44569"},{"taxonomy":"product_tag","embeddable":true,"href":"https:\/\/searchandrescuetr.com\/index.php?rest_route=%2Fwp%2Fv2%2Fproduct_tag&post=44569"}],"curies":[{"name":"wp","href":"https:\/\/api.w.org\/{rel}","templated":true}]}}