{"id":44572,"date":"2023-01-10T15:38:57","date_gmt":"2023-01-10T12:38:57","guid":{"rendered":"http:\/\/searchandrescuetr.com\/?post_type=product&#038;p=44572"},"modified":"2023-01-10T15:38:57","modified_gmt":"2023-01-10T12:38:57","slug":"pfh-26t-pnomatik-delici","status":"publish","type":"product","link":"https:\/\/searchandrescuetr.com\/?product=pfh-26t-pnomatik-delici","title":{"rendered":"PFH 26T PN\u00d6MAT\u0130K DEL\u0130C\u0130"},"content":{"rendered":"","protected":false},"excerpt":{"rendered":"<div class=\"row\">\n<div id=\"productDetailTab\" class=\"col col-12 mb\">\n<div class=\"row mb\">\n<ul>\n<li>Kendi s\u0131n\u0131f\u0131n\u0131n en ince ve kompakt delicisi<\/li>\n<li>4500 bpm ve 2.4 J darbe g\u00fcc\u00fc ile e\u015fsiz performans<\/li>\n<li>Beton deliminde en d\u00fc\u015f\u00fck vibrasyon: sadece 13.5 m\/s2<\/li>\n<li>Entegre metal blok teknolojisi ile en iyi dayan\u0131kl\u0131l\u0131k<\/li>\n<li>Yenilik\u00e7i ve patentli a\u011f\u0131rl\u0131\u011f\u0131 d\u00fc\u015f\u00fcr\u00fclm\u00fc\u015f teknoloji<\/li>\n<li>Darbe durdurma fonksiyonu<\/li>\n<li>4 m kablo<\/li>\n<\/ul>\n<\/div>\n<\/div>\n<\/div>\n","protected":false},"featured_media":44573,"template":"","meta":[],"product_brand":[],"product_cat":[1058],"product_tag":[],"class_list":{"0":"post-44572","1":"product","2":"type-product","3":"status-publish","4":"has-post-thumbnail","6":"product_cat-kirici-delici-makineler","8":"first","9":"instock","10":"taxable","11":"shipping-taxable","12":"product-type-simple"},"_links":{"self":[{"href":"https:\/\/searchandrescuetr.com\/index.php?rest_route=\/wp\/v2\/product\/44572","targetHints":{"allow":["GET"]}}],"collection":[{"href":"https:\/\/searchandrescuetr.com\/index.php?rest_route=\/wp\/v2\/product"}],"about":[{"href":"https:\/\/searchandrescuetr.com\/index.php?rest_route=\/wp\/v2\/types\/product"}],"wp:featuredmedia":[{"embeddable":true,"href":"https:\/\/searchandrescuetr.com\/index.php?rest_route=\/wp\/v2\/media\/44573"}],"wp:attachment":[{"href":"https:\/\/searchandrescuetr.com\/index.php?rest_route=%2Fwp%2Fv2%2Fmedia&parent=44572"}],"wp:term":[{"taxonomy":"product_brand","embeddable":true,"href":"https:\/\/searchandrescuetr.com\/index.php?rest_route=%2Fwp%2Fv2%2Fproduct_brand&post=44572"},{"taxonomy":"product_cat","embeddable":true,"href":"https:\/\/searchandrescuetr.com\/index.php?rest_route=%2Fwp%2Fv2%2Fproduct_cat&post=44572"},{"taxonomy":"product_tag","embeddable":true,"href":"https:\/\/searchandrescuetr.com\/index.php?rest_route=%2Fwp%2Fv2%2Fproduct_tag&post=44572"}],"curies":[{"name":"wp","href":"https:\/\/api.w.org\/{rel}","templated":true}]}}