{"id":44581,"date":"2023-01-10T15:59:27","date_gmt":"2023-01-10T12:59:27","guid":{"rendered":"http:\/\/searchandrescuetr.com\/?post_type=product&#038;p=44581"},"modified":"2023-01-10T15:59:27","modified_gmt":"2023-01-10T12:59:27","slug":"plh-28-e-3-kg-sds-plus-kirici-delici","status":"publish","type":"product","link":"https:\/\/searchandrescuetr.com\/?product=plh-28-e-3-kg-sds-plus-kirici-delici","title":{"rendered":"PLH 28 E 3 KG SDS PLUS KIRICI DEL\u0130C\u0130"},"content":{"rendered":"","protected":false},"excerpt":{"rendered":"<div class=\"row\">\n<div id=\"productDetailTab\" class=\"col col-12 mb\">\n<div class=\"row mb\">\n<ul>\n<li>B\u00fcy\u00fck vuru\u015f g\u00fcc\u00fc , 4.1J darbe enerjisi sa\u011flar<\/li>\n<li>800W motor g\u00fcc\u00fc ile \u00fcst\u00fcn delme h\u0131z\u0131 sonu\u00e7lar\u0131 verir<\/li>\n<li>Di\u015fli mekanizmas\u0131nda bulunan ,metal blok teknolojisi s\u0131n\u0131f\u0131n\u0131n en y\u00fcksek dayan\u0131kl\u0131l\u0131\u011f\u0131n\u0131 sunar<\/li>\n<li>\u0130leri ve geri harekette benzer g\u00fc\u00e7 sa\u011flayan k\u00f6m\u00fcr devir halkalar\u0131<\/li>\n<li>Makine ve kullan\u0131c\u0131y\u0131 koruyan g\u00fcvenlik debriyaj\u0131<\/li>\n<li>FIXTEC anahtars\u0131z mandren ile h\u0131zl\u0131 adapt\u00f6r de\u011fi\u015ftirme<\/li>\n<li>4mt enerji kablosu<\/li>\n<\/ul>\n<\/div>\n<\/div>\n<\/div>\n","protected":false},"featured_media":44582,"template":"","meta":[],"product_brand":[],"product_cat":[1058],"product_tag":[],"class_list":{"0":"post-44581","1":"product","2":"type-product","3":"status-publish","4":"has-post-thumbnail","6":"product_cat-kirici-delici-makineler","8":"first","9":"instock","10":"taxable","11":"shipping-taxable","12":"product-type-simple"},"_links":{"self":[{"href":"https:\/\/searchandrescuetr.com\/index.php?rest_route=\/wp\/v2\/product\/44581","targetHints":{"allow":["GET"]}}],"collection":[{"href":"https:\/\/searchandrescuetr.com\/index.php?rest_route=\/wp\/v2\/product"}],"about":[{"href":"https:\/\/searchandrescuetr.com\/index.php?rest_route=\/wp\/v2\/types\/product"}],"wp:featuredmedia":[{"embeddable":true,"href":"https:\/\/searchandrescuetr.com\/index.php?rest_route=\/wp\/v2\/media\/44582"}],"wp:attachment":[{"href":"https:\/\/searchandrescuetr.com\/index.php?rest_route=%2Fwp%2Fv2%2Fmedia&parent=44581"}],"wp:term":[{"taxonomy":"product_brand","embeddable":true,"href":"https:\/\/searchandrescuetr.com\/index.php?rest_route=%2Fwp%2Fv2%2Fproduct_brand&post=44581"},{"taxonomy":"product_cat","embeddable":true,"href":"https:\/\/searchandrescuetr.com\/index.php?rest_route=%2Fwp%2Fv2%2Fproduct_cat&post=44581"},{"taxonomy":"product_tag","embeddable":true,"href":"https:\/\/searchandrescuetr.com\/index.php?rest_route=%2Fwp%2Fv2%2Fproduct_tag&post=44581"}],"curies":[{"name":"wp","href":"https:\/\/api.w.org\/{rel}","templated":true}]}}