{"id":44585,"date":"2023-01-10T16:11:51","date_gmt":"2023-01-10T13:11:51","guid":{"rendered":"http:\/\/searchandrescuetr.com\/?post_type=product&#038;p=44585"},"modified":"2023-01-10T16:11:52","modified_gmt":"2023-01-10T13:11:52","slug":"k-545-s-45-mm-1300-w-kirici-delici","status":"publish","type":"product","link":"https:\/\/searchandrescuetr.com\/?product=k-545-s-45-mm-1300-w-kirici-delici","title":{"rendered":"K 545 S 45 MM \/ 1300 W KIRICI &#8211; DEL\u0130C\u0130"},"content":{"rendered":"","protected":false},"excerpt":{"rendered":"<div class=\"row\">\n<div id=\"productDetailTab\" class=\"col col-12 mb\">\n<div class=\"row mb\">\n<ul>\n<li>\u00d6n ve arka sapta AVS (anti vibrasyon sistemi) ve Softgrip<\/li>\n<li>Hassas malzemede delme \/ keskilemi i\u015flemi i\u00e7in darbe g\u00fcc\u00fcn\u00fc azaltan yumu\u015fak Darbe Modu<\/li>\n<li>U\u00e7 s\u0131k\u0131\u015fmas\u0131nda kullan\u0131c\u0131y\u0131 ve makineyi koruyan emniyet debriyaj\u0131<\/li>\n<li>Delme \/ keskileme i\u015flemi i\u00e7in yumu\u015fak ba\u015flang\u0131\u00e7<\/li>\n<li>Y\u00fck alt\u0131nda h\u0131z\u0131 d\u00fczenli tutmay\u0131 sa\u011flayan sabit elektronik<\/li>\n<li>Servis ikaz \u0131\u015f\u0131\u011f\u0131, kolay k\u00f6m\u00fcr de\u011fi\u015fimi<\/li>\n<li>Elektrik olup olmad\u0131\u011f\u0131n\u0131 g\u00f6steren g\u00fc\u00e7 indikat\u00f6r\u00fc<\/li>\n<li>Roto-Stop ve \u00e7ok konumlu keskileme fonksiyonu<\/li>\n<li>Di\u015flilerin kusursuz yerle\u015ftirildi\u011fi metal di\u015fli kutusu.<\/li>\n<li>Zorlu uygulamalar i\u00e7in sa\u011flam tasar\u0131m<\/li>\n<\/ul>\n<\/div>\n<\/div>\n<\/div>\n","protected":false},"featured_media":44586,"template":"","meta":[],"product_brand":[],"product_cat":[1058],"product_tag":[],"class_list":{"0":"post-44585","1":"product","2":"type-product","3":"status-publish","4":"has-post-thumbnail","6":"product_cat-kirici-delici-makineler","8":"first","9":"instock","10":"taxable","11":"shipping-taxable","12":"product-type-simple"},"_links":{"self":[{"href":"https:\/\/searchandrescuetr.com\/index.php?rest_route=\/wp\/v2\/product\/44585","targetHints":{"allow":["GET"]}}],"collection":[{"href":"https:\/\/searchandrescuetr.com\/index.php?rest_route=\/wp\/v2\/product"}],"about":[{"href":"https:\/\/searchandrescuetr.com\/index.php?rest_route=\/wp\/v2\/types\/product"}],"wp:featuredmedia":[{"embeddable":true,"href":"https:\/\/searchandrescuetr.com\/index.php?rest_route=\/wp\/v2\/media\/44586"}],"wp:attachment":[{"href":"https:\/\/searchandrescuetr.com\/index.php?rest_route=%2Fwp%2Fv2%2Fmedia&parent=44585"}],"wp:term":[{"taxonomy":"product_brand","embeddable":true,"href":"https:\/\/searchandrescuetr.com\/index.php?rest_route=%2Fwp%2Fv2%2Fproduct_brand&post=44585"},{"taxonomy":"product_cat","embeddable":true,"href":"https:\/\/searchandrescuetr.com\/index.php?rest_route=%2Fwp%2Fv2%2Fproduct_cat&post=44585"},{"taxonomy":"product_tag","embeddable":true,"href":"https:\/\/searchandrescuetr.com\/index.php?rest_route=%2Fwp%2Fv2%2Fproduct_tag&post=44585"}],"curies":[{"name":"wp","href":"https:\/\/api.w.org\/{rel}","templated":true}]}}