{"id":44592,"date":"2023-01-10T17:05:30","date_gmt":"2023-01-10T14:05:30","guid":{"rendered":"http:\/\/searchandrescuetr.com\/?post_type=product&#038;p=44592"},"modified":"2023-01-10T17:05:30","modified_gmt":"2023-01-10T14:05:30","slug":"k-950-s-50-mm-1700-w-kirici-delici","status":"publish","type":"product","link":"https:\/\/searchandrescuetr.com\/?product=k-950-s-50-mm-1700-w-kirici-delici","title":{"rendered":"K 950 S 50 MM \/ 1700 W KIRICI &#8211; DEL\u0130C\u0130"},"content":{"rendered":"","protected":false},"excerpt":{"rendered":"<div class=\"row\">\n<div id=\"productDetailTab\" class=\"col col-12 mb\">\n<div class=\"row mb\">\n<ul>\n<li>Keski a\u00e7\u0131s\u0131n\u0131 ayarlayarak maksimum kontrol sa\u011flayan Roto-Stop ve Vario-Lock \u00f6zelli\u011fi.<\/li>\n<li>500 saate yakla\u015fan ilk bak\u0131m verimi ile d\u00fc\u015f\u00fck i\u015fletme ve bak\u0131m maliyeti, y\u00fcksek performans.<\/li>\n<li>Dikey pozisyonda \u00e7al\u0131\u015fmay\u0131 kolayla\u015ft\u0131ran tasar\u0131m.<\/li>\n<li>Elektronik geri besleme devresi ile yumu\u015fak ba\u015flang\u0131\u00e7.<\/li>\n<li>U\u00e7 s\u0131k\u0131\u015fmas\u0131 durumunda kullan\u0131c\u0131y\u0131 ve makineyi koruyan emniyet debriyaj\u0131.<\/li>\n<li>Titre\u015fimleri %50 oran\u0131nda azaltan AVS (Anti Vibrasyon Sistemi)<\/li>\n<li>Tam izolasyonlu metal di\u015fli kutusu.<\/li>\n<li>Sert yap\u0131 ortamlar\u0131 i\u00e7in sa\u011flam metal g\u00f6vde yap\u0131s\u0131.<\/li>\n<li>Farkl\u0131 h\u0131z ve darbe se\u00e7enekleri sunan elektronik ayar.<\/li>\n<li>Rahat kavrama i\u00e7in Softgrip ve ergonomik tasar\u0131m.<\/li>\n<li>Bak\u0131m zaman\u0131n\u0131n geldi\u011fini g\u00f6steren servis ikaz \u0131\u015f\u0131\u011f\u0131.<\/li>\n<li>Kolay k\u00f6m\u00fcr de\u011fi\u015fim kapaklar\u0131<\/li>\n<li>Vibrasyon kontroll\u00fc ilave yumu\u015fak tutamak<\/li>\n<\/ul>\n<\/div>\n<\/div>\n<\/div>\n","protected":false},"featured_media":44593,"template":"","meta":[],"product_brand":[],"product_cat":[1058],"product_tag":[],"class_list":{"0":"post-44592","1":"product","2":"type-product","3":"status-publish","4":"has-post-thumbnail","6":"product_cat-kirici-delici-makineler","8":"first","9":"instock","10":"taxable","11":"shipping-taxable","12":"product-type-simple"},"_links":{"self":[{"href":"https:\/\/searchandrescuetr.com\/index.php?rest_route=\/wp\/v2\/product\/44592","targetHints":{"allow":["GET"]}}],"collection":[{"href":"https:\/\/searchandrescuetr.com\/index.php?rest_route=\/wp\/v2\/product"}],"about":[{"href":"https:\/\/searchandrescuetr.com\/index.php?rest_route=\/wp\/v2\/types\/product"}],"wp:featuredmedia":[{"embeddable":true,"href":"https:\/\/searchandrescuetr.com\/index.php?rest_route=\/wp\/v2\/media\/44593"}],"wp:attachment":[{"href":"https:\/\/searchandrescuetr.com\/index.php?rest_route=%2Fwp%2Fv2%2Fmedia&parent=44592"}],"wp:term":[{"taxonomy":"product_brand","embeddable":true,"href":"https:\/\/searchandrescuetr.com\/index.php?rest_route=%2Fwp%2Fv2%2Fproduct_brand&post=44592"},{"taxonomy":"product_cat","embeddable":true,"href":"https:\/\/searchandrescuetr.com\/index.php?rest_route=%2Fwp%2Fv2%2Fproduct_cat&post=44592"},{"taxonomy":"product_tag","embeddable":true,"href":"https:\/\/searchandrescuetr.com\/index.php?rest_route=%2Fwp%2Fv2%2Fproduct_tag&post=44592"}],"curies":[{"name":"wp","href":"https:\/\/api.w.org\/{rel}","templated":true}]}}