{"id":44596,"date":"2023-01-10T17:09:41","date_gmt":"2023-01-10T14:09:41","guid":{"rendered":"http:\/\/searchandrescuetr.com\/?post_type=product&#038;p=44596"},"modified":"2023-01-10T17:09:42","modified_gmt":"2023-01-10T14:09:42","slug":"k-750-s-50-mm-1550-w-kirici-delici","status":"publish","type":"product","link":"https:\/\/searchandrescuetr.com\/?product=k-750-s-50-mm-1550-w-kirici-delici","title":{"rendered":"K 750 S 50 MM \/ 1550 W KIRICI &#8211; DEL\u0130C\u0130"},"content":{"rendered":"","protected":false},"excerpt":{"rendered":"<div class=\"row\">\n<div id=\"productDetailTab\" class=\"col col-12 mb\">\n<div class=\"row mb\">\n<ul>\n<li>Anti Vibrasyon Sistemi ile \u00e7al\u0131\u015fma esnas\u0131nda titre\u015fimi azalt\u0131r rahat kullanma imkan\u0131 sunar<\/li>\n<li>Keski a\u00e7\u0131s\u0131n\u0131 ayarlayarak maksimum kontrol sa\u011flayan vario- lock \u00f6zelli\u011fi<\/li>\n<li>Yumu\u015fak ba\u015flang\u0131\u00e7, hassas malzemeleri k\u0131rma ve delmede kolayl\u0131k sa\u011flar<\/li>\n<li>U\u00e7 s\u0131k\u0131\u015fmas\u0131nda kullan\u0131c\u0131y\u0131 ve makineyi koruyan emniyet debriyaj\u0131<\/li>\n<li>Y\u00fck alt\u0131nda h\u0131z\u0131 d\u00fczenli tutmay\u0131 sa\u011flayan sabit elektronik<\/li>\n<li>Servis ikaz \u0131\u015f\u0131\u0131\u011f\u0131, kolay k\u00f6m\u00fcr de\u011fi\u015fimi<\/li>\n<li>360 derece d\u00f6nebilen softgrip tutamak<\/li>\n<li>Softgrip \u00f6zelli\u011fi ile rahat ve kolay kavrama<\/li>\n<\/ul>\n<\/div>\n<\/div>\n<\/div>\n","protected":false},"featured_media":44597,"template":"","meta":[],"product_brand":[],"product_cat":[1058],"product_tag":[],"class_list":{"0":"post-44596","1":"product","2":"type-product","3":"status-publish","4":"has-post-thumbnail","6":"product_cat-kirici-delici-makineler","8":"first","9":"instock","10":"taxable","11":"shipping-taxable","12":"product-type-simple"},"_links":{"self":[{"href":"https:\/\/searchandrescuetr.com\/index.php?rest_route=\/wp\/v2\/product\/44596","targetHints":{"allow":["GET"]}}],"collection":[{"href":"https:\/\/searchandrescuetr.com\/index.php?rest_route=\/wp\/v2\/product"}],"about":[{"href":"https:\/\/searchandrescuetr.com\/index.php?rest_route=\/wp\/v2\/types\/product"}],"wp:featuredmedia":[{"embeddable":true,"href":"https:\/\/searchandrescuetr.com\/index.php?rest_route=\/wp\/v2\/media\/44597"}],"wp:attachment":[{"href":"https:\/\/searchandrescuetr.com\/index.php?rest_route=%2Fwp%2Fv2%2Fmedia&parent=44596"}],"wp:term":[{"taxonomy":"product_brand","embeddable":true,"href":"https:\/\/searchandrescuetr.com\/index.php?rest_route=%2Fwp%2Fv2%2Fproduct_brand&post=44596"},{"taxonomy":"product_cat","embeddable":true,"href":"https:\/\/searchandrescuetr.com\/index.php?rest_route=%2Fwp%2Fv2%2Fproduct_cat&post=44596"},{"taxonomy":"product_tag","embeddable":true,"href":"https:\/\/searchandrescuetr.com\/index.php?rest_route=%2Fwp%2Fv2%2Fproduct_tag&post=44596"}],"curies":[{"name":"wp","href":"https:\/\/api.w.org\/{rel}","templated":true}]}}