{"id":44599,"date":"2023-01-10T17:14:27","date_gmt":"2023-01-10T14:14:27","guid":{"rendered":"http:\/\/searchandrescuetr.com\/?post_type=product&#038;p=44599"},"modified":"2023-01-10T17:14:28","modified_gmt":"2023-01-10T14:14:28","slug":"dd-3-152-3-vitesli-karot-makinasi","status":"publish","type":"product","link":"https:\/\/searchandrescuetr.com\/?product=dd-3-152-3-vitesli-karot-makinasi","title":{"rendered":"DD 3-152 3 V\u0130TESL\u0130 KAROT MAK\u0130NASI"},"content":{"rendered":"","protected":false},"excerpt":{"rendered":"<div class=\"row\">\n<div id=\"productDetailTab\" class=\"col col-12 mb\">\n<div class=\"row mb\">\n<ul>\n<li>1900W g\u00fc\u00e7l\u00fc motor<\/li>\n<li>K\u00fc\u00e7\u00fck ve b\u00fcy\u00fck karot u\u00e7lar\u0131nda optimum h\u0131z aral\u0131\u011f\u0131<\/li>\n<li>Kademesiz h\u0131z kontrolu ile yumu\u015fak ba\u015flang\u0131\u00e7<\/li>\n<li>LED g\u00f6sterge &#8211; Motor s\u0131cakl\u0131k koruma termi\u011fi<\/li>\n<li>G\u00fcvenlik debriyaj\u0131<\/li>\n<li>Minimum titre\u015fim ve g\u00fcvenli kullan\u0131m i\u00e7in h\u0131zl\u0131 , motor sabitleme ba\u011flant\u0131s\u0131<\/li>\n<li>Daha iyi a\u011f\u0131rl\u0131k dengesi i\u00e7in L tip tutma kolu<\/li>\n<li>3 vitesli \u015fanz\u0131man<\/li>\n<li>5m kablo<\/li>\n<li>32mm ve 41mm anahtar ile birlikte verilir<\/li>\n<\/ul>\n<\/div>\n<\/div>\n<\/div>\n","protected":false},"featured_media":44600,"template":"","meta":[],"product_brand":[],"product_cat":[1058],"product_tag":[],"class_list":{"0":"post-44599","1":"product","2":"type-product","3":"status-publish","4":"has-post-thumbnail","6":"product_cat-kirici-delici-makineler","8":"first","9":"instock","10":"taxable","11":"shipping-taxable","12":"product-type-simple"},"_links":{"self":[{"href":"https:\/\/searchandrescuetr.com\/index.php?rest_route=\/wp\/v2\/product\/44599","targetHints":{"allow":["GET"]}}],"collection":[{"href":"https:\/\/searchandrescuetr.com\/index.php?rest_route=\/wp\/v2\/product"}],"about":[{"href":"https:\/\/searchandrescuetr.com\/index.php?rest_route=\/wp\/v2\/types\/product"}],"wp:featuredmedia":[{"embeddable":true,"href":"https:\/\/searchandrescuetr.com\/index.php?rest_route=\/wp\/v2\/media\/44600"}],"wp:attachment":[{"href":"https:\/\/searchandrescuetr.com\/index.php?rest_route=%2Fwp%2Fv2%2Fmedia&parent=44599"}],"wp:term":[{"taxonomy":"product_brand","embeddable":true,"href":"https:\/\/searchandrescuetr.com\/index.php?rest_route=%2Fwp%2Fv2%2Fproduct_brand&post=44599"},{"taxonomy":"product_cat","embeddable":true,"href":"https:\/\/searchandrescuetr.com\/index.php?rest_route=%2Fwp%2Fv2%2Fproduct_cat&post=44599"},{"taxonomy":"product_tag","embeddable":true,"href":"https:\/\/searchandrescuetr.com\/index.php?rest_route=%2Fwp%2Fv2%2Fproduct_tag&post=44599"}],"curies":[{"name":"wp","href":"https:\/\/api.w.org\/{rel}","templated":true}]}}