{"id":44601,"date":"2023-01-10T17:17:44","date_gmt":"2023-01-10T14:17:44","guid":{"rendered":"http:\/\/searchandrescuetr.com\/?post_type=product&#038;p=44601"},"modified":"2023-01-10T17:17:45","modified_gmt":"2023-01-10T14:17:45","slug":"k2628h-kirici-64-j","status":"publish","type":"product","link":"https:\/\/searchandrescuetr.com\/?product=k2628h-kirici-64-j","title":{"rendered":"K2628H KIRICI 64 J"},"content":{"rendered":"","protected":false},"excerpt":{"rendered":"<p>&nbsp;<\/p>\n<div class=\"row\">\n<div id=\"productDetailTab\" class=\"col col-12 mb\">\n<div class=\"row mb\">\n<ul>\n<li>A\u011f\u0131r Hizmet k\u0131r\u0131c\u0131, 64 darbe Joule darbe enerjisi sa\u011flar ve zorlu y\u0131k\u0131m uygulamalar\u0131 i\u00e7in ideal<\/li>\n<li>Titre\u015fim \u00f6nleme teknolojileri, kullan\u0131c\u0131n\u0131n tehlikeli maruziyet seviyelerine ula\u015fmadan g\u00fcn boyu \u00e7al\u0131\u015fma imkan\u0131.<\/li>\n<li>\u0130lave \u00fc\u00e7\u00fcnc\u00fc tutamak, kald\u0131r\u0131rken maksimum kontrol sa\u011flar.<\/li>\n<li>1200 BPM, t\u00fcm uygulamalarda maksimum verimlilik sa\u011flar<\/li>\n<li>K\u00f6m\u00fcrs\u00fcz motor, servisler aras\u0131nda maksimum \u00e7al\u0131\u015fma s\u00fcresi sa\u011flar<\/li>\n<li>10 m kablo 314 m\u00b2\u2018ye kadar \u00e7al\u0131\u015fma alan\u0131 sa\u011flar<\/li>\n<li>28 mm Hex u\u00e7 giri\u015fi.<\/li>\n<li>4 keski yeri ve kablosu ask\u0131s\u0131 ile ayr\u0131 olarak temin edilebilen ta\u015f\u0131ma arabas\u0131<\/li>\n<\/ul>\n<\/div>\n<\/div>\n<\/div>\n","protected":false},"featured_media":44602,"template":"","meta":[],"product_brand":[],"product_cat":[1058],"product_tag":[],"class_list":{"0":"post-44601","1":"product","2":"type-product","3":"status-publish","4":"has-post-thumbnail","6":"product_cat-kirici-delici-makineler","8":"first","9":"instock","10":"taxable","11":"shipping-taxable","12":"product-type-simple"},"_links":{"self":[{"href":"https:\/\/searchandrescuetr.com\/index.php?rest_route=\/wp\/v2\/product\/44601","targetHints":{"allow":["GET"]}}],"collection":[{"href":"https:\/\/searchandrescuetr.com\/index.php?rest_route=\/wp\/v2\/product"}],"about":[{"href":"https:\/\/searchandrescuetr.com\/index.php?rest_route=\/wp\/v2\/types\/product"}],"wp:featuredmedia":[{"embeddable":true,"href":"https:\/\/searchandrescuetr.com\/index.php?rest_route=\/wp\/v2\/media\/44602"}],"wp:attachment":[{"href":"https:\/\/searchandrescuetr.com\/index.php?rest_route=%2Fwp%2Fv2%2Fmedia&parent=44601"}],"wp:term":[{"taxonomy":"product_brand","embeddable":true,"href":"https:\/\/searchandrescuetr.com\/index.php?rest_route=%2Fwp%2Fv2%2Fproduct_brand&post=44601"},{"taxonomy":"product_cat","embeddable":true,"href":"https:\/\/searchandrescuetr.com\/index.php?rest_route=%2Fwp%2Fv2%2Fproduct_cat&post=44601"},{"taxonomy":"product_tag","embeddable":true,"href":"https:\/\/searchandrescuetr.com\/index.php?rest_route=%2Fwp%2Fv2%2Fproduct_tag&post=44601"}],"curies":[{"name":"wp","href":"https:\/\/api.w.org\/{rel}","templated":true}]}}